{"id":2373,"date":"2024-07-15T21:27:54","date_gmt":"2024-07-15T21:27:54","guid":{"rendered":"https:\/\/dima.mmd-stuttgart.de\/disenador-de-inicio-de-sesion-divi\/"},"modified":"2025-07-10T10:46:54","modified_gmt":"2025-07-10T10:46:54","slug":"disenador-de-inicio-de-sesion-divi","status":"publish","type":"page","link":"https:\/\/www.dima-maschinen.de\/es\/disenador-de-inicio-de-sesion-divi\/","title":{"rendered":"Dise\u00f1ador de inicio de sesi\u00f3n Divi"},"content":{"rendered":"<p>Esta p\u00e1gina se utiliza para la extensi\u00f3n Divi Login Designer. No ser\u00e1 visible para tus lectores. No la elimines.  <\/p>\n","protected":false},"excerpt":{"rendered":"<p>Esta p\u00e1gina se utiliza para la extensi\u00f3n Divi Login Designer. No ser\u00e1 visible para tus lectores. No la elimines.<\/p>\n","protected":false},"author":1,"featured_media":0,"parent":0,"menu_order":0,"comment_status":"closed","ping_status":"closed","template":"","meta":{"_et_pb_use_builder":"","_et_pb_old_content":"","_et_gb_content_width":"","iawp_total_views":0,"footnotes":""},"dipi_cpt_category":[],"class_list":["post-2373","page","type-page","status-publish","hentry"],"_links":{"self":[{"href":"https:\/\/www.dima-maschinen.de\/es\/wp-json\/wp\/v2\/pages\/2373","targetHints":{"allow":["GET"]}}],"collection":[{"href":"https:\/\/www.dima-maschinen.de\/es\/wp-json\/wp\/v2\/pages"}],"about":[{"href":"https:\/\/www.dima-maschinen.de\/es\/wp-json\/wp\/v2\/types\/page"}],"author":[{"embeddable":true,"href":"https:\/\/www.dima-maschinen.de\/es\/wp-json\/wp\/v2\/users\/1"}],"replies":[{"embeddable":true,"href":"https:\/\/www.dima-maschinen.de\/es\/wp-json\/wp\/v2\/comments?post=2373"}],"version-history":[{"count":0,"href":"https:\/\/www.dima-maschinen.de\/es\/wp-json\/wp\/v2\/pages\/2373\/revisions"}],"wp:attachment":[{"href":"https:\/\/www.dima-maschinen.de\/es\/wp-json\/wp\/v2\/media?parent=2373"}],"wp:term":[{"taxonomy":"dipi_cpt_category","embeddable":true,"href":"https:\/\/www.dima-maschinen.de\/es\/wp-json\/wp\/v2\/dipi_cpt_category?post=2373"}],"curies":[{"name":"wp","href":"https:\/\/api.w.org\/{rel}","templated":true}]}}