{"id":2386,"date":"2024-11-18T19:38:49","date_gmt":"2024-11-18T19:38:49","guid":{"rendered":"https:\/\/dima.mmd-stuttgart.de\/laminadoras-industriales\/"},"modified":"2025-07-23T08:11:21","modified_gmt":"2025-07-23T08:11:21","slug":"laminadoras-industriales","status":"publish","type":"page","link":"https:\/\/www.dima-maschinen.de\/es\/laminadoras-industriales\/","title":{"rendered":"Laminadoras industriales"},"content":{"rendered":"<p>[et_pb_section fb_built=\u00bb1&#8243; _builder_version=\u00bb4.27.4&#8243; _module_preset=\u00bbe472f32e-9414-40e4-a61f-85146d71386c\u00bb background_image=\u00bbhttps:\/\/www.dima-maschinen.de\/wp-content\/uploads\/2025\/01\/k_130_130_dima_blechwalze_.jpg\u00bb global_colors_info=\u00bb{}\u00bb][et_pb_row _builder_version=\u00bb4.27.3&#8243; _module_preset=\u00bb734c3b74-5aae-4519-a5a6-edc13e501b9e\u00bb background_enable_color=\u00bboff\u00bb width=\u00bb90%\u00bb global_colors_info=\u00bb{}\u00bb][et_pb_column type=\u00bb4_4&#8243; _builder_version=\u00bb4.19.2&#8243; background_enable_color=\u00bboff\u00bb custom_padding=\u00bb2%|2%|2%|2%|true|true\u00bb global_colors_info=\u00bb{}\u00bb custom_padding__hover=\u00bb|||\u00bb][et_pb_text _builder_version=\u00bb4.27.3&#8243; _module_preset=\u00bb52fada98-7c13-4f2e-85e6-3ca095ac2173&#8243; global_colors_info=\u00bb{}\u00bb]<\/p>\n<h1>Laminadoras industriales<\/h1>\n<p>Nuestro programa de suministro para aplicaciones industriales incluye rodillos individuales, componentes y sistemas completos de varios tama\u00f1os. Seg\u00fan las necesidades, ofrecemos accesorios para nuestros rodillos, como desenrolladores y enrolladores, medidores de espesor de banda y niveladores. El programa de laminadoras incluye laminadoras con anchuras de rodillo de 160 mm a 500 mm, como laminadoras d\u00fao o cuarto. Nuestros laminadores industriales son utilizados por casas de la moneda estatales y privadas, la industria joyera, fabricantes de oro dental, fabricantes de productos semiacabados de todos los metales laminables, institutos de investigaci\u00f3n, escuelas superiores y universidades. Las capacidades de accionamiento de los distintos sistemas dependen del uso previsto por nuestros clientes.Este texto ofrece una visi\u00f3n de la disposici\u00f3n y el formato del texto.<\/p>\n<p>[\/et_pb_text][\/et_pb_column][\/et_pb_row][et_pb_row _builder_version=\u00bb4.27.3&#8243; _module_preset=\u00bb1c0fadb9-b7a1-4fc3-bda2-01acb54e7fba\u00bb global_module=\u00bb1844&#8243; global_colors_info=\u00bb{}\u00bb][et_pb_column type=\u00bb4_4&#8243; _builder_version=\u00bb4.27.3&#8243; _module_preset=\u00bbdefault\u00bb global_colors_info=\u00bb{}\u00bb][et_pb_text _builder_version=\u00bb4.27.3&#8243; _module_preset=\u00bbe2b902a9-e44e-4164-8526-6f3a5e5ae0d4&#8243; global_colors_info=\u00bb{}\u00bb]<\/p>\n<h2>Selecciona el tipo de rodillo deseado.<\/h2>\n<p>[\/et_pb_text][dipi_button_grid _builder_version=\u00bb4.27.4&#8243; _module_preset=\u00bb2ad19322-c409-4ac8-ae98-d7fdd7f28830&#8243; link_option_url=\u00bb\/#\u00bb global_colors_info=\u00bb{}\u00bb][dipi_button_grid_child button_id=\u00bbDuo Walzmaschinen\u00bb button_type=\u00bbdp_button\u00bb button_text=\u00bbLaminadora doble\u00bb button_link=\u00bbhttps:\/\/www.dima-maschinen.de\/es\/produkt-kategorie\/rodillos-industriales\/laminadora-doble\/\u00bb _builder_version=\u00bb4.27.4&#8243; _module_preset=\u00bbdefault\u00bb background_color=\u00bb#FFFFFF\u00bb background_enable_color=\u00bbon\u00bb custom_button=\u00bbon\u00bb button_use_icon=\u00bboff\u00bb global_colors_info=\u00bb{}\u00bb][\/dipi_button_grid_child][dipi_button_grid_child button_id=\u00bbDuo Walzmaschinen\u00bb button_text=\u00bbLaminadoras dobles\u00bb button_link=\u00bbhttps:\/\/www.dima-maschinen.de\/es\/produkt-kategorie\/rodillos-industriales\/laminadoras-dobles\/\u00bb _builder_version=\u00bb4.27.4&#8243; _module_preset=\u00bbdefault\u00bb background_color=\u00bb#FFFFFF\u00bb background_enable_color=\u00bbon\u00bb custom_button=\u00bbon\u00bb button_use_icon=\u00bboff\u00bb global_colors_info=\u00bb{}\u00bb][\/dipi_button_grid_child][dipi_button_grid_child button_id=\u00bbQuarto Walzmaschinen\u00bb button_text=\u00bbLaminadoras de cuarto\u00bb button_link=\u00bbhttps:\/\/www.dima-maschinen.de\/es\/produkt-kategorie\/rodillos-industriales\/laminadoras-de-cuarto\/\u00bb _builder_version=\u00bb4.27.3&#8243; _module_preset=\u00bbdefault\u00bb background_color=\u00bb#FFFFFF\u00bb background_enable_color=\u00bbon\u00bb custom_button=\u00bbon\u00bb button_use_icon=\u00bboff\u00bb global_colors_info=\u00bb{}\u00bb][\/dipi_button_grid_child][\/dipi_button_grid][\/et_pb_column][\/et_pb_row][\/et_pb_section][et_pb_section fb_built=\u00bb1&#8243; _builder_version=\u00bb4.27.3&#8243; _module_preset=\u00bbdefault\u00bb background_color=\u00bb#F7F7F7&#8243; global_colors_info=\u00bb{}\u00bb][et_pb_row _builder_version=\u00bb4.27.3&#8243; _module_preset=\u00bbdefault\u00bb global_colors_info=\u00bb{}\u00bb][et_pb_column type=\u00bb4_4&#8243; _builder_version=\u00bb4.27.3&#8243; _module_preset=\u00bbdefault\u00bb global_colors_info=\u00bb{}\u00bb][dipl_woo_products products_order_by=\u00bbmenu_order\u00bb products_order=\u00bbASC\u00bb include_categories=\u00bb29,31,30&#8243; quickview_link_text=\u00bbVer r\u00e1pida\u00bb show_add_to_cart=\u00bbon\u00bb add_to_cart_bg_color=\u00bb#FFFFFF\u00bb add_to_cart_icon=\u00bb&#xe060;||divi||400&#8243; add_to_cart_on_hover=\u00bboff\u00bb _builder_version=\u00bb4.27.4&#8243; _module_preset=\u00bb8db69e19-d473-42b8-91c2-05b0343d2016&#8243; hover_enabled=\u00bb0&#8243; global_colors_info=\u00bb{}\u00bb sticky_enabled=\u00bb0&#8243;][\/dipl_woo_products][\/et_pb_column][\/et_pb_row][\/et_pb_section][et_pb_section fb_built=\u00bb1&#8243; _builder_version=\u00bb4.27.4&#8243; _module_preset=\u00bbdefault\u00bb background_color=\u00bb#F7F7F7&#8243; custom_margin=\u00bb0px||0px||true|false\u00bb custom_padding=\u00bb0px||||false|false\u00bb global_colors_info=\u00bb{}\u00bb][et_pb_row _builder_version=\u00bb4.27.3&#8243; _module_preset=\u00bbdefault\u00bb global_colors_info=\u00bb{}\u00bb][et_pb_column type=\u00bb4_4&#8243; _builder_version=\u00bb4.27.3&#8243; _module_preset=\u00bbdefault\u00bb global_colors_info=\u00bb{}\u00bb][dipl_woo_products_carousel include_categories=\u00bb29&#8243; enable_quickview=\u00bbon\u00bb quickview_link_text=\u00bbVer r\u00e1pida\u00bb show_add_to_cart=\u00bboff\u00bb products_per_slide=\u00bb4&#8243; products_per_slide_tablet=\u00bb2&#8243; products_per_slide_phone=\u00bb1&#8243; _builder_version=\u00bb4.27.4&#8243; _module_preset=\u00bb9c19b702-5913-44ba-8d56-4e09b0672f92&#8243; hover_enabled=\u00bb0&#8243; global_colors_info=\u00bb{}\u00bb sticky_enabled=\u00bb0&#8243;][\/dipl_woo_products_carousel][\/et_pb_column][\/et_pb_row][\/et_pb_section][et_pb_section fb_built=\u00bb1&#8243; admin_label=\u00bbGallery\u00bb _builder_version=\u00bb4.27.3&#8243; _module_preset=\u00bbdefault\u00bb global_module=\u00bb1863&#8243; locked=\u00bboff\u00bb collapsed=\u00bbon\u00bb global_colors_info=\u00bb{}\u00bb][et_pb_row column_structure=\u00bb1_3,1_3,1_3&#8243; _builder_version=\u00bb4.27.4&#8243; _module_preset=\u00bbdefault\u00bb global_colors_info=\u00bb{}\u00bb][et_pb_column type=\u00bb1_3&#8243; _builder_version=\u00bb4.27.4&#8243; _module_preset=\u00bbdefault\u00bb global_colors_info=\u00bb{}\u00bb][et_pb_text quote_border_color=\u00bb#57cc99&#8243; _builder_version=\u00bb4.27.4&#8243; _module_preset=\u00bb65e3c80d-e665-4f45-92aa-be2142e6d996&#8243; link_font=\u00bb|Proza Libre_weight|||||||\u00bb link_text_color=\u00bb#22577a\u00bb quote_font=\u00bbCormorant Garamond|Cormorant Garamond_weight|||||||\u00bb quote_text_color=\u00bb#111111&#8243; header_text_color=\u00bb#111111&#8243; header_2_text_color=\u00bb#111111&#8243; header_3_text_color=\u00bb#111111&#8243; header_4_text_color=\u00bb#111111&#8243; header_5_text_color=\u00bb#111111&#8243; header_6_text_color=\u00bb#111111&#8243; min_height=\u00bb295px\u00bb min_height_tablet=\u00bb294px\u00bb min_height_phone=\u00bb294px\u00bb min_height_last_edited=\u00bbon|desktop\u00bb custom_margin=\u00bb||30px||false|false\u00bb locked=\u00bboff\u00bb global_colors_info=\u00bb{}\u00bb]<\/p>\n<h2>Nuestras laminadoras (Tren de laminaci\u00f3n)<\/h2>\n<p>Descubre nuestras laminadoras de alta calidad en acci\u00f3n. Esta galer\u00eda muestra el rendimiento y la precisi\u00f3n de nuestros productos, valorados en la industria metal\u00fargica desde hace d\u00e9cadas. <\/p>\n<p>[\/et_pb_text][et_pb_image src=\u00bbhttps:\/\/www.dima-maschinen.de\/wp-content\/uploads\/2024\/11\/dima_k_300_300.jpg\u00bb alt=\u00bbLaminadora industrial K300\/300&#8243; title_text=\u00bbLaminadora industrial K300\/300&#8243; show_in_lightbox=\u00bbon\u00bb use_overlay=\u00bbon\u00bb overlay_icon_color=\u00bb#57cc99&#8243; _builder_version=\u00bb4.27.4&#8243; _module_preset=\u00bbb2573321-90ae-402b-9cd2-f46f08e70065&#8243; locked=\u00bboff\u00bb global_colors_info=\u00bb{%22#57cc99%22:%91%22overlay_icon_color%22%93}\u00bb][\/et_pb_image][\/et_pb_column][et_pb_column type=\u00bb1_3&#8243; _builder_version=\u00bb4.17.4&#8243; _module_preset=\u00bbdefault\u00bb global_colors_info=\u00bb{}\u00bb][et_pb_image src=\u00bbhttps:\/\/www.dima-maschinen.de\/wp-content\/uploads\/2025\/01\/k-130-130-2-dima-blechwalze-4-3.jpg\u00bb alt=\u00bbServo K130\/130&#8243; title_text=\u00bbServo K130\/130&#8243; show_in_lightbox=\u00bbon\u00bb use_overlay=\u00bbon\u00bb overlay_icon_color=\u00bb#57cc99&#8243; _builder_version=\u00bb4.27.4&#8243; _module_preset=\u00bbb2573321-90ae-402b-9cd2-f46f08e70065&#8243; locked=\u00bboff\u00bb global_colors_info=\u00bb{%22#57cc99%22:%91%22overlay_icon_color%22%93}\u00bb][\/et_pb_image][et_pb_image src=\u00bbhttps:\/\/www.dima-maschinen.de\/wp-content\/uploads\/2025\/01\/d-64-e-drahtwalze_12-126.jpg\u00bb alt=\u00bbD 64 E Laminadora el\u00e9ctrica de alambre\u00bb title_text=\u00bbD 64 E Laminadora el\u00e9ctrica de alambre\u00bb show_in_lightbox=\u00bbon\u00bb use_overlay=\u00bbon\u00bb overlay_icon_color=\u00bb#57cc99&#8243; _builder_version=\u00bb4.27.4&#8243; _module_preset=\u00bbb2573321-90ae-402b-9cd2-f46f08e70065&#8243; locked=\u00bboff\u00bb global_colors_info=\u00bb{%22#57cc99%22:%91%22overlay_icon_color%22%93}\u00bb][\/et_pb_image][\/et_pb_column][et_pb_column type=\u00bb1_3&#8243; _builder_version=\u00bb4.17.4&#8243; _module_preset=\u00bbdefault\u00bb global_colors_info=\u00bb{}\u00bb][et_pb_image src=\u00bbhttps:\/\/www.dima-maschinen.de\/wp-content\/uploads\/2025\/01\/k-200-200_4_3.jpg\u00bb alt=\u00bbLaminadora industrial K200\/200&#8243; title_text=\u00bbLaminadora industrial K200\/200&#8243; show_in_lightbox=\u00bbon\u00bb use_overlay=\u00bbon\u00bb overlay_icon_color=\u00bb#57cc99&#8243; _builder_version=\u00bb4.27.4&#8243; _module_preset=\u00bbb2573321-90ae-402b-9cd2-f46f08e70065&#8243; locked=\u00bboff\u00bb global_colors_info=\u00bb{%22#57cc99%22:%91%22overlay_icon_color%22%93}\u00bb][\/et_pb_image][et_pb_image src=\u00bbhttps:\/\/www.dima-maschinen.de\/wp-content\/uploads\/2024\/11\/k_120_160_04_blechwalze_sheet_rolling_mill.jpg\u00bb alt=\u00bbK 120\/160 Laminadora de hojas\u00bb title_text=\u00bbK 120\/160 Laminadora de hojas\u00bb show_in_lightbox=\u00bbon\u00bb use_overlay=\u00bbon\u00bb overlay_icon_color=\u00bb#57cc99&#8243; _builder_version=\u00bb4.27.4&#8243; _module_preset=\u00bbb2573321-90ae-402b-9cd2-f46f08e70065&#8243; locked=\u00bboff\u00bb global_colors_info=\u00bb{%22#57cc99%22:%91%22overlay_icon_color%22%93}\u00bb][\/et_pb_image][\/et_pb_column][\/et_pb_row][\/et_pb_section]<\/p>\n","protected":false},"excerpt":{"rendered":"<p>Laminadoras industriales Nuestro programa de suministro para aplicaciones industriales incluye rodillos individuales, componentes y sistemas completos de varios tama\u00f1os. Seg\u00fan las necesidades, ofrecemos accesorios para nuestros rodillos, como desenrolladores y enrolladores, medidores de espesor de banda y niveladores. El programa de laminadoras incluye laminadoras con anchuras de rodillo de 160 mm a 500 mm, como [&hellip;]<\/p>\n","protected":false},"author":1,"featured_media":0,"parent":0,"menu_order":0,"comment_status":"closed","ping_status":"closed","template":"","meta":{"_et_pb_use_builder":"on","_et_pb_old_content":"","_et_gb_content_width":"","iawp_total_views":2,"footnotes":""},"dipi_cpt_category":[],"class_list":["post-2386","page","type-page","status-publish","hentry"],"_links":{"self":[{"href":"https:\/\/www.dima-maschinen.de\/es\/wp-json\/wp\/v2\/pages\/2386","targetHints":{"allow":["GET"]}}],"collection":[{"href":"https:\/\/www.dima-maschinen.de\/es\/wp-json\/wp\/v2\/pages"}],"about":[{"href":"https:\/\/www.dima-maschinen.de\/es\/wp-json\/wp\/v2\/types\/page"}],"author":[{"embeddable":true,"href":"https:\/\/www.dima-maschinen.de\/es\/wp-json\/wp\/v2\/users\/1"}],"replies":[{"embeddable":true,"href":"https:\/\/www.dima-maschinen.de\/es\/wp-json\/wp\/v2\/comments?post=2386"}],"version-history":[{"count":0,"href":"https:\/\/www.dima-maschinen.de\/es\/wp-json\/wp\/v2\/pages\/2386\/revisions"}],"wp:attachment":[{"href":"https:\/\/www.dima-maschinen.de\/es\/wp-json\/wp\/v2\/media?parent=2386"}],"wp:term":[{"taxonomy":"dipi_cpt_category","embeddable":true,"href":"https:\/\/www.dima-maschinen.de\/es\/wp-json\/wp\/v2\/dipi_cpt_category?post=2386"}],"curies":[{"name":"wp","href":"https:\/\/api.w.org\/{rel}","templated":true}]}}