{"id":2411,"date":"2022-11-30T12:51:15","date_gmt":"2022-11-30T12:51:15","guid":{"rendered":"https:\/\/dima.mmd-stuttgart.de\/dima\/"},"modified":"2025-07-10T10:47:01","modified_gmt":"2025-07-10T10:47:01","slug":"dima","status":"publish","type":"page","link":"https:\/\/www.dima-maschinen.de\/es\/","title":{"rendered":"DIMA"},"content":{"rendered":"<p>[et_pb_section fb_built=\u00bb1&#8243; _builder_version=\u00bb4.27.4&#8243; use_background_color_gradient=\u00bbon\u00bb background_color_gradient_stops=\u00bb#000000 0%|rgba(255,255,255,0) 98%\u00bb background_color_gradient_overlays_image=\u00bbon\u00bb background_image=\u00bbhttps:\/\/www.dima-maschinen.de\/wp-content\/uploads\/2025\/01\/k_300_300_103_dima_blechwalze.jpg\u00bb parallax=\u00bbon\u00bb custom_padding=\u00bb6%||4%||false|false\u00bb global_colors_info=\u00bb{}\u00bb][et_pb_row _builder_version=\u00bb4.27.3&#8243; _module_preset=\u00bbdefault\u00bb background_enable_color=\u00bboff\u00bb custom_margin=\u00bb||0%||false|false\u00bb custom_padding=\u00bb0px||0px||false|false\u00bb global_colors_info=\u00bb{}\u00bb][et_pb_column type=\u00bb4_4&#8243; _builder_version=\u00bb4.19.2&#8243; background_enable_color=\u00bboff\u00bb custom_padding=\u00bb2%|2%|2%|2%|true|true\u00bb global_colors_info=\u00bb{}\u00bb custom_padding__hover=\u00bb|||\u00bb][et_pb_text _builder_version=\u00bb4.27.4&#8243; _module_preset=\u00bb52fada98-7c13-4f2e-85e6-3ca095ac2173&#8243; global_colors_info=\u00bb{}\u00bb]<\/p>\n<h1>Dima Maschinen - Tu especialista en rodillos industriales y laminadoras industriales<\/h1>\n<p>Dima Maschinen - Handelsgesellschaft mbH, que surgi\u00f3 de la empresa de larga tradici\u00f3n Dinkel Maschinenbau, lleva m\u00e1s de seis d\u00e9cadas suministrando a numerosos clientes satisfechos de todos los \u00e1mbitos de la industria metal\u00fargica. Como fabricante y proveedor especializado de laminadoras de precisi\u00f3n de alta calidad, nuestros productos impresionan por su calidad y durabilidad. Nos tomamos<strong>\u00abMade in Germany<\/strong>\u00bb al pie de la letra y nos centramos en los m\u00e1s altos est\u00e1ndares de producci\u00f3n.  <\/p>\n<p>[\/et_pb_text][\/et_pb_column][\/et_pb_row][et_pb_row column_structure=\u00bb1_2,1_2&#8243; custom_padding_last_edited=\u00bbon|phone\u00bb _builder_version=\u00bb4.27.4&#8243; _module_preset=\u00bbdefault\u00bb max_width=\u00bb1080px\u00bb custom_padding_tablet=\u00bb0px||0px||true|false\u00bb custom_padding_phone=\u00bb0px||0px||true|false\u00bb global_colors_info=\u00bb{}\u00bb][et_pb_column type=\u00bb1_2&#8243; _builder_version=\u00bb4.27.3&#8243; _module_preset=\u00bbdefault\u00bb background_color=\u00bb#F7F7F7&#8243; custom_padding=\u00bb0.5%|0.5%|0.5%|0.5%|true|true\u00bb border_radii=\u00bbon|5px|5px|5px|5px\u00bb global_colors_info=\u00bb{}\u00bb custom_css_main_element_last_edited=\u00bbon|phone\u00bb custom_css_main_element_tablet=\u00bbwidth: 100% !important;\u00bb custom_css_main_element_phone=\u00bbwidth: 100% !important;\u00bb][et_pb_cta button_url=\u00bbhttps:\/\/www.dima-maschinen.de\/es\/?page_id=2378&#8243; button_text=\u00bbRodillos orfebres\u00bb admin_label=\u00bbAlquiler de autocaravanas\u00bb _builder_version=\u00bb4.27.4&#8243; _module_preset=\u00bb3dc63696-c6fd-4064-924f-39744272fc52&#8243; background_image=\u00bbhttps:\/\/www.dima-maschinen.de\/wp-content\/uploads\/2024\/11\/dima_walzen.jpg\u00bb button_text_color=\u00bb#b8860b\u00bb global_colors_info=\u00bb{}\u00bb][\/et_pb_cta][\/et_pb_column][et_pb_column type=\u00bb1_2&#8243; _builder_version=\u00bb4.27.3&#8243; _module_preset=\u00bbdefault\u00bb background_color=\u00bb#F7F7F7&#8243; custom_padding=\u00bb0.5%|0.5%|0.5%|0.5%|true|true\u00bb border_radii=\u00bbon|5px|5px|5px|5px\u00bb global_colors_info=\u00bb{}\u00bb custom_css_main_element_last_edited=\u00bbon|phone\u00bb custom_css_main_element_tablet=\u00bbwidth: 100% !important;\u00bb custom_css_main_element_phone=\u00bbwidth: 100% !important;\u00bb][et_pb_cta button_url=\u00bbhttps:\/\/www.dima-maschinen.de\/industriewalzmaschinen\/\u00bb button_text=\u00bbRodillos industriales\u00bb admin_label=\u00bbAlquiler de autocaravanas\u00bb _builder_version=\u00bb4.27.4&#8243; _module_preset=\u00bb3dc63696-c6fd-4064-924f-39744272fc52&#8243; background_image=\u00bbhttps:\/\/www.dima-maschinen.de\/wp-content\/uploads\/2025\/01\/k_300_300_103_dima_blechwalze.jpg\u00bb custom_margin_tablet=\u00bb|0px|10px|0px|false|false\u00bb global_colors_info=\u00bb{}\u00bb button_custom_padding__hover_enabled=\u00bboff|hover\u00bb button_bg_enable_color__hover=\u00bbon\u00bb custom_css_main_element__hover_enabled=\u00bboff|hover\u00bb transform_styles__hover_enabled=\u00bboff|desktop\u00bb transform_scale__hover=\u00bb102%|102%\u00bb transform_scale__hover_enabled=\u00bboff|desktop\u00bb transform_translate__hover_enabled=\u00bboff|desktop\u00bb transform_rotate__hover_enabled=\u00bboff|desktop\u00bb transform_skew__hover_enabled=\u00bboff|desktop\u00bb transform_origin__hover_enabled=\u00bboff|desktop\u00bb][\/et_pb_cta][\/et_pb_column][\/et_pb_row][\/et_pb_section][et_pb_section fb_built=\u00bb1&#8243; _builder_version=\u00bb4.27.4&#8243; _module_preset=\u00bbdefault\u00bb background_color=\u00bb#F7F7F7&#8243; custom_margin=\u00bb0px||0px||true|false\u00bb custom_padding=\u00bb0px||0px||true|false\u00bb global_colors_info=\u00bb{}\u00bb][et_pb_row column_structure=\u00bb1_3,1_3,1_3&#8243; _builder_version=\u00bb4.27.4&#8243; _module_preset=\u00bbdefault\u00bb custom_margin=\u00bb0%||0px||false|false\u00bb custom_padding=\u00bb2%||2%||true|false\u00bb global_colors_info=\u00bb{}\u00bb][et_pb_column type=\u00bb1_3&#8243; _builder_version=\u00bb4.26.1&#8243; _module_preset=\u00bbdefault\u00bb global_colors_info=\u00bb{}\u00bb][et_pb_number_counter number=\u00bb1947&#8243; _builder_version=\u00bb4.27.4&#8243; _module_preset=\u00bb8000858b-acd0-499e-82eb-8859589883da\u00bb title_line_height=\u00bb1.2em\u00bb global_colors_info=\u00bb{}\u00bb][\/et_pb_number_counter][et_pb_text _builder_version=\u00bb4.27.4&#8243; _module_preset=\u00bb8753bab5-67c1-457e-b0a8-468e73c36864&#8243; global_colors_info=\u00bb{}\u00bb]<\/p>\n<p>establecido<\/p>\n<p>[\/et_pb_text][\/et_pb_column][et_pb_column type=\u00bb1_3&#8243; _builder_version=\u00bb4.26.1&#8243; _module_preset=\u00bbdefault\u00bb global_colors_info=\u00bb{}\u00bb][et_pb_number_counter number=\u00bb12.000+\u00bb _builder_version=\u00bb4.27.4&#8243; _module_preset=\u00bb8000858b-acd0-499e-82eb-8859589883da\u00bb global_colors_info=\u00bb{}\u00bb][\/et_pb_number_counter][et_pb_text _builder_version=\u00bb4.27.4&#8243; _module_preset=\u00bb8753bab5-67c1-457e-b0a8-468e73c36864&#8243; global_colors_info=\u00bb{}\u00bb]<\/p>\n<p>M\u00e1quinas<\/p>\n<p>[\/et_pb_text][\/et_pb_column][et_pb_column type=\u00bb1_3&#8243; _builder_version=\u00bb4.26.1&#8243; _module_preset=\u00bbdefault\u00bb global_colors_info=\u00bb{}\u00bb][et_pb_number_counter number=\u00bb12.000+\u00bb _builder_version=\u00bb4.27.4&#8243; _module_preset=\u00bb8000858b-acd0-499e-82eb-8859589883da\u00bb global_colors_info=\u00bb{}\u00bb][\/et_pb_number_counter][et_pb_text _builder_version=\u00bb4.27.4&#8243; _module_preset=\u00bb8753bab5-67c1-457e-b0a8-468e73c36864&#8243; global_colors_info=\u00bb{}\u00bb]<\/p>\n<p>clientes satisfechos<\/p>\n<p>[\/et_pb_text][\/et_pb_column][\/et_pb_row][\/et_pb_section][et_pb_section fb_built=\u00bb1&#8243; admin_label=\u00bbGallery\u00bb _builder_version=\u00bb4.27.3&#8243; _module_preset=\u00bbdefault\u00bb global_module=\u00bb1863&#8243; locked=\u00bboff\u00bb collapsed=\u00bbon\u00bb global_colors_info=\u00bb{}\u00bb][et_pb_row column_structure=\u00bb1_3,1_3,1_3&#8243; _builder_version=\u00bb4.27.4&#8243; _module_preset=\u00bbdefault\u00bb global_colors_info=\u00bb{}\u00bb][et_pb_column type=\u00bb1_3&#8243; _builder_version=\u00bb4.27.4&#8243; _module_preset=\u00bbdefault\u00bb global_colors_info=\u00bb{}\u00bb][et_pb_text quote_border_color=\u00bb#57cc99&#8243; _builder_version=\u00bb4.27.4&#8243; _module_preset=\u00bb65e3c80d-e665-4f45-92aa-be2142e6d996&#8243; link_font=\u00bb|Proza Libre_weight|||||||\u00bb link_text_color=\u00bb#22577a\u00bb quote_font=\u00bbCormorant Garamond|Cormorant Garamond_weight|||||||\u00bb quote_text_color=\u00bb#111111&#8243; header_text_color=\u00bb#111111&#8243; header_2_text_color=\u00bb#111111&#8243; header_3_text_color=\u00bb#111111&#8243; header_4_text_color=\u00bb#111111&#8243; header_5_text_color=\u00bb#111111&#8243; header_6_text_color=\u00bb#111111&#8243; min_height=\u00bb295px\u00bb min_height_tablet=\u00bb294px\u00bb min_height_phone=\u00bb294px\u00bb min_height_last_edited=\u00bbon|desktop\u00bb custom_margin=\u00bb||30px||false|false\u00bb locked=\u00bboff\u00bb global_colors_info=\u00bb{}\u00bb]<\/p>\n<h2>Nuestras laminadoras (Tren de laminaci\u00f3n)<\/h2>\n<p>Descubre nuestras laminadoras de alta calidad en acci\u00f3n. Esta galer\u00eda muestra el rendimiento y la precisi\u00f3n de nuestros productos, valorados en la industria metal\u00fargica desde hace d\u00e9cadas. <\/p>\n<p>[\/et_pb_text][et_pb_image src=\u00bbhttps:\/\/www.dima-maschinen.de\/wp-content\/uploads\/2024\/11\/dima_k_300_300.jpg\u00bb alt=\u00bbLaminadora industrial K300\/300&#8243; title_text=\u00bbLaminadora industrial K300\/300&#8243; show_in_lightbox=\u00bbon\u00bb use_overlay=\u00bbon\u00bb overlay_icon_color=\u00bb#57cc99&#8243; _builder_version=\u00bb4.27.4&#8243; _module_preset=\u00bbb2573321-90ae-402b-9cd2-f46f08e70065&#8243; locked=\u00bboff\u00bb global_colors_info=\u00bb{%22#57cc99%22:%91%22overlay_icon_color%22%93}\u00bb][\/et_pb_image][\/et_pb_column][et_pb_column type=\u00bb1_3&#8243; _builder_version=\u00bb4.17.4&#8243; _module_preset=\u00bbdefault\u00bb global_colors_info=\u00bb{}\u00bb][et_pb_image src=\u00bbhttps:\/\/www.dima-maschinen.de\/wp-content\/uploads\/2025\/01\/k-130-130-2-dima-blechwalze-4-3.jpg\u00bb alt=\u00bbServo K130\/130&#8243; title_text=\u00bbServo K130\/130&#8243; show_in_lightbox=\u00bbon\u00bb use_overlay=\u00bbon\u00bb overlay_icon_color=\u00bb#57cc99&#8243; _builder_version=\u00bb4.27.4&#8243; _module_preset=\u00bbb2573321-90ae-402b-9cd2-f46f08e70065&#8243; locked=\u00bboff\u00bb global_colors_info=\u00bb{%22#57cc99%22:%91%22overlay_icon_color%22%93}\u00bb][\/et_pb_image][et_pb_image src=\u00bbhttps:\/\/www.dima-maschinen.de\/wp-content\/uploads\/2025\/01\/d-64-e-drahtwalze_12-126.jpg\u00bb alt=\u00bbD 64 E Laminadora el\u00e9ctrica de alambre\u00bb title_text=\u00bbD 64 E Laminadora el\u00e9ctrica de alambre\u00bb show_in_lightbox=\u00bbon\u00bb use_overlay=\u00bbon\u00bb overlay_icon_color=\u00bb#57cc99&#8243; _builder_version=\u00bb4.27.4&#8243; _module_preset=\u00bbb2573321-90ae-402b-9cd2-f46f08e70065&#8243; locked=\u00bboff\u00bb global_colors_info=\u00bb{%22#57cc99%22:%91%22overlay_icon_color%22%93}\u00bb][\/et_pb_image][\/et_pb_column][et_pb_column type=\u00bb1_3&#8243; _builder_version=\u00bb4.17.4&#8243; _module_preset=\u00bbdefault\u00bb global_colors_info=\u00bb{}\u00bb][et_pb_image src=\u00bbhttps:\/\/www.dima-maschinen.de\/wp-content\/uploads\/2025\/01\/k-200-200_4_3.jpg\u00bb alt=\u00bbLaminadora industrial K200\/200&#8243; title_text=\u00bbLaminadora industrial K200\/200&#8243; show_in_lightbox=\u00bbon\u00bb use_overlay=\u00bbon\u00bb overlay_icon_color=\u00bb#57cc99&#8243; _builder_version=\u00bb4.27.4&#8243; _module_preset=\u00bbb2573321-90ae-402b-9cd2-f46f08e70065&#8243; locked=\u00bboff\u00bb global_colors_info=\u00bb{%22#57cc99%22:%91%22overlay_icon_color%22%93}\u00bb][\/et_pb_image][et_pb_image src=\u00bbhttps:\/\/www.dima-maschinen.de\/wp-content\/uploads\/2024\/11\/k_120_160_04_blechwalze_sheet_rolling_mill.jpg\u00bb alt=\u00bbK 120\/160 Laminadora de hojas\u00bb title_text=\u00bbK 120\/160 Laminadora de hojas\u00bb show_in_lightbox=\u00bbon\u00bb use_overlay=\u00bbon\u00bb overlay_icon_color=\u00bb#57cc99&#8243; _builder_version=\u00bb4.27.4&#8243; _module_preset=\u00bbb2573321-90ae-402b-9cd2-f46f08e70065&#8243; locked=\u00bboff\u00bb global_colors_info=\u00bb{%22#57cc99%22:%91%22overlay_icon_color%22%93}\u00bb][\/et_pb_image][\/et_pb_column][\/et_pb_row][\/et_pb_section]<\/p>\n","protected":false},"excerpt":{"rendered":"<p>Dima Maschinen - Tu especialista en rodillos industriales y laminadoras industriales Dima Maschinen - Handelsgesellschaft mbH, que surgi\u00f3 de la empresa de larga tradici\u00f3n Dinkel Maschinenbau, lleva m\u00e1s de seis d\u00e9cadas suministrando a numerosos clientes satisfechos de todos los \u00e1mbitos de la industria metal\u00fargica. Como fabricante y proveedor especializado de laminadoras de precisi\u00f3n de alta [&hellip;]<\/p>\n","protected":false},"author":1,"featured_media":0,"parent":0,"menu_order":0,"comment_status":"closed","ping_status":"closed","template":"","meta":{"_et_pb_use_builder":"on","_et_pb_old_content":"","_et_gb_content_width":"","iawp_total_views":14,"footnotes":""},"dipi_cpt_category":[],"class_list":["post-2411","page","type-page","status-publish","hentry"],"_links":{"self":[{"href":"https:\/\/www.dima-maschinen.de\/es\/wp-json\/wp\/v2\/pages\/2411","targetHints":{"allow":["GET"]}}],"collection":[{"href":"https:\/\/www.dima-maschinen.de\/es\/wp-json\/wp\/v2\/pages"}],"about":[{"href":"https:\/\/www.dima-maschinen.de\/es\/wp-json\/wp\/v2\/types\/page"}],"author":[{"embeddable":true,"href":"https:\/\/www.dima-maschinen.de\/es\/wp-json\/wp\/v2\/users\/1"}],"replies":[{"embeddable":true,"href":"https:\/\/www.dima-maschinen.de\/es\/wp-json\/wp\/v2\/comments?post=2411"}],"version-history":[{"count":0,"href":"https:\/\/www.dima-maschinen.de\/es\/wp-json\/wp\/v2\/pages\/2411\/revisions"}],"wp:attachment":[{"href":"https:\/\/www.dima-maschinen.de\/es\/wp-json\/wp\/v2\/media?parent=2411"}],"wp:term":[{"taxonomy":"dipi_cpt_category","embeddable":true,"href":"https:\/\/www.dima-maschinen.de\/es\/wp-json\/wp\/v2\/dipi_cpt_category?post=2411"}],"curies":[{"name":"wp","href":"https:\/\/api.w.org\/{rel}","templated":true}]}}