{"id":2477,"date":"2024-11-27T21:08:38","date_gmt":"2024-11-27T21:08:38","guid":{"rendered":"https:\/\/dima.mmd-stuttgart.de\/la-empresa\/"},"modified":"2025-07-10T20:11:06","modified_gmt":"2025-07-10T20:11:06","slug":"la-empresa","status":"publish","type":"page","link":"https:\/\/www.dima-maschinen.de\/es\/la-empresa\/","title":{"rendered":"La empresa"},"content":{"rendered":"<p>[et_pb_section fb_built=\u00bb1&#8243; _builder_version=\u00bb4.27.3&#8243; use_background_color_gradient=\u00bbon\u00bb background_color_gradient_stops=\u00bb#000000 0%|rgba(255,255,255,0) 98%\u00bb background_color_gradient_overlays_image=\u00bbon\u00bb background_image=\u00bbhttps:\/\/www.dima-maschinen.de\/wp-content\/uploads\/2024\/07\/goldschmiedewalzen_2.jpg\u00bb parallax=\u00bbon\u00bb global_colors_info=\u00bb{}\u00bb][et_pb_row _builder_version=\u00bb4.27.3&#8243; _module_preset=\u00bb734c3b74-5aae-4519-a5a6-edc13e501b9e\u00bb background_enable_color=\u00bboff\u00bb width=\u00bb90%\u00bb global_colors_info=\u00bb{}\u00bb][et_pb_column type=\u00bb4_4&#8243; _builder_version=\u00bb4.19.2&#8243; background_enable_color=\u00bboff\u00bb custom_padding=\u00bb2%|2%|2%|2%|true|true\u00bb global_colors_info=\u00bb{}\u00bb custom_padding__hover=\u00bb|||\u00bb][et_pb_text _builder_version=\u00bb4.27.4&#8243; _module_preset=\u00bb65e3c80d-e665-4f45-92aa-be2142e6d996&#8243; text_text_color=\u00bb#FFFFFF\u00bb header_text_align=\u00bbcenter\u00bb header_text_color=\u00bb#FFFFFF\u00bb header_2_text_color=\u00bb#FFFFFF\u00bb header_3_text_color=\u00bb#FFFFFF\u00bb text_orientation=\u00bbcenter\u00bb global_colors_info=\u00bb{}\u00bb]<\/p>\n<h1>Empresa M\u00e1quinas Dima<\/h1>\n<p>[\/et_pb_text][\/et_pb_column][\/et_pb_row][\/et_pb_section][et_pb_section fb_built=\u00bb1&#8243; _builder_version=\u00bb4.27.4&#8243; _module_preset=\u00bbdefault\u00bb background_color=\u00bbRGBA(255,255,255,0)\u00bb global_colors_info=\u00bb{}\u00bb][et_pb_row column_structure=\u00bb1_2,1_2&#8243; _builder_version=\u00bb4.27.4&#8243; _module_preset=\u00bbdefault\u00bb global_colors_info=\u00bb{}\u00bb][et_pb_column type=\u00bb1_2&#8243; _builder_version=\u00bb4.27.4&#8243; _module_preset=\u00bbdefault\u00bb global_colors_info=\u00bb{}\u00bb][et_pb_text _builder_version=\u00bb4.27.4&#8243; _module_preset=\u00bb65e3c80d-e665-4f45-92aa-be2142e6d996&#8243; global_colors_info=\u00bb{}\u00bb]<\/p>\n<h2>Rodillos industriales para orfebres y la industria metal\u00fargica<\/h2>\n<p>Los rodillos industriales son una herramienta indispensable en el oficio de orfebre. Los rodillos Dima est\u00e1n dise\u00f1ados para durar toda la vida. Impresionan por su robustez y precisi\u00f3n, lo que los convierte en la primera elecci\u00f3n de profesionales y artesanos ambiciosos.  <\/p>\n<p>[\/et_pb_text][\/et_pb_column][et_pb_column type=\u00bb1_2&#8243; _builder_version=\u00bb4.27.4&#8243; _module_preset=\u00bbdefault\u00bb background_image=\u00bbhttps:\/\/www.dima-maschinen.de\/wp-content\/uploads\/2025\/01\/k_300_300_103_dima_blechwalze.jpg\u00bb global_colors_info=\u00bb{}\u00bb][et_pb_divider show_divider=\u00bboff\u00bb _builder_version=\u00bb4.27.4&#8243; _module_preset=\u00bbdefault\u00bb custom_padding=\u00bb20%||20%||true|false\u00bb custom_padding_tablet=\u00bb34%||34%||true|false\u00bb custom_padding_phone=\u00bb32%||32%||true|false\u00bb custom_padding_last_edited=\u00bbon|phone\u00bb global_colors_info=\u00bb{}\u00bb][\/et_pb_divider][\/et_pb_column][\/et_pb_row][\/et_pb_section][et_pb_section fb_built=\u00bb1&#8243; _builder_version=\u00bb4.27.3&#8243; _module_preset=\u00bbdefault\u00bb background_color=\u00bb#F7F7F7&#8243; global_colors_info=\u00bb{}\u00bb][et_pb_row column_structure=\u00bb1_2,1_2&#8243; _builder_version=\u00bb4.27.4&#8243; _module_preset=\u00bbdefault\u00bb global_colors_info=\u00bb{}\u00bb][et_pb_column type=\u00bb1_2&#8243; _builder_version=\u00bb4.27.4&#8243; _module_preset=\u00bbdefault\u00bb global_colors_info=\u00bb{}\u00bb][et_pb_text _builder_version=\u00bb4.27.4&#8243; _module_preset=\u00bb65e3c80d-e665-4f45-92aa-be2142e6d996&#8243; global_colors_info=\u00bb{}\u00bb]<\/p>\n<h2>Rodillos dobles que ahorran espacio para un trabajo eficiente<\/h2>\n<p>Nuestros rodillos dobles ofrecen la ventaja de ocupar poco espacio gracias a la disposici\u00f3n de los rodillos de chapa y alambre, uno encima del otro, que ahorra espacio. Los cojinetes de deslizamiento de funcionamiento suave y sin mantenimiento te permiten trabajar sin forzar las articulaciones ni la espalda. Esto te permite trabajar con eficacia y comodidad sin comprometer la calidad.  <\/p>\n<h2>Nuestro programa de productos de un vistazo<\/h2>\n<p>Ofrecemos una amplia gama de laminadoras industriales para satisfacer tus necesidades individuales:<\/p>\n<ul>\n<li>Rodillos de accionamiento manual con di\u00e1metros de rodillo de 45 mm a 64 mm<\/li>\n<li>Rodillos motorizados con di\u00e1metros de rodillo de 64 mm a 90 mm<\/li>\n<li>Rodillos dobles con un par de rodillos de chapa y un par de rodillos de alambre<\/li>\n<li>Laminadoras especiales s\u00f3lo para chapa o s\u00f3lo para alambre<\/li>\n<\/ul>\n<p>&nbsp;<\/p>\n<p>[\/et_pb_text][\/et_pb_column][et_pb_column type=\u00bb1_2&#8243; _builder_version=\u00bb4.27.4&#8243; _module_preset=\u00bbdefault\u00bb background_image=\u00bbhttps:\/\/www.dima-maschinen.de\/wp-content\/uploads\/2025\/01\/b_64_e.jpg\u00bb global_colors_info=\u00bb{}\u00bb][et_pb_divider show_divider=\u00bboff\u00bb _builder_version=\u00bb4.27.4&#8243; _module_preset=\u00bbdefault\u00bb custom_padding=\u00bb20%||20%||true|false\u00bb custom_padding_tablet=\u00bb34%||34%||true|false\u00bb custom_padding_phone=\u00bb32%||32%||true|false\u00bb custom_padding_last_edited=\u00bbon|phone\u00bb global_colors_info=\u00bb{}\u00bb][\/et_pb_divider][\/et_pb_column][\/et_pb_row][\/et_pb_section][et_pb_section fb_built=\u00bb1&#8243; admin_label=\u00bbGallery\u00bb _builder_version=\u00bb4.27.3&#8243; _module_preset=\u00bbdefault\u00bb locked=\u00bboff\u00bb collapsed=\u00bbon\u00bb global_colors_info=\u00bb{}\u00bb][et_pb_row column_structure=\u00bb1_3,1_3,1_3&#8243; _builder_version=\u00bb4.27.4&#8243; _module_preset=\u00bbdefault\u00bb global_colors_info=\u00bb{}\u00bb][et_pb_column type=\u00bb1_3&#8243; _builder_version=\u00bb4.17.4&#8243; _module_preset=\u00bbdefault\u00bb global_colors_info=\u00bb{}\u00bb][et_pb_text quote_border_color=\u00bb#57cc99&#8243; _builder_version=\u00bb4.27.4&#8243; _module_preset=\u00bb65e3c80d-e665-4f45-92aa-be2142e6d996&#8243; link_font=\u00bb|Proza Libre_weight|||||||\u00bb link_text_color=\u00bb#22577a\u00bb quote_font=\u00bbCormorant Garamond|Cormorant Garamond_weight|||||||\u00bb quote_text_color=\u00bb#111111&#8243; header_text_color=\u00bb#111111&#8243; header_2_text_color=\u00bb#111111&#8243; header_3_text_color=\u00bb#111111&#8243; header_4_text_color=\u00bb#111111&#8243; header_5_text_color=\u00bb#111111&#8243; header_6_text_color=\u00bb#111111&#8243; min_height=\u00bb294px\u00bb min_height_tablet=\u00bb294px\u00bb min_height_phone=\u00bb294px\u00bb min_height_last_edited=\u00bbon|desktop\u00bb custom_margin=\u00bb||30px||false|false\u00bb locked=\u00bboff\u00bb global_colors_info=\u00bb{}\u00bb]<\/p>\n<h2>Ventajas de nuestras m\u00e1quinas Dima<\/h2>\n<ul>\n<li>M\u00e1s de 60 a\u00f1os de experiencia en la fabricaci\u00f3n de rodillos industriales<\/li>\n<li>Los m\u00e1s altos est\u00e1ndares de calidad y durabilidad de nuestros productos<\/li>\n<li>Asesoramiento individual y soluciones personalizadas<\/li>\n<li>Servicio y asistencia al cliente fiables<\/li>\n<\/ul>\n<p>[\/et_pb_text][et_pb_image src=\u00bbhttps:\/\/www.dima-maschinen.de\/wp-content\/uploads\/2024\/11\/Industriewalzmaschine_k300-300.jpg\u00bb alt=\u00bbLaminadora industrial K300-300&#8243; title_text=\u00bbLaminadora industrial K300-300&#8243; show_in_lightbox=\u00bbon\u00bb use_overlay=\u00bbon\u00bb overlay_icon_color=\u00bb#57cc99&#8243; _builder_version=\u00bb4.27.3&#8243; _module_preset=\u00bbb2573321-90ae-402b-9cd2-f46f08e70065&#8243; locked=\u00bboff\u00bb global_colors_info=\u00bb{%22#57cc99%22:%91%22overlay_icon_color%22%93}\u00bb][\/et_pb_image][\/et_pb_column][et_pb_column type=\u00bb1_3&#8243; _builder_version=\u00bb4.17.4&#8243; _module_preset=\u00bbdefault\u00bb global_colors_info=\u00bb{}\u00bb][et_pb_image src=\u00bbhttps:\/\/www.dima-maschinen.de\/wp-content\/uploads\/2025\/01\/k_130_130_dima_blechwalze_.jpg\u00bb alt=\u00bbK 130\/130 Rodillo de chapa Dima\u00bb title_text=\u00bbK 130\/130 Rodillo de chapa Dima\u00bb show_in_lightbox=\u00bbon\u00bb use_overlay=\u00bbon\u00bb overlay_icon_color=\u00bb#57cc99&#8243; _builder_version=\u00bb4.27.4&#8243; _module_preset=\u00bbb2573321-90ae-402b-9cd2-f46f08e70065&#8243; hover_enabled=\u00bb0&#8243; locked=\u00bboff\u00bb global_colors_info=\u00bb{%22#57cc99%22:%91%22overlay_icon_color%22%93}\u00bb sticky_enabled=\u00bb0&#8243;][\/et_pb_image][et_pb_image src=\u00bbhttps:\/\/www.dima-maschinen.de\/wp-content\/uploads\/2024\/11\/d64e.jpg\u00bb alt=\u00bbD 64 E Laminadora el\u00e9ctrica de alambre\u00bb title_text=\u00bbD 64 E Laminadora el\u00e9ctrica de alambre\u00bb show_in_lightbox=\u00bbon\u00bb use_overlay=\u00bbon\u00bb overlay_icon_color=\u00bb#57cc99&#8243; _builder_version=\u00bb4.27.3&#8243; _module_preset=\u00bbb2573321-90ae-402b-9cd2-f46f08e70065&#8243; locked=\u00bboff\u00bb global_colors_info=\u00bb{%22#57cc99%22:%91%22overlay_icon_color%22%93}\u00bb][\/et_pb_image][\/et_pb_column][et_pb_column type=\u00bb1_3&#8243; _builder_version=\u00bb4.17.4&#8243; _module_preset=\u00bbdefault\u00bb global_colors_info=\u00bb{}\u00bb][et_pb_image src=\u00bbhttps:\/\/www.dima-maschinen.de\/wp-content\/uploads\/2025\/01\/k-200-200_4_3.jpg\u00bb alt=\u00bbLaminadora industrial K200\/200&#8243; title_text=\u00bbLaminadora industrial K200\/200&#8243; show_in_lightbox=\u00bbon\u00bb use_overlay=\u00bbon\u00bb overlay_icon_color=\u00bb#57cc99&#8243; _builder_version=\u00bb4.27.4&#8243; _module_preset=\u00bbb2573321-90ae-402b-9cd2-f46f08e70065&#8243; hover_enabled=\u00bb0&#8243; locked=\u00bboff\u00bb global_colors_info=\u00bb{%22#57cc99%22:%91%22overlay_icon_color%22%93}\u00bb sticky_enabled=\u00bb0&#8243;][\/et_pb_image][et_pb_image src=\u00bbhttps:\/\/www.dima-maschinen.de\/wp-content\/uploads\/2024\/11\/k65.jpg\u00bb alt=\u00bbRodillo doble K 65&#8243; title_text=\u00bbRodillo doble K 65&#8243; show_in_lightbox=\u00bbon\u00bb use_overlay=\u00bbon\u00bb overlay_icon_color=\u00bb#57cc99&#8243; _builder_version=\u00bb4.27.3&#8243; _module_preset=\u00bbb2573321-90ae-402b-9cd2-f46f08e70065&#8243; locked=\u00bboff\u00bb global_colors_info=\u00bb{%22#57cc99%22:%91%22overlay_icon_color%22%93}\u00bb][\/et_pb_image][\/et_pb_column][\/et_pb_row][et_pb_row _builder_version=\u00bb4.27.4&#8243; _module_preset=\u00bbdefault\u00bb global_colors_info=\u00bb{}\u00bb][et_pb_column type=\u00bb4_4&#8243; _builder_version=\u00bb4.27.4&#8243; _module_preset=\u00bbdefault\u00bb global_colors_info=\u00bb{}\u00bb][et_pb_text _builder_version=\u00bb4.27.4&#8243; _module_preset=\u00bb65e3c80d-e665-4f45-92aa-be2142e6d996&#8243; global_colors_info=\u00bb{}\u00bb]<\/p>\n<h2>Contacta con nosotros para tu soluci\u00f3n personalizada<\/h2>\n<p>\u00bfBuscas el rodillo industrial o la laminadora industrial \u00f3ptima para tus necesidades? <a href=\"https:\/\/www.dima-maschinen.de\/es\/?page_id=2497\">Ponte en contacto con nosotros<\/a> hoy mismo para una consulta personal. Nuestro experimentado equipo est\u00e1 a tu disposici\u00f3n para ayudarte a encontrar la mejor soluci\u00f3n para tu empresa. <\/p>\n<p>[\/et_pb_text][et_pb_text _builder_version=\u00bb4.27.4&#8243; _module_preset=\u00bb65e3c80d-e665-4f45-92aa-be2142e6d996&#8243; global_colors_info=\u00bb{}\u00bb]<\/p>\n<h3>M\u00e1quinas Dima: calidad en la que puedes confiar.<\/h3>\n<p>[\/et_pb_text][\/et_pb_column][\/et_pb_row][\/et_pb_section]<\/p>\n","protected":false},"excerpt":{"rendered":"<p>Empresa M\u00e1quinas DimaRodillos industriales para orfebres y la industria metal\u00fargica Los rodillos industriales son una herramienta indispensable en el oficio de orfebre. Los rodillos Dima est\u00e1n dise\u00f1ados para durar toda la vida. Impresionan por su robustez y precisi\u00f3n, lo que los convierte en la primera elecci\u00f3n de profesionales y artesanos ambiciosos. Rodillos dobles que ahorran [&hellip;]<\/p>\n","protected":false},"author":1,"featured_media":0,"parent":0,"menu_order":0,"comment_status":"closed","ping_status":"closed","template":"","meta":{"_et_pb_use_builder":"on","_et_pb_old_content":"","_et_gb_content_width":"","iawp_total_views":2,"footnotes":""},"dipi_cpt_category":[],"class_list":["post-2477","page","type-page","status-publish","hentry"],"_links":{"self":[{"href":"https:\/\/www.dima-maschinen.de\/es\/wp-json\/wp\/v2\/pages\/2477","targetHints":{"allow":["GET"]}}],"collection":[{"href":"https:\/\/www.dima-maschinen.de\/es\/wp-json\/wp\/v2\/pages"}],"about":[{"href":"https:\/\/www.dima-maschinen.de\/es\/wp-json\/wp\/v2\/types\/page"}],"author":[{"embeddable":true,"href":"https:\/\/www.dima-maschinen.de\/es\/wp-json\/wp\/v2\/users\/1"}],"replies":[{"embeddable":true,"href":"https:\/\/www.dima-maschinen.de\/es\/wp-json\/wp\/v2\/comments?post=2477"}],"version-history":[{"count":0,"href":"https:\/\/www.dima-maschinen.de\/es\/wp-json\/wp\/v2\/pages\/2477\/revisions"}],"wp:attachment":[{"href":"https:\/\/www.dima-maschinen.de\/es\/wp-json\/wp\/v2\/media?parent=2477"}],"wp:term":[{"taxonomy":"dipi_cpt_category","embeddable":true,"href":"https:\/\/www.dima-maschinen.de\/es\/wp-json\/wp\/v2\/dipi_cpt_category?post=2477"}],"curies":[{"name":"wp","href":"https:\/\/api.w.org\/{rel}","templated":true}]}}