{"id":2508,"date":"2024-11-27T20:48:46","date_gmt":"2024-11-27T20:48:46","guid":{"rendered":"https:\/\/dima.mmd-stuttgart.de\/proteccion-de-datos\/"},"modified":"2025-07-10T20:11:06","modified_gmt":"2025-07-10T20:11:06","slug":"proteccion-de-datos","status":"publish","type":"page","link":"https:\/\/www.dima-maschinen.de\/es\/proteccion-de-datos\/","title":{"rendered":"Protecci\u00f3n de datos"},"content":{"rendered":"<p>[et_pb_section fb_built=\u00bb1&#8243; _builder_version=\u00bb4.27.3&#8243; use_background_color_gradient=\u00bbon\u00bb background_color_gradient_stops=\u00bb#000000 0%|rgba(255,255,255,0) 98%\u00bb background_color_gradient_overlays_image=\u00bbon\u00bb background_image=\u00bbhttps:\/\/www.dima-maschinen.de\/wp-content\/uploads\/2024\/11\/industriewalzenbild.jpg\u00bb parallax=\u00bbon\u00bb custom_padding=\u00bb6%||4%||false|false\u00bb global_colors_info=\u00bb{}\u00bb theme_builder_area=\u00bbpost_content\u00bb][et_pb_row _builder_version=\u00bb4.27.3&#8243; _module_preset=\u00bbdefault\u00bb background_enable_color=\u00bboff\u00bb custom_margin=\u00bb||0%||false|false\u00bb custom_padding=\u00bb0px||0px||false|false\u00bb global_colors_info=\u00bb{}\u00bb theme_builder_area=\u00bbpost_content\u00bb][et_pb_column type=\u00bb4_4&#8243; _builder_version=\u00bb4.19.2&#8243; background_enable_color=\u00bboff\u00bb custom_padding=\u00bb2%|2%|2%|2%|true|true\u00bb global_colors_info=\u00bb{}\u00bb custom_padding__hover=\u00bb|||\u00bb theme_builder_area=\u00bbpost_content\u00bb][et_pb_text _builder_version=\u00bb4.27.4&#8243; _module_preset=\u00bb52fada98-7c13-4f2e-85e6-3ca095ac2173&#8243; hover_enabled=\u00bb0&#8243; global_colors_info=\u00bb{}\u00bb theme_builder_area=\u00bbpost_content\u00bb sticky_enabled=\u00bb0&#8243;]<\/p>\n<h1>Protecci\u00f3n de datos<\/h1>\n<p>[\/et_pb_text][\/et_pb_column][\/et_pb_row][\/et_pb_section][et_pb_section fb_built=\u00bb1&#8243; _builder_version=\u00bb4.27.4&#8243; _module_preset=\u00bbdefault\u00bb global_colors_info=\u00bb{}\u00bb theme_builder_area=\u00bbpost_content\u00bb][et_pb_row _builder_version=\u00bb4.27.4&#8243; _module_preset=\u00bbdefault\u00bb global_colors_info=\u00bb{}\u00bb theme_builder_area=\u00bbpost_content\u00bb][et_pb_column type=\u00bb4_4&#8243; _builder_version=\u00bb4.27.4&#8243; _module_preset=\u00bbdefault\u00bb global_colors_info=\u00bb{}\u00bb theme_builder_area=\u00bbpost_content\u00bb][et_pb_text _builder_version=\u00bb4.27.4&#8243; _module_preset=\u00bb65e3c80d-e665-4f45-92aa-be2142e6d996&#8243; hover_enabled=\u00bb0&#8243; global_colors_info=\u00bb{}\u00bb theme_builder_area=\u00bbpost_content\u00bb sticky_enabled=\u00bb0&#8243;]<\/p>\n<h2>Pol\u00edtica general de privacidad<\/h2>\n<p>Al utilizar nuestro sitio web, das tu consentimiento a la recogida, tratamiento y uso de datos de acuerdo con la siguiente descripci\u00f3n. En general, nuestro sitio web puede visitarse sin registrarse. Datos como las p\u00e1ginas consultadas o el nombre del archivo consultado, la fecha y la hora se almacenan en el servidor con fines estad\u00edsticos sin que estos datos est\u00e9n directamente relacionados con tu persona. Los datos personales, en particular el nombre, la direcci\u00f3n o la direcci\u00f3n de correo electr\u00f3nico, se recogen de forma voluntaria en la medida de lo posible. No se transmitir\u00e1 ning\u00fan dato a terceros sin tu consentimiento.    <\/p>\n<h3>Pol\u00edtica de privacidad de las cookies<\/h3>\n<p>Nuestro sitio web utiliza cookies. Se trata de peque\u00f1os archivos de texto que permiten almacenar informaci\u00f3n espec\u00edfica relacionada con el usuario en el dispositivo final del usuario mientras utiliza el sitio web. Las cookies permiten, en particular, determinar la frecuencia de uso y el n\u00famero de usuarios de las p\u00e1ginas, analizar el comportamiento de uso de las p\u00e1ginas, pero tambi\u00e9n hacer que nuestra oferta sea m\u00e1s f\u00e1cil de utilizar. Las cookies permanecen almacenadas al final de una sesi\u00f3n de navegaci\u00f3n y pueden volver a activarse cuando vuelvas a visitar el sitio. Si no deseas que esto ocurra, debes configurar tu navegador de Internet para que no acepte cookies.    <\/p>\n<h3>Pol\u00edtica de privacidad de Google Analytics<\/h3>\n<p>Nuestro sitio web utiliza Google Analytics, un servicio anal\u00edtico de web prestado por Google Inc, 1600 Amphitheatre Parkway, Mountain View, CA 94043, EE.UU.. Para desactivar Google Analytics, Google proporciona un complemento para el navegador en http:\/\/tools.google.com\/dlpage\/gaoptout?hl=de. Google Analytics utiliza cookies. Se trata de peque\u00f1os archivos de texto que permiten almacenar informaci\u00f3n espec\u00edfica relacionada con el usuario en el dispositivo final del usuario. Permiten a Google analizar el uso de nuestro sitio web. La informaci\u00f3n recopilada por la cookie sobre el uso de nuestras p\u00e1ginas (incluida tu direcci\u00f3n IP) se transfiere normalmente a un servidor de Google en EE.UU. y se almacena all\u00ed. Nos gustar\u00eda se\u00f1alar que en este sitio web Google Analytics se ha ampliado con el c\u00f3digo \u00abgat._anonymizeIp();\u00bb para garantizar la recogida anonimizada de direcciones IP (el llamado enmascaramiento de IP). Si la anonimizaci\u00f3n est\u00e1 activa, Google acorta las direcciones IP dentro de los Estados miembros de la Uni\u00f3n Europea o en otros Estados contratantes del Acuerdo sobre el Espacio Econ\u00f3mico Europeo, por lo que no se pueden extraer conclusiones sobre tu identidad. S\u00f3lo en casos excepcionales se transmitir\u00e1 la direcci\u00f3n IP completa a un servidor de Google en EE.UU. y se truncar\u00e1 all\u00ed. Google cumple las disposiciones sobre protecci\u00f3n de datos del acuerdo \u00abEscudo de privacidad\u00bb y est\u00e1 registrado en el programa \u00abEscudo de privacidad\u00bb del Departamento de Comercio de EE.UU. y utiliza la informaci\u00f3n recopilada para evaluar el uso de nuestros sitios web, elaborar informes para nosotros a este respecto y prestarnos otros servicios relacionados. Puedes obtener m\u00e1s informaci\u00f3n en  <a href=\"http:\/\/www.google.com\/intl\/de\/analytics\/privacyoverview.html.\" target=\"_blank\" rel=\"noopener\">http:\/\/www.google.com\/intl\/de\/analytics\/privacyoverview.html.<\/a><\/p>\n<p>Fuente: <a href=\"https:\/\/www.anwalt.de\/vorlage\/muster-datenschutzerklaerung.php\" target=\"_blank\" rel=\"noopener\">Modelo de declaraci\u00f3n de protecci\u00f3n de datos de anwalt.de<\/a><\/p>\n<p>[\/et_pb_text][\/et_pb_column][\/et_pb_row][\/et_pb_section]<\/p>\n","protected":false},"excerpt":{"rendered":"<p>Protecci\u00f3n de datosPol\u00edtica general de privacidad Al utilizar nuestro sitio web, das tu consentimiento a la recogida, tratamiento y uso de datos de acuerdo con la siguiente descripci\u00f3n. En general, nuestro sitio web puede visitarse sin registrarse. Datos como las p\u00e1ginas consultadas o el nombre del archivo consultado, la fecha y la hora se almacenan [&hellip;]<\/p>\n","protected":false},"author":1,"featured_media":0,"parent":0,"menu_order":0,"comment_status":"closed","ping_status":"closed","template":"","meta":{"_et_pb_use_builder":"on","_et_pb_old_content":"","_et_gb_content_width":"","iawp_total_views":2,"footnotes":""},"dipi_cpt_category":[],"class_list":["post-2508","page","type-page","status-publish","hentry"],"_links":{"self":[{"href":"https:\/\/www.dima-maschinen.de\/es\/wp-json\/wp\/v2\/pages\/2508","targetHints":{"allow":["GET"]}}],"collection":[{"href":"https:\/\/www.dima-maschinen.de\/es\/wp-json\/wp\/v2\/pages"}],"about":[{"href":"https:\/\/www.dima-maschinen.de\/es\/wp-json\/wp\/v2\/types\/page"}],"author":[{"embeddable":true,"href":"https:\/\/www.dima-maschinen.de\/es\/wp-json\/wp\/v2\/users\/1"}],"replies":[{"embeddable":true,"href":"https:\/\/www.dima-maschinen.de\/es\/wp-json\/wp\/v2\/comments?post=2508"}],"version-history":[{"count":0,"href":"https:\/\/www.dima-maschinen.de\/es\/wp-json\/wp\/v2\/pages\/2508\/revisions"}],"wp:attachment":[{"href":"https:\/\/www.dima-maschinen.de\/es\/wp-json\/wp\/v2\/media?parent=2508"}],"wp:term":[{"taxonomy":"dipi_cpt_category","embeddable":true,"href":"https:\/\/www.dima-maschinen.de\/es\/wp-json\/wp\/v2\/dipi_cpt_category?post=2508"}],"curies":[{"name":"wp","href":"https:\/\/api.w.org\/{rel}","templated":true}]}}