{"id":2536,"date":"2024-11-27T20:41:49","date_gmt":"2024-11-27T20:41:49","guid":{"rendered":"https:\/\/dima.mmd-stuttgart.de\/pie-de-imprenta\/"},"modified":"2025-07-10T20:11:11","modified_gmt":"2025-07-10T20:11:11","slug":"pie-de-imprenta","status":"publish","type":"page","link":"https:\/\/www.dima-maschinen.de\/es\/pie-de-imprenta\/","title":{"rendered":"Pie de imprenta"},"content":{"rendered":"<p>[et_pb_section fb_built=\u00bb1&#8243; _builder_version=\u00bb4.27.3&#8243; use_background_color_gradient=\u00bbon\u00bb background_color_gradient_stops=\u00bb#000000 0%|rgba(255,255,255,0) 98%\u00bb background_color_gradient_overlays_image=\u00bbon\u00bb background_image=\u00bbhttps:\/\/www.dima-maschinen.de\/wp-content\/uploads\/2024\/11\/industriewalzenbild.jpg\u00bb parallax=\u00bbon\u00bb custom_padding=\u00bb6%||4%||false|false\u00bb global_colors_info=\u00bb{}\u00bb][et_pb_row _builder_version=\u00bb4.27.3&#8243; _module_preset=\u00bbdefault\u00bb background_enable_color=\u00bboff\u00bb custom_margin=\u00bb||0%||false|false\u00bb custom_padding=\u00bb0px||0px||false|false\u00bb global_colors_info=\u00bb{}\u00bb][et_pb_column type=\u00bb4_4&#8243; _builder_version=\u00bb4.19.2&#8243; background_enable_color=\u00bboff\u00bb custom_padding=\u00bb2%|2%|2%|2%|true|true\u00bb global_colors_info=\u00bb{}\u00bb custom_padding__hover=\u00bb|||\u00bb][et_pb_text _builder_version=\u00bb4.27.4&#8243; _module_preset=\u00bb52fada98-7c13-4f2e-85e6-3ca095ac2173&#8243; global_colors_info=\u00bb{}\u00bb]<\/p>\n<h1>Pie de imprenta<\/h1>\n<p>[\/et_pb_text][\/et_pb_column][\/et_pb_row][\/et_pb_section][et_pb_section fb_built=\u00bb1&#8243; _builder_version=\u00bb4.27.4&#8243; _module_preset=\u00bbdefault\u00bb global_colors_info=\u00bb{}\u00bb][et_pb_row _builder_version=\u00bb4.27.4&#8243; _module_preset=\u00bbdefault\u00bb global_colors_info=\u00bb{}\u00bb][et_pb_column type=\u00bb4_4&#8243; _builder_version=\u00bb4.27.4&#8243; _module_preset=\u00bbdefault\u00bb global_colors_info=\u00bb{}\u00bb][et_pb_text _builder_version=\u00bb4.27.4&#8243; _module_preset=\u00bb65e3c80d-e665-4f45-92aa-be2142e6d996&#8243; hover_enabled=\u00bb0&#8243; global_colors_info=\u00bb{}\u00bb sticky_enabled=\u00bb0&#8243;]<\/p>\n<p>Directores Generales<br \/>Bernd Baumann y Martin Schubert<br \/><a href=\"mailto:info@dima-maschinen.de\">info@dima-maschinen.de<\/a><br \/>Tel\u00e9fono: + 49 (0) 711 345 313<br \/>Fax: + 49 (0) 711 345 316<\/p>\n<p><strong>Dima Maschinen-Handelsgesellschaft mbH<\/strong><br \/>Fritz-M\u00fcller-Str. 123<br \/>73730 Esslingen am Neckar <\/p>\n<p>N\u00famero de registro mercantil<br \/>HRB Stuttgart 213181<\/p>\n<p>CIF seg\u00fan \u00a727a UStG<br \/>DE 178966410 <\/p>\n<h2>Aviso legal<\/h2>\n<p>El contenido de nuestro sitio web ha sido recopilado y comprobado con el m\u00e1ximo cuidado. Sin embargo, no es posible excluir completamente los errores. No podemos garantizar que el contenido proporcionado sea correcto, actualizado y completo. Si sospechas que este sitio web ha infringido alguno de tus derechos de propiedad, inf\u00f3rmanos inmediatamente por correo electr\u00f3nico para que podamos remediar la situaci\u00f3n r\u00e1pidamente.   <\/p>\n<p><strong>Ten en cuenta:<\/strong><br \/>La intervenci\u00f3n de un abogado, que requiere m\u00e1s tiempo, para emitir una advertencia al proveedor de servicios no se corresponde con la intenci\u00f3n real o presunta del proveedor de servicios. Este sitio web forma parte de la World Wide Web y, por tanto, puede estar vinculado a sitios web externos que pueden cambiar en cualquier momento. Las p\u00e1ginas de terceros a las que se hace referencia mediante enlaces no est\u00e1n sujetas a nuestra influencia, por lo que no asumimos ninguna responsabilidad ni garant\u00eda por su contenido. En ning\u00fan caso seremos responsables de los da\u00f1os derivados del uso de nuestro sitio web o de los sitios web vinculados al mismo. En este sentido, tambi\u00e9n queda excluida cualquier responsabilidad por lucro cesante. Los enlaces externos se comprueban cuidadosamente para asegurar que no violan la decencia com\u00fan o la ley antes de incluirlos en nuestro sitio web.     <\/p>\n<h2>Derechos de autor<\/h2>\n<p>Todo el contenido textual y las ilustraciones, as\u00ed como el dise\u00f1o de este sitio web, est\u00e1n sujetos a copyright y no pueden utilizarse sin el consentimiento expreso del titular del copyright. Los derechos de autor de este sitio web pertenecen a Dima Maschinen-Handels GmbH. <\/p>\n<p>[\/et_pb_text][\/et_pb_column][\/et_pb_row][\/et_pb_section]<\/p>\n","protected":false},"excerpt":{"rendered":"<p>Pie de imprentaDirectores GeneralesBernd Baumann y Martin Schubertinfo@dima-maschinen.deTel\u00e9fono: + 49 (0) 711 345 313Fax: + 49 (0) 711 345 316 Dima Maschinen-Handelsgesellschaft mbHFritz-M\u00fcller-Str. 12373730 Esslingen am Neckar N\u00famero de registro mercantilHRB Stuttgart 213181 CIF seg\u00fan \u00a727a UStGDE 178966410 Aviso legal El contenido de nuestro sitio web ha sido recopilado y comprobado con el m\u00e1ximo cuidado. [&hellip;]<\/p>\n","protected":false},"author":1,"featured_media":0,"parent":0,"menu_order":0,"comment_status":"closed","ping_status":"closed","template":"","meta":{"_et_pb_use_builder":"on","_et_pb_old_content":"","_et_gb_content_width":"","iawp_total_views":2,"footnotes":""},"dipi_cpt_category":[],"class_list":["post-2536","page","type-page","status-publish","hentry"],"_links":{"self":[{"href":"https:\/\/www.dima-maschinen.de\/es\/wp-json\/wp\/v2\/pages\/2536","targetHints":{"allow":["GET"]}}],"collection":[{"href":"https:\/\/www.dima-maschinen.de\/es\/wp-json\/wp\/v2\/pages"}],"about":[{"href":"https:\/\/www.dima-maschinen.de\/es\/wp-json\/wp\/v2\/types\/page"}],"author":[{"embeddable":true,"href":"https:\/\/www.dima-maschinen.de\/es\/wp-json\/wp\/v2\/users\/1"}],"replies":[{"embeddable":true,"href":"https:\/\/www.dima-maschinen.de\/es\/wp-json\/wp\/v2\/comments?post=2536"}],"version-history":[{"count":0,"href":"https:\/\/www.dima-maschinen.de\/es\/wp-json\/wp\/v2\/pages\/2536\/revisions"}],"wp:attachment":[{"href":"https:\/\/www.dima-maschinen.de\/es\/wp-json\/wp\/v2\/media?parent=2536"}],"wp:term":[{"taxonomy":"dipi_cpt_category","embeddable":true,"href":"https:\/\/www.dima-maschinen.de\/es\/wp-json\/wp\/v2\/dipi_cpt_category?post=2536"}],"curies":[{"name":"wp","href":"https:\/\/api.w.org\/{rel}","templated":true}]}}