{"id":2559,"date":"2024-11-13T15:59:03","date_gmt":"2024-11-13T15:59:03","guid":{"rendered":"https:\/\/dima.mmd-stuttgart.de\/productos\/"},"modified":"2025-07-14T09:06:43","modified_gmt":"2025-07-14T09:06:43","slug":"productos","status":"publish","type":"page","link":"https:\/\/www.dima-maschinen.de\/es\/productos\/","title":{"rendered":"Productos"},"content":{"rendered":"<p>[et_pb_section fb_built=\u00bb1&#8243; _builder_version=\u00bb4.27.3&#8243; use_background_color_gradient=\u00bbon\u00bb background_color_gradient_stops=\u00bb#000000 0%|rgba(255,255,255,0) 98%\u00bb background_color_gradient_overlays_image=\u00bbon\u00bb background_image=\u00bbhttps:\/\/www.dima-maschinen.de\/wp-content\/uploads\/2024\/11\/industriewalzenbild.jpg\u00bb parallax=\u00bbon\u00bb custom_padding=\u00bb6%||4%||false|false\u00bb global_colors_info=\u00bb{}\u00bb][et_pb_row _builder_version=\u00bb4.27.3&#8243; _module_preset=\u00bb6dee9476-9a9d-47a0-bc07-87c91e091a17&#8243; background_enable_color=\u00bboff\u00bb width=\u00bb90%\u00bb custom_margin=\u00bb||2%||false|false\u00bb custom_padding=\u00bb0px||0px||false|false\u00bb global_colors_info=\u00bb{}\u00bb][et_pb_column type=\u00bb4_4&#8243; _builder_version=\u00bb4.19.2&#8243; background_enable_color=\u00bboff\u00bb custom_padding=\u00bb2%|2%|2%|2%|true|true\u00bb global_colors_info=\u00bb{}\u00bb custom_padding__hover=\u00bb|||\u00bb][et_pb_text _builder_version=\u00bb4.27.3&#8243; _module_preset=\u00bb65e3c80d-e665-4f45-92aa-be2142e6d996&#8243; text_text_color=\u00bb#FFFFFF\u00bb header_text_align=\u00bbcenter\u00bb header_text_color=\u00bb#FFFFFF\u00bb header_2_text_color=\u00bb#FFFFFF\u00bb header_3_text_color=\u00bb#FFFFFF\u00bb global_colors_info=\u00bb{}\u00bb]<\/p>\n<h1>Nuestros productos<\/h1>\n<p>[\/et_pb_text][\/et_pb_column][\/et_pb_row][et_pb_row _builder_version=\u00bb4.27.3&#8243; _module_preset=\u00bb1c0fadb9-b7a1-4fc3-bda2-01acb54e7fba\u00bb global_colors_info=\u00bb{}\u00bb][et_pb_column type=\u00bb4_4&#8243; _builder_version=\u00bb4.27.3&#8243; _module_preset=\u00bbdefault\u00bb global_colors_info=\u00bb{}\u00bb][dipi_button_grid flex_direction=\u00bbrow\u00bb align_items=\u00bbcenter\u00bb _builder_version=\u00bb4.27.3&#8243; _module_preset=\u00bb_initial\u00bb link_option_url=\u00bb\/#\u00bb global_colors_info=\u00bb{}\u00bb][dipi_button_grid_child button_id=\u00bbGoldschmiedewalzen\u00bb button_type=\u00bbdp_button\u00bb button_text=\u00bbRodillos orfebres\u00bb button_link=\u00bbhttps:\/\/www.dima-maschinen.de\/produkte\/#goldschmiedewalzen\u00bb _builder_version=\u00bb4.27.3&#8243; _module_preset=\u00bbdefault\u00bb background_color=\u00bb#FFFFFF\u00bb background_enable_color=\u00bbon\u00bb custom_button=\u00bbon\u00bb button_text_color=\u00bb#b8860a\u00bb button_use_icon=\u00bboff\u00bb global_colors_info=\u00bb{}\u00bb][\/dipi_button_grid_child][dipi_button_grid_child button_id=\u00bbIndustriewalzen\u00bb button_text=\u00bbRodillos industriales\u00bb button_link=\u00bbhttps:\/\/www.dima-maschinen.de\/produkte\/#industriewalzen\u00bb _builder_version=\u00bb4.27.3&#8243; _module_preset=\u00bbdefault\u00bb background_color=\u00bb#FFFFFF\u00bb background_enable_color=\u00bbon\u00bb custom_button=\u00bbon\u00bb button_use_icon=\u00bboff\u00bb global_colors_info=\u00bb{}\u00bb][\/dipi_button_grid_child][\/dipi_button_grid][\/et_pb_column][\/et_pb_row][\/et_pb_section][et_pb_section fb_built=\u00bb1&#8243; admin_label=\u00bbGallery\u00bb _builder_version=\u00bb4.27.3&#8243; _module_preset=\u00bbdefault\u00bb global_module=\u00bb1863&#8243; saved_tabs=\u00bball\u00bb locked=\u00bboff\u00bb collapsed=\u00bbon\u00bb global_colors_info=\u00bb{}\u00bb][et_pb_row column_structure=\u00bb1_3,1_3,1_3&#8243; _builder_version=\u00bb4.27.4&#8243; _module_preset=\u00bbdefault\u00bb global_colors_info=\u00bb{}\u00bb][et_pb_column type=\u00bb1_3&#8243; _builder_version=\u00bb4.27.4&#8243; _module_preset=\u00bbdefault\u00bb global_colors_info=\u00bb{}\u00bb][et_pb_text quote_border_color=\u00bb#57cc99&#8243; _builder_version=\u00bb4.27.4&#8243; _module_preset=\u00bb65e3c80d-e665-4f45-92aa-be2142e6d996&#8243; link_font=\u00bb|Proza Libre_weight|||||||\u00bb link_text_color=\u00bb#22577a\u00bb quote_font=\u00bbCormorant Garamond|Cormorant Garamond_weight|||||||\u00bb quote_text_color=\u00bb#111111&#8243; header_text_color=\u00bb#111111&#8243; header_2_text_color=\u00bb#111111&#8243; header_3_text_color=\u00bb#111111&#8243; header_4_text_color=\u00bb#111111&#8243; header_5_text_color=\u00bb#111111&#8243; header_6_text_color=\u00bb#111111&#8243; min_height=\u00bb295px\u00bb min_height_tablet=\u00bb294px\u00bb min_height_phone=\u00bb294px\u00bb min_height_last_edited=\u00bbon|desktop\u00bb custom_margin=\u00bb||30px||false|false\u00bb locked=\u00bboff\u00bb global_colors_info=\u00bb{}\u00bb]<\/p>\n<h2>Nuestras laminadoras (Tren de laminaci\u00f3n)<\/h2>\n<p>Descubre nuestras laminadoras de alta calidad en acci\u00f3n. Esta galer\u00eda muestra el rendimiento y la precisi\u00f3n de nuestros productos, valorados en la industria metal\u00fargica desde hace d\u00e9cadas. <\/p>\n<p>[\/et_pb_text][et_pb_image src=\u00bbhttps:\/\/www.dima-maschinen.de\/wp-content\/uploads\/2024\/11\/dima_k_300_300.jpg\u00bb alt=\u00bbLaminadora industrial K300\/300&#8243; title_text=\u00bbLaminadora industrial K300\/300&#8243; show_in_lightbox=\u00bbon\u00bb use_overlay=\u00bbon\u00bb overlay_icon_color=\u00bb#57cc99&#8243; _builder_version=\u00bb4.27.4&#8243; _module_preset=\u00bbb2573321-90ae-402b-9cd2-f46f08e70065&#8243; locked=\u00bboff\u00bb global_colors_info=\u00bb{%22#57cc99%22:%91%22overlay_icon_color%22%93}\u00bb][\/et_pb_image][\/et_pb_column][et_pb_column type=\u00bb1_3&#8243; _builder_version=\u00bb4.17.4&#8243; _module_preset=\u00bbdefault\u00bb global_colors_info=\u00bb{}\u00bb][et_pb_image src=\u00bbhttps:\/\/www.dima-maschinen.de\/wp-content\/uploads\/2025\/01\/k-130-130-2-dima-blechwalze-4-3.jpg\u00bb alt=\u00bbServo K130\/130&#8243; title_text=\u00bbServo K130\/130&#8243; show_in_lightbox=\u00bbon\u00bb use_overlay=\u00bbon\u00bb overlay_icon_color=\u00bb#57cc99&#8243; _builder_version=\u00bb4.27.4&#8243; _module_preset=\u00bbb2573321-90ae-402b-9cd2-f46f08e70065&#8243; locked=\u00bboff\u00bb global_colors_info=\u00bb{%22#57cc99%22:%91%22overlay_icon_color%22%93}\u00bb][\/et_pb_image][et_pb_image src=\u00bbhttps:\/\/www.dima-maschinen.de\/wp-content\/uploads\/2025\/01\/d-64-e-drahtwalze_12-126.jpg\u00bb alt=\u00bbD 64 E Laminadora el\u00e9ctrica de alambre\u00bb title_text=\u00bbD 64 E Laminadora el\u00e9ctrica de alambre\u00bb show_in_lightbox=\u00bbon\u00bb use_overlay=\u00bbon\u00bb overlay_icon_color=\u00bb#57cc99&#8243; _builder_version=\u00bb4.27.4&#8243; _module_preset=\u00bbb2573321-90ae-402b-9cd2-f46f08e70065&#8243; locked=\u00bboff\u00bb global_colors_info=\u00bb{%22#57cc99%22:%91%22overlay_icon_color%22%93}\u00bb][\/et_pb_image][\/et_pb_column][et_pb_column type=\u00bb1_3&#8243; _builder_version=\u00bb4.17.4&#8243; _module_preset=\u00bbdefault\u00bb global_colors_info=\u00bb{}\u00bb][et_pb_image src=\u00bbhttps:\/\/www.dima-maschinen.de\/wp-content\/uploads\/2025\/01\/k-200-200_4_3.jpg\u00bb alt=\u00bbLaminadora industrial K200\/200&#8243; title_text=\u00bbLaminadora industrial K200\/200&#8243; show_in_lightbox=\u00bbon\u00bb use_overlay=\u00bbon\u00bb overlay_icon_color=\u00bb#57cc99&#8243; _builder_version=\u00bb4.27.4&#8243; _module_preset=\u00bbb2573321-90ae-402b-9cd2-f46f08e70065&#8243; locked=\u00bboff\u00bb global_colors_info=\u00bb{%22#57cc99%22:%91%22overlay_icon_color%22%93}\u00bb][\/et_pb_image][et_pb_image src=\u00bbhttps:\/\/www.dima-maschinen.de\/wp-content\/uploads\/2024\/11\/k_120_160_04_blechwalze_sheet_rolling_mill.jpg\u00bb alt=\u00bbK 120\/160 Laminadora de hojas\u00bb title_text=\u00bbK 120\/160 Laminadora de hojas\u00bb show_in_lightbox=\u00bbon\u00bb use_overlay=\u00bbon\u00bb overlay_icon_color=\u00bb#57cc99&#8243; _builder_version=\u00bb4.27.4&#8243; _module_preset=\u00bbb2573321-90ae-402b-9cd2-f46f08e70065&#8243; locked=\u00bboff\u00bb global_colors_info=\u00bb{%22#57cc99%22:%91%22overlay_icon_color%22%93}\u00bb][\/et_pb_image][\/et_pb_column][\/et_pb_row][\/et_pb_section][et_pb_section fb_built=\u00bb1&#8243; module_id=\u00bbrodillos orfebres\u00bb _builder_version=\u00bb4.27.3&#8243; _module_preset=\u00bbdefault\u00bb background_color=\u00bb#F7F7F7&#8243; custom_padding=\u00bb||3px|||\u00bb locked=\u00bboff\u00bb global_colors_info=\u00bb{}\u00bb][et_pb_row _builder_version=\u00bb4.27.3&#8243; _module_preset=\u00bbdefault\u00bb background_color=\u00bb#b8860b\u00bb custom_padding=\u00bb|2%||2%|false|true\u00bb global_colors_info=\u00bb{}\u00bb][et_pb_column type=\u00bb4_4&#8243; _builder_version=\u00bb4.27.3&#8243; _module_preset=\u00bbdefault\u00bb global_colors_info=\u00bb{}\u00bb][et_pb_text _builder_version=\u00bb4.27.3&#8243; _module_preset=\u00bbdefault\u00bb header_2_text_color=\u00bb#FFFFFF\u00bb global_colors_info=\u00bb{}\u00bb]<\/p>\n<h2>Nuestros rodillos de orfebrer\u00eda<\/h2>\n<p>[\/et_pb_text][\/et_pb_column][\/et_pb_row][et_pb_row _builder_version=\u00bb4.27.3&#8243; _module_preset=\u00bbdefault\u00bb global_colors_info=\u00bb{}\u00bb][et_pb_column type=\u00bb4_4&#8243; _builder_version=\u00bb4.27.3&#8243; _module_preset=\u00bbdefault\u00bb global_colors_info=\u00bb{}\u00bb][dipl_woo_products products_order_by=\u00bbmenu_order\u00bb products_order=\u00bbASC\u00bb include_categories=\u00bb28&#8243; column_spacing=\u00bb20px\u00bb quickview_link_text=\u00bbvista r\u00e1pida\u00bb show_add_to_cart=\u00bbon\u00bb simple_add_to_cart_text=\u00bbZu den Produktdetails\u00bb variable_add_to_cart_text=\u00bbZu den Produktdetails\u00bb grouped_add_to_cart_text=\u00bbZu den Produktdetails\u00bb external_add_to_cart_text=\u00bbZu den Produktdetails\u00bb add_to_cart_bg_color=\u00bb#FFFFFF\u00bb add_to_cart_icon=\u00bb&#xe060;||divi||400&#8243; add_to_cart_on_hover=\u00bboff\u00bb _builder_version=\u00bb4.27.4&#8243; _module_preset=\u00bb8db69e19-d473-42b8-91c2-05b0343d2016&#8243; hover_enabled=\u00bb0&#8243; custom_css_free_form=\u00bb\u00ab`css||.selector .dipl_single_woo_product_title {||    font-size: 18px;||}\u00bb global_colors_info=\u00bb{}\u00bb sticky_enabled=\u00bb0&#8243;][\/dipl_woo_products][\/et_pb_column][\/et_pb_row][\/et_pb_section][et_pb_section fb_built=\u00bb1&#8243; module_id=\u00bbrodillos industriales\u00bb _builder_version=\u00bb4.27.3&#8243; _module_preset=\u00bbdefault\u00bb background_color=\u00bb#F7F7F7&#8243; global_colors_info=\u00bb{}\u00bb][et_pb_row _builder_version=\u00bb4.27.3&#8243; _module_preset=\u00bbdefault\u00bb background_color=\u00bb#0168B3&#8243; custom_padding=\u00bb|2%||2%|false|true\u00bb global_colors_info=\u00bb{}\u00bb][et_pb_column type=\u00bb4_4&#8243; _builder_version=\u00bb4.27.3&#8243; _module_preset=\u00bbdefault\u00bb global_colors_info=\u00bb{}\u00bb][et_pb_text _builder_version=\u00bb4.27.3&#8243; _module_preset=\u00bbdefault\u00bb header_2_text_color=\u00bb#FFFFFF\u00bb global_colors_info=\u00bb{}\u00bb]<\/p>\n<h2>Nuestras laminadoras industriales<\/h2>\n<p>[\/et_pb_text][\/et_pb_column][\/et_pb_row][et_pb_row _builder_version=\u00bb4.27.3&#8243; _module_preset=\u00bbdefault\u00bb global_colors_info=\u00bb{}\u00bb][et_pb_column type=\u00bb4_4&#8243; _builder_version=\u00bb4.27.3&#8243; _module_preset=\u00bbdefault\u00bb global_colors_info=\u00bb{}\u00bb][dipl_woo_products products_order_by=\u00bbmenu_order\u00bb products_order=\u00bbASC\u00bb include_categories=\u00bb29&#8243; column_spacing=\u00bb20px\u00bb quickview_link_text=\u00bbSchnellansicht\u00bb show_add_to_cart=\u00bbon\u00bb simple_add_to_cart_text=\u00bbZu den Produktdetails\u00bb variable_add_to_cart_text=\u00bbZu den Produktdetails\u00bb grouped_add_to_cart_text=\u00bbZu den Produktdetails\u00bb external_add_to_cart_text=\u00bbZu den Produktdetails\u00bb add_to_cart_bg_color=\u00bb#FFFFFF\u00bb add_to_cart_icon=\u00bb&#xe060;||divi||400&#8243; add_to_cart_on_hover=\u00bboff\u00bb _builder_version=\u00bb4.27.3&#8243; _module_preset=\u00bb8db69e19-d473-42b8-91c2-05b0343d2016&#8243; custom_css_free_form=\u00bb\u00ab`css||.selector .dipl_single_woo_product_title {||    font-size: 18px;||}\u00bb global_colors_info=\u00bb{}\u00bb][\/dipl_woo_products][\/et_pb_column][\/et_pb_row][\/et_pb_section]<\/p>\n","protected":false},"excerpt":{"rendered":"<p>Nuestros productos<div class=\"et_pb_module dipi_button_grid dipi_button_grid_0 et_clickable\">\n\t\t\t\t\n\t\t\t\t\n\t\t\t\t\n\t\t\t\t\n\t\t\t\t\n\t\t\t\t\n\t\t\t\t<div class=\"et_pb_module_inner\">\n\t\t\t\t\t<div class=\"dipi-button-grid-container\">\n                <div class=\"et_pb_module dipi_button_grid_child dipi_button_grid_child_0\">\n\t\t\t\t\n\t\t\t\t\n\t\t\t\t\n\t\t\t\t\n\t\t\t\t\n\t\t\t\t\n\t\t\t\t<div class=\"et_pb_module_inner\">\n\t\t\t\t\t<a class=\"et_pb_button dipi-button-grid dipi-button-wrap\" href=\"https:\/\/www.dima-maschinen.de\/produkte\/#goldschmiedewalzen\">Rodillos orfebres<\/a>\n\t\t\t\t<\/div>\n\t\t\t<\/div><div class=\"et_pb_module dipi_button_grid_child dipi_button_grid_child_1\">\n\t\t\t\t\n\t\t\t\t\n\t\t\t\t\n\t\t\t\t\n\t\t\t\t\n\t\t\t\t\n\t\t\t\t<div class=\"et_pb_module_inner\">\n\t\t\t\t\t<a class=\"et_pb_button dipi-button-grid dipi-button-wrap\" href=\"https:\/\/www.dima-maschinen.de\/produkte\/#industriewalzen\">Rodillos industriales<\/a>\n\t\t\t\t<\/div>\n\t\t\t<\/div>\n            <\/div>\n\t\t\t\t<\/div>\n\t\t\t<\/div>Nuestras laminadoras (Tren de laminaci\u00f3n) Descubre nuestras laminadoras de alta calidad en acci\u00f3n. Esta galer\u00eda muestra el rendimiento y la precisi\u00f3n de nuestros productos, [&hellip;]<\/p>\n","protected":false},"author":1,"featured_media":0,"parent":0,"menu_order":0,"comment_status":"closed","ping_status":"closed","template":"","meta":{"_et_pb_use_builder":"on","_et_pb_old_content":"","_et_gb_content_width":"","iawp_total_views":5,"footnotes":""},"dipi_cpt_category":[],"class_list":["post-2559","page","type-page","status-publish","hentry"],"_links":{"self":[{"href":"https:\/\/www.dima-maschinen.de\/es\/wp-json\/wp\/v2\/pages\/2559","targetHints":{"allow":["GET"]}}],"collection":[{"href":"https:\/\/www.dima-maschinen.de\/es\/wp-json\/wp\/v2\/pages"}],"about":[{"href":"https:\/\/www.dima-maschinen.de\/es\/wp-json\/wp\/v2\/types\/page"}],"author":[{"embeddable":true,"href":"https:\/\/www.dima-maschinen.de\/es\/wp-json\/wp\/v2\/users\/1"}],"replies":[{"embeddable":true,"href":"https:\/\/www.dima-maschinen.de\/es\/wp-json\/wp\/v2\/comments?post=2559"}],"version-history":[{"count":0,"href":"https:\/\/www.dima-maschinen.de\/es\/wp-json\/wp\/v2\/pages\/2559\/revisions"}],"wp:attachment":[{"href":"https:\/\/www.dima-maschinen.de\/es\/wp-json\/wp\/v2\/media?parent=2559"}],"wp:term":[{"taxonomy":"dipi_cpt_category","embeddable":true,"href":"https:\/\/www.dima-maschinen.de\/es\/wp-json\/wp\/v2\/dipi_cpt_category?post=2559"}],"curies":[{"name":"wp","href":"https:\/\/api.w.org\/{rel}","templated":true}]}}