{"id":2928,"date":"2024-11-17T23:02:39","date_gmt":"2024-11-17T23:02:39","guid":{"rendered":"https:\/\/dima.mmd-stuttgart.de\/produkt\/k-90-e-maquina-de-doble-rodillo\/"},"modified":"2025-07-10T20:12:21","modified_gmt":"2025-07-10T20:12:21","slug":"k-90-e-maquina-de-doble-rodillo","status":"publish","type":"product","link":"https:\/\/www.dima-maschinen.de\/es\/produkt\/k-90-e-maquina-de-doble-rodillo\/","title":{"rendered":"K 90 E M\u00e1quina de doble rodillo"},"content":{"rendered":"<h3>Laminadora el\u00e9ctrica doble para chapa y alambre<\/h3>\n<h4>El \u00abGoliat\u00bb entre los rodillos de orfebrer\u00eda<\/h4>\n<p>Este rodillo doble est\u00e1 equipado con un potente motor trif\u00e1sico, que garantiza un trabajo r\u00e1pido y preciso incluso con un gran alcance de laminaci\u00f3n.<\/p>\n<div class=\"col-md-12\">Equipada con mesa de entrada y salida, interruptor de pedal de seguridad e interruptor inversor para avance y retroceso.<br \/>\nAdecuada para metales preciosos, metales no f\u00e9rreos y acero blando.<br \/>\nPosibilidad de pintura especial en cualquier color RAL con recargo.<\/div>\n","protected":false},"excerpt":{"rendered":"<h3>Laminadora el\u00e9ctrica doble para chapa y alambre<\/h3>\n<hr>\n<h4>El \u00abGoliat\u00bb entre los rodillos de orfebrer\u00eda<\/h4>\n<p>Este rodillo doble est\u00e1 equipado con un potente motor trif\u00e1sico, que garantiza un trabajo r\u00e1pido y preciso incluso con un gran alcance de laminaci\u00f3n.<\/p>\n<hr>\n<h3>Variantes<\/h3>\n<p>Acabado de pintura especial en cualquier color RAL posible con recargo<\/p>\n","protected":false},"featured_media":1570,"comment_status":"open","ping_status":"closed","template":"","meta":{"_et_pb_use_builder":"","_et_pb_old_content":"","_et_gb_content_width":"","iawp_total_views":1},"product_brand":[],"product_cat":[123,121,114],"product_tag":[],"class_list":{"0":"post-2928","1":"product","2":"type-product","3":"status-publish","4":"has-post-thumbnail","6":"product_cat-rodillos-dobles","7":"product_cat-rodillos-electricos","8":"product_cat-rodillos-orfebres","10":"first","11":"instock","12":"shipping-taxable","13":"product-type-simple"},"_links":{"self":[{"href":"https:\/\/www.dima-maschinen.de\/es\/wp-json\/wp\/v2\/product\/2928","targetHints":{"allow":["GET"]}}],"collection":[{"href":"https:\/\/www.dima-maschinen.de\/es\/wp-json\/wp\/v2\/product"}],"about":[{"href":"https:\/\/www.dima-maschinen.de\/es\/wp-json\/wp\/v2\/types\/product"}],"replies":[{"embeddable":true,"href":"https:\/\/www.dima-maschinen.de\/es\/wp-json\/wp\/v2\/comments?post=2928"}],"wp:featuredmedia":[{"embeddable":true,"href":"https:\/\/www.dima-maschinen.de\/es\/wp-json\/wp\/v2\/media\/1570"}],"wp:attachment":[{"href":"https:\/\/www.dima-maschinen.de\/es\/wp-json\/wp\/v2\/media?parent=2928"}],"wp:term":[{"taxonomy":"product_brand","embeddable":true,"href":"https:\/\/www.dima-maschinen.de\/es\/wp-json\/wp\/v2\/product_brand?post=2928"},{"taxonomy":"product_cat","embeddable":true,"href":"https:\/\/www.dima-maschinen.de\/es\/wp-json\/wp\/v2\/product_cat?post=2928"},{"taxonomy":"product_tag","embeddable":true,"href":"https:\/\/www.dima-maschinen.de\/es\/wp-json\/wp\/v2\/product_tag?post=2928"}],"curies":[{"name":"wp","href":"https:\/\/api.w.org\/{rel}","templated":true}]}}