{"id":2934,"date":"2024-11-17T22:57:59","date_gmt":"2024-11-17T22:57:59","guid":{"rendered":"https:\/\/dima.mmd-stuttgart.de\/produkt\/k-65-e-maquina-de-doble-rodillo\/"},"modified":"2025-07-10T20:12:23","modified_gmt":"2025-07-10T20:12:23","slug":"k-65-e-maquina-de-doble-rodillo","status":"publish","type":"product","link":"https:\/\/www.dima-maschinen.de\/es\/produkt\/k-65-e-maquina-de-doble-rodillo\/","title":{"rendered":"K 65 E M\u00e1quina de doble rodillo"},"content":{"rendered":"<h3>Laminadora el\u00e9ctrica doble para chapa y alambre<\/h3>\n<h4>Nuestra m\u00e1quina el\u00e9ctrica de doble rodillo m\u00e1s vendida.<\/h4>\n<p>El rodillo motorizado, probado durante muchos a\u00f1os, se adapta perfectamente a las necesidades de los talleres de joyer\u00eda, orfebrer\u00eda, industria joyera y laboratorios. El poco espacio que ocupa tambi\u00e9n permite su instalaci\u00f3n en talleres peque\u00f1os. <\/p>\n","protected":false},"excerpt":{"rendered":"<h3>Laminadora el\u00e9ctrica doble para chapa y alambre<\/h3>\n<hr>\n<h4>Nuestra m\u00e1quina el\u00e9ctrica de doble rodillo m\u00e1s vendida.<\/h4>\n<p>El rodillo motorizado, probado durante muchos a\u00f1os, se adapta perfectamente a las necesidades de los talleres de joyer\u00eda, orfebrer\u00eda, industria joyera y laboratorios. El poco espacio que ocupa tambi\u00e9n permite su instalaci\u00f3n en talleres peque\u00f1os. <\/p>\n<hr>\n<h3>Variantes<\/h3>\n<ul>\n<li>Soporte para tubos - casi todas las m\u00e1quinas se suministran con un soporte para tubos<\/li>\n<li>Z\u00f3calo para banco de trabajo - para montaje en mesa<\/li>\n<li>Ajuste central - para el ajuste centralizado de los rodillos de alambre<\/li>\n<\/ul>\n<p>Acabado de pintura especial en cualquier color RAL posible con recargo<\/p>\n","protected":false},"featured_media":1569,"comment_status":"open","ping_status":"closed","template":"","meta":{"_et_pb_use_builder":"","_et_pb_old_content":"","_et_gb_content_width":"","iawp_total_views":1},"product_brand":[],"product_cat":[123,121,114],"product_tag":[],"class_list":{"0":"post-2934","1":"product","2":"type-product","3":"status-publish","4":"has-post-thumbnail","6":"product_cat-rodillos-dobles","7":"product_cat-rodillos-electricos","8":"product_cat-rodillos-orfebres","10":"first","11":"instock","12":"shipping-taxable","13":"product-type-simple"},"_links":{"self":[{"href":"https:\/\/www.dima-maschinen.de\/es\/wp-json\/wp\/v2\/product\/2934","targetHints":{"allow":["GET"]}}],"collection":[{"href":"https:\/\/www.dima-maschinen.de\/es\/wp-json\/wp\/v2\/product"}],"about":[{"href":"https:\/\/www.dima-maschinen.de\/es\/wp-json\/wp\/v2\/types\/product"}],"replies":[{"embeddable":true,"href":"https:\/\/www.dima-maschinen.de\/es\/wp-json\/wp\/v2\/comments?post=2934"}],"wp:featuredmedia":[{"embeddable":true,"href":"https:\/\/www.dima-maschinen.de\/es\/wp-json\/wp\/v2\/media\/1569"}],"wp:attachment":[{"href":"https:\/\/www.dima-maschinen.de\/es\/wp-json\/wp\/v2\/media?parent=2934"}],"wp:term":[{"taxonomy":"product_brand","embeddable":true,"href":"https:\/\/www.dima-maschinen.de\/es\/wp-json\/wp\/v2\/product_brand?post=2934"},{"taxonomy":"product_cat","embeddable":true,"href":"https:\/\/www.dima-maschinen.de\/es\/wp-json\/wp\/v2\/product_cat?post=2934"},{"taxonomy":"product_tag","embeddable":true,"href":"https:\/\/www.dima-maschinen.de\/es\/wp-json\/wp\/v2\/product_tag?post=2934"}],"curies":[{"name":"wp","href":"https:\/\/api.w.org\/{rel}","templated":true}]}}