{"id":2954,"date":"2024-11-05T12:16:18","date_gmt":"2024-11-05T12:16:18","guid":{"rendered":"https:\/\/dima.mmd-stuttgart.de\/produkt\/k-65-maquina-de-doble-rodillo\/"},"modified":"2025-07-10T20:12:27","modified_gmt":"2025-07-10T20:12:27","slug":"k-65-maquina-de-doble-rodillo","status":"publish","type":"product","link":"https:\/\/www.dima-maschinen.de\/es\/produkt\/k-65-maquina-de-doble-rodillo\/","title":{"rendered":"K 65 M\u00e1quina de doble rodillo"},"content":{"rendered":"<h2>Laminadora doble K 65 para chapa y alambre<\/h2>\n<h3>La laminadora cl\u00e1sica para el orfebre<\/h3>\n<p>Rodillo doble con un par de rodillos de chapa y otro de alambre. M\u00e1quina laminadora con gran relaci\u00f3n de reducci\u00f3n y casquillos de cojinete sin mantenimiento para facilitar el funcionamiento.<br \/>\nAdecuada para metales preciosos, metales no f\u00e9rreos y acero blando. <\/p>\n","protected":false},"excerpt":{"rendered":"<h3>Para chapa y alambre<\/h3>\n<hr>\n<h4>La laminadora cl\u00e1sica para el orfebre<\/h4>\n<p>Rodillo doble con un par de rodillos de chapa y otro de alambre. M\u00e1quina laminadora con gran relaci\u00f3n de reducci\u00f3n y casquillos de cojinete sin mantenimiento para facilitar el funcionamiento.<br \/>\nAdecuada para metales preciosos, metales no f\u00e9rreos y acero blando. <\/p>\n<hr>\n<h3>Variantes<\/h3>\n<ul>\n<li>Soporte para tubos - casi todas las m\u00e1quinas se suministran con un soporte para tubos<\/li>\n<li>Z\u00f3calo para banco de trabajo - para montaje en mesa<\/li>\n<li>Ajuste central - para el ajuste centralizado de los rodillos de alambre<\/li>\n<\/ul>\n<p>Acabado de pintura especial en cualquier color RAL posible con recargo<\/p>\n","protected":false},"featured_media":1568,"comment_status":"open","ping_status":"closed","template":"","meta":{"_et_pb_use_builder":"","_et_pb_old_content":"","_et_gb_content_width":"","iawp_total_views":1},"product_brand":[],"product_cat":[123,114],"product_tag":[],"class_list":{"0":"post-2954","1":"product","2":"type-product","3":"status-publish","4":"has-post-thumbnail","6":"product_cat-rodillos-dobles","7":"product_cat-rodillos-orfebres","9":"first","10":"instock","11":"shipping-taxable","12":"product-type-simple"},"_links":{"self":[{"href":"https:\/\/www.dima-maschinen.de\/es\/wp-json\/wp\/v2\/product\/2954","targetHints":{"allow":["GET"]}}],"collection":[{"href":"https:\/\/www.dima-maschinen.de\/es\/wp-json\/wp\/v2\/product"}],"about":[{"href":"https:\/\/www.dima-maschinen.de\/es\/wp-json\/wp\/v2\/types\/product"}],"replies":[{"embeddable":true,"href":"https:\/\/www.dima-maschinen.de\/es\/wp-json\/wp\/v2\/comments?post=2954"}],"wp:featuredmedia":[{"embeddable":true,"href":"https:\/\/www.dima-maschinen.de\/es\/wp-json\/wp\/v2\/media\/1568"}],"wp:attachment":[{"href":"https:\/\/www.dima-maschinen.de\/es\/wp-json\/wp\/v2\/media?parent=2954"}],"wp:term":[{"taxonomy":"product_brand","embeddable":true,"href":"https:\/\/www.dima-maschinen.de\/es\/wp-json\/wp\/v2\/product_brand?post=2954"},{"taxonomy":"product_cat","embeddable":true,"href":"https:\/\/www.dima-maschinen.de\/es\/wp-json\/wp\/v2\/product_cat?post=2954"},{"taxonomy":"product_tag","embeddable":true,"href":"https:\/\/www.dima-maschinen.de\/es\/wp-json\/wp\/v2\/product_tag?post=2954"}],"curies":[{"name":"wp","href":"https:\/\/api.w.org\/{rel}","templated":true}]}}