{"id":2391,"date":"2024-11-13T15:59:03","date_gmt":"2024-11-13T15:59:03","guid":{"rendered":"https:\/\/dima.mmd-stuttgart.de\/produits\/"},"modified":"2025-07-14T09:04:34","modified_gmt":"2025-07-14T09:04:34","slug":"produits","status":"publish","type":"page","link":"https:\/\/www.dima-maschinen.de\/fr\/produits\/","title":{"rendered":"Produits"},"content":{"rendered":"<p>[et_pb_section fb_built=\u00a0\u00bb1&Prime; _builder_version=\u00a0\u00bb4.27.3&Prime; use_background_color_gradient=\u00a0\u00bbon\u00a0\u00bb background_color_gradient_stops=\u00a0\u00bb#000000 0%|rgba(255,255,255,0) 98%\u00a0\u00bb background_color_gradient_overlays_image=\u00a0\u00bbon\u00a0\u00bb background_image=\u00a0\u00bbhttps:\/\/www.dima-maschinen.de\/wp-content\/uploads\/2024\/11\/industriewalzenbild.jpg\u00a0\u00bb parallax=\u00a0\u00bbon\u00a0\u00bb custom_padding=\u00a0\u00bb6%||4%||false|false\u00a0\u00bb global_colors_info=\u00a0\u00bb{}\u00a0\u00bb][et_pb_row _builder_version=\u00a0\u00bb4.27.3&Prime; _module_preset=\u00a0\u00bb6dee9476-9a9d-47a0-bc07-87c91e091a17&Prime; background_enable_color=\u00a0\u00bboff\u00a0\u00bb width=\u00a0\u00bb90%\u00a0\u00bb custom_margin=\u00a0\u00bb||2%||false|false\u00a0\u00bb custom_padding=\u00a0\u00bb0px||0px||false|false\u00a0\u00bb global_colors_info=\u00a0\u00bb{}\u00a0\u00bb][et_pb_column type=\u00a0\u00bb4_4&Prime; _builder_version=\u00a0\u00bb4.19.2&Prime; background_enable_color=\u00a0\u00bboff\u00a0\u00bb custom_padding=\u00a0\u00bb2%|2%|2%|2%|true|true\u00a0\u00bb global_colors_info=\u00a0\u00bb{}\u00a0\u00bb custom_padding__hover=\u00a0\u00bb|||\u00a0\u00bb][et_pb_text _builder_version=\u00a0\u00bb4.27.3&Prime; _module_preset=\u00a0\u00bb65e3c80d-e665-4f45-92aa-be2142e6d996&Prime; text_text_color=\u00a0\u00bb#FFFFFF\u00a0\u00bb header_text_align=\u00a0\u00bbcenter\u00a0\u00bb header_text_color=\u00a0\u00bb#FFFFFF\u00a0\u00bb header_2_text_color=\u00a0\u00bb#FFFFFF\u00a0\u00bb header_3_text_color=\u00a0\u00bb#FFFFFF\u00a0\u00bb global_colors_info=\u00a0\u00bb{}\u00a0\u00bb]<\/p>\n<h1>Nos produits<\/h1>\n<p>[\/et_pb_text][\/et_pb_column][\/et_pb_row][et_pb_row _builder_version=\u00a0\u00bb4.27.3&Prime; _module_preset=\u00a0\u00bb1c0fadb9-b7a1-4fc3-bda2-01acb54e7fba\u00a0\u00bb global_colors_info=\u00a0\u00bb{}\u00a0\u00bb][et_pb_column type=\u00a0\u00bb4_4&Prime; _builder_version=\u00a0\u00bb4.27.3&Prime; _module_preset=\u00a0\u00bbdefault\u00a0\u00bb global_colors_info=\u00a0\u00bb{}\u00a0\u00bb][dipi_button_grid flex_direction=\u00a0\u00bbrow\u00a0\u00bb align_items=\u00a0\u00bbcenter\u00a0\u00bb _builder_version=\u00a0\u00bb4.27.3&Prime; _module_preset=\u00a0\u00bb_initial\u00a0\u00bb link_option_url=\u00a0\u00bb\/#\u00a0\u00bb global_colors_info=\u00a0\u00bb{}\u00a0\u00bb][dipi_button_grid_child button_id=\u00a0\u00bbGoldschmiedewalzen\u00a0\u00bb button_type=\u00a0\u00bbdp_button\u00a0\u00bb button_text=\u00a0\u00bbRouleaux d&apos;orf\u00e8vrerie\u00a0\u00bb button_link=\u00a0\u00bbhttps:\/\/www.dima-maschinen.de\/produkte\/#goldschmiedewalzen\u00a0\u00bb _builder_version=\u00a0\u00bb4.27.3&Prime; _module_preset=\u00a0\u00bbdefault\u00a0\u00bb background_color=\u00a0\u00bb#FFFFFF\u00a0\u00bb background_enable_color=\u00a0\u00bbon\u00a0\u00bb custom_button=\u00a0\u00bbon\u00a0\u00bb button_text_color=\u00a0\u00bb#b8860a\u00a0\u00bb button_use_icon=\u00a0\u00bboff\u00a0\u00bb global_colors_info=\u00a0\u00bb{}\u00a0\u00bb][\/dipi_button_grid_child][dipi_button_grid_child button_id=\u00a0\u00bbIndustriewalzen\u00a0\u00bb button_text=\u00a0\u00bbRouleaux industriels\u00a0\u00bb button_link=\u00a0\u00bbhttps:\/\/www.dima-maschinen.de\/produkte\/#industriewalzen\u00a0\u00bb _builder_version=\u00a0\u00bb4.27.3&Prime; _module_preset=\u00a0\u00bbdefault\u00a0\u00bb background_color=\u00a0\u00bb#FFFFFF\u00a0\u00bb background_enable_color=\u00a0\u00bbon\u00a0\u00bb custom_button=\u00a0\u00bbon\u00a0\u00bb button_use_icon=\u00a0\u00bboff\u00a0\u00bb global_colors_info=\u00a0\u00bb{}\u00a0\u00bb][\/dipi_button_grid_child][\/dipi_button_grid][\/et_pb_column][\/et_pb_row][\/et_pb_section][et_pb_section fb_built=\u00a0\u00bb1&Prime; admin_label=\u00a0\u00bbGallery\u00a0\u00bb _builder_version=\u00a0\u00bb4.27.3&Prime; _module_preset=\u00a0\u00bbdefault\u00a0\u00bb global_module=\u00a0\u00bb1863&Prime; saved_tabs=\u00a0\u00bball\u00a0\u00bb locked=\u00a0\u00bboff\u00a0\u00bb collapsed=\u00a0\u00bbon\u00a0\u00bb global_colors_info=\u00a0\u00bb{}\u00a0\u00bb][et_pb_row column_structure=\u00a0\u00bb1_3,1_3,1_3&Prime; _builder_version=\u00a0\u00bb4.27.4&Prime; _module_preset=\u00a0\u00bbdefault\u00a0\u00bb global_colors_info=\u00a0\u00bb{}\u00a0\u00bb][et_pb_column type=\u00a0\u00bb1_3&Prime; _builder_version=\u00a0\u00bb4.27.4&Prime; _module_preset=\u00a0\u00bbdefault\u00a0\u00bb global_colors_info=\u00a0\u00bb{}\u00a0\u00bb][et_pb_text quote_border_color=\u00a0\u00bb#57cc99&Prime; _builder_version=\u00a0\u00bb4.27.4&Prime; _module_preset=\u00a0\u00bb65e3c80d-e665-4f45-92aa-be2142e6d996&Prime; link_font=\u00a0\u00bb|Proza Libre_weight|||||||\u00a0\u00bb link_text_color=\u00a0\u00bb#22577a\u00a0\u00bb quote_font=\u00a0\u00bbCormorant Garamond|Cormorant Garamond_weight|||||||\u00a0\u00bb quote_text_color=\u00a0\u00bb#111111&Prime; header_text_color=\u00a0\u00bb#111111&Prime; header_2_text_color=\u00a0\u00bb#111111&Prime; header_3_text_color=\u00a0\u00bb#111111&Prime; header_4_text_color=\u00a0\u00bb#111111&Prime; header_5_text_color=\u00a0\u00bb#111111&Prime; header_6_text_color=\u00a0\u00bb#111111&Prime; min_height=\u00a0\u00bb295px\u00a0\u00bb min_height_tablet=\u00a0\u00bb294px\u00a0\u00bb min_height_phone=\u00a0\u00bb294px\u00a0\u00bb min_height_last_edited=\u00a0\u00bbon|desktop\u00a0\u00bb custom_margin=\u00a0\u00bb||30px||false|false\u00a0\u00bb locked=\u00a0\u00bboff\u00a0\u00bb global_colors_info=\u00a0\u00bb{}\u00a0\u00bb]<\/p>\n<h2>Nos machines \u00e0 laminer (Rolling Mill)<\/h2>\n<p>D\u00e9couvrez nos machines \u00e0 laminer de haute qualit\u00e9 en action. Cette galerie montre la performance et la pr\u00e9cision de nos produits, qui sont appr\u00e9ci\u00e9s depuis des d\u00e9cennies dans l&rsquo;industrie de la transformation des m\u00e9taux.<\/p>\n<p>[\/et_pb_text][et_pb_image src=\u00a0\u00bbhttps:\/\/www.dima-maschinen.de\/wp-content\/uploads\/2024\/11\/dima_k_300_300.jpg\u00a0\u00bb alt=\u00a0\u00bbLaminoir industriel K300\/300&Prime; title_text=\u00a0\u00bbLaminoir industriel K300\/300&Prime; show_in_lightbox=\u00a0\u00bbon\u00a0\u00bb use_overlay=\u00a0\u00bbon\u00a0\u00bb overlay_icon_color=\u00a0\u00bb#57cc99&Prime; _builder_version=\u00a0\u00bb4.27.4&Prime; _module_preset=\u00a0\u00bbb2573321-90ae-402b-9cd2-f46f08e70065&Prime; locked=\u00a0\u00bboff\u00a0\u00bb global_colors_info=\u00a0\u00bb{%22#57cc99%22:%91%22overlay_icon_color%22%93}\u00a0\u00bb][\/et_pb_image][\/et_pb_column][et_pb_column type=\u00a0\u00bb1_3&Prime; _builder_version=\u00a0\u00bb4.17.4&Prime; _module_preset=\u00a0\u00bbdefault\u00a0\u00bb global_colors_info=\u00a0\u00bb{}\u00a0\u00bb][et_pb_image src=\u00a0\u00bbhttps:\/\/www.dima-maschinen.de\/wp-content\/uploads\/2025\/01\/k-130-130-2-dima-blechwalze-4-3.jpg\u00a0\u00bb alt=\u00a0\u00bbK130\/130 Servo\u00a0\u00bb title_text=\u00a0\u00bbK130\/130 Servo\u00a0\u00bb show_in_lightbox=\u00a0\u00bbon\u00a0\u00bb use_overlay=\u00a0\u00bbon\u00a0\u00bb overlay_icon_color=\u00a0\u00bb#57cc99&Prime; _builder_version=\u00a0\u00bb4.27.4&Prime; _module_preset=\u00a0\u00bbb2573321-90ae-402b-9cd2-f46f08e70065&Prime; locked=\u00a0\u00bboff\u00a0\u00bb global_colors_info=\u00a0\u00bb{%22#57cc99%22:%91%22overlay_icon_color%22%93}\u00a0\u00bb][\/et_pb_image][et_pb_image src=\u00a0\u00bbhttps:\/\/www.dima-maschinen.de\/wp-content\/uploads\/2025\/01\/d-64-e-drahtwalze_12-126.jpg\u00a0\u00bb alt=\u00a0\u00bbD 64 E Machine \u00e9lectrique \u00e0 laminer le fil\u00a0\u00bb title_text=\u00a0\u00bbD 64 E Machine \u00e9lectrique \u00e0 laminer le fil\u00a0\u00bb show_in_lightbox=\u00a0\u00bbon\u00a0\u00bb use_overlay=\u00a0\u00bbon\u00a0\u00bb overlay_icon_color=\u00a0\u00bb#57cc99&Prime; _builder_version=\u00a0\u00bb4.27.4&Prime; _module_preset=\u00a0\u00bbb2573321-90ae-402b-9cd2-f46f08e70065&Prime; locked=\u00a0\u00bboff\u00a0\u00bb global_colors_info=\u00a0\u00bb{%22#57cc99%22:%91%22overlay_icon_color%22%93}\u00a0\u00bb][\/et_pb_image][\/et_pb_column][et_pb_column type=\u00a0\u00bb1_3&Prime; _builder_version=\u00a0\u00bb4.17.4&Prime; _module_preset=\u00a0\u00bbdefault\u00a0\u00bb global_colors_info=\u00a0\u00bb{}\u00a0\u00bb][et_pb_image src=\u00a0\u00bbhttps:\/\/www.dima-maschinen.de\/wp-content\/uploads\/2025\/01\/k-200-200_4_3.jpg\u00a0\u00bb alt=\u00a0\u00bbLaminoir industriel K200\/200&Prime; title_text=\u00a0\u00bbLaminoir industriel K200\/200&Prime; show_in_lightbox=\u00a0\u00bbon\u00a0\u00bb use_overlay=\u00a0\u00bbon\u00a0\u00bb overlay_icon_color=\u00a0\u00bb#57cc99&Prime; _builder_version=\u00a0\u00bb4.27.4&Prime; _module_preset=\u00a0\u00bbb2573321-90ae-402b-9cd2-f46f08e70065&Prime; locked=\u00a0\u00bboff\u00a0\u00bb global_colors_info=\u00a0\u00bb{%22#57cc99%22:%91%22overlay_icon_color%22%93}\u00a0\u00bb][\/et_pb_image][et_pb_image src=\u00a0\u00bbhttps:\/\/www.dima-maschinen.de\/wp-content\/uploads\/2024\/11\/k_120_160_04_blechwalze_sheet_rolling_mill.jpg\u00a0\u00bb alt=\u00a0\u00bbK 120\/160 Rouleau de t\u00f4le Sheet-rolling-Mill\u00a0\u00bb title_text=\u00a0\u00bbK 120\/160 Rouleau de t\u00f4le Sheet-rolling-Mill\u00a0\u00bb show_in_lightbox=\u00a0\u00bbon\u00a0\u00bb use_overlay=\u00a0\u00bbon\u00a0\u00bb overlay_icon_color=\u00a0\u00bb#57cc99&Prime; _builder_version=\u00a0\u00bb4.27.4&Prime; _module_preset=\u00a0\u00bbb2573321-90ae-402b-9cd2-f46f08e70065&Prime; locked=\u00a0\u00bboff\u00a0\u00bb global_colors_info=\u00a0\u00bb{%22#57cc99%22:%91%22overlay_icon_color%22%93}\u00a0\u00bb][\/et_pb_image][\/et_pb_column][\/et_pb_row][\/et_pb_section][et_pb_section fb_built=\u00a0\u00bb1&Prime; module_id=\u00a0\u00bbrouleaux d&apos;orf\u00e8vrerie\u00a0\u00bb _builder_version=\u00a0\u00bb4.27.3&Prime; _module_preset=\u00a0\u00bbdefault\u00a0\u00bb background_color=\u00a0\u00bb#F7F7F7&Prime; custom_padding=\u00a0\u00bb||3px|||\u00a0\u00bb locked=\u00a0\u00bboff\u00a0\u00bb global_colors_info=\u00a0\u00bb{}\u00a0\u00bb][et_pb_row _builder_version=\u00a0\u00bb4.27.3&Prime; _module_preset=\u00a0\u00bbdefault\u00a0\u00bb background_color=\u00a0\u00bb#b8860b\u00a0\u00bb custom_padding=\u00a0\u00bb|2%||2%|false|true\u00a0\u00bb global_colors_info=\u00a0\u00bb{}\u00a0\u00bb][et_pb_column type=\u00a0\u00bb4_4&Prime; _builder_version=\u00a0\u00bb4.27.3&Prime; _module_preset=\u00a0\u00bbdefault\u00a0\u00bb global_colors_info=\u00a0\u00bb{}\u00a0\u00bb][et_pb_text _builder_version=\u00a0\u00bb4.27.3&Prime; _module_preset=\u00a0\u00bbdefault\u00a0\u00bb header_2_text_color=\u00a0\u00bb#FFFFFF\u00a0\u00bb global_colors_info=\u00a0\u00bb{}\u00a0\u00bb]<\/p>\n<h2>Nos rouleaux d&rsquo;orf\u00e8vrerie<\/h2>\n<p>[\/et_pb_text][\/et_pb_column][\/et_pb_row][et_pb_row _builder_version=\u00a0\u00bb4.27.3&Prime; _module_preset=\u00a0\u00bbdefault\u00a0\u00bb global_colors_info=\u00a0\u00bb{}\u00a0\u00bb][et_pb_column type=\u00a0\u00bb4_4&Prime; _builder_version=\u00a0\u00bb4.27.3&Prime; _module_preset=\u00a0\u00bbdefault\u00a0\u00bb global_colors_info=\u00a0\u00bb{}\u00a0\u00bb][dipl_woo_products products_order_by=\u00a0\u00bbmenu_order\u00a0\u00bb products_order=\u00a0\u00bbASC\u00a0\u00bb include_categories=\u00a0\u00bb28&Prime; column_spacing=\u00a0\u00bb20px\u00a0\u00bb quickview_link_text=\u00a0\u00bbaper\u00e7u rapide\u00a0\u00bb show_add_to_cart=\u00a0\u00bbon\u00a0\u00bb simple_add_to_cart_text=\u00a0\u00bbZu den Produktdetails\u00a0\u00bb variable_add_to_cart_text=\u00a0\u00bbZu den Produktdetails\u00a0\u00bb grouped_add_to_cart_text=\u00a0\u00bbZu den Produktdetails\u00a0\u00bb external_add_to_cart_text=\u00a0\u00bbZu den Produktdetails\u00a0\u00bb add_to_cart_bg_color=\u00a0\u00bb#FFFFFF\u00a0\u00bb add_to_cart_icon=\u00a0\u00bb&#xe060;||divi||400&Prime; add_to_cart_on_hover=\u00a0\u00bboff\u00a0\u00bb _builder_version=\u00a0\u00bb4.27.4&Prime; _module_preset=\u00a0\u00bb8db69e19-d473-42b8-91c2-05b0343d2016&Prime; hover_enabled=\u00a0\u00bb0&Prime; custom_css_free_form=\u00a0\u00bb\u00ab\u00a0`css||.selector .dipl_single_woo_product_title {||    font-size: 18px;||}\u00a0\u00bb global_colors_info=\u00a0\u00bb{}\u00a0\u00bb sticky_enabled=\u00a0\u00bb0&Prime;][\/dipl_woo_products][\/et_pb_column][\/et_pb_row][\/et_pb_section][et_pb_section fb_built=\u00a0\u00bb1&Prime; module_id=\u00a0\u00bbrouleaux industriels\u00a0\u00bb _builder_version=\u00a0\u00bb4.27.3&Prime; _module_preset=\u00a0\u00bbdefault\u00a0\u00bb background_color=\u00a0\u00bb#F7F7F7&Prime; global_colors_info=\u00a0\u00bb{}\u00a0\u00bb][et_pb_row _builder_version=\u00a0\u00bb4.27.3&Prime; _module_preset=\u00a0\u00bbdefault\u00a0\u00bb background_color=\u00a0\u00bb#0168B3&Prime; custom_padding=\u00a0\u00bb|2%||2%|false|true\u00a0\u00bb global_colors_info=\u00a0\u00bb{}\u00a0\u00bb][et_pb_column type=\u00a0\u00bb4_4&Prime; _builder_version=\u00a0\u00bb4.27.3&Prime; _module_preset=\u00a0\u00bbdefault\u00a0\u00bb global_colors_info=\u00a0\u00bb{}\u00a0\u00bb][et_pb_text _builder_version=\u00a0\u00bb4.27.3&Prime; _module_preset=\u00a0\u00bbdefault\u00a0\u00bb header_2_text_color=\u00a0\u00bb#FFFFFF\u00a0\u00bb global_colors_info=\u00a0\u00bb{}\u00a0\u00bb]<\/p>\n<h2>Nos machines de laminage industriel<\/h2>\n<p>[\/et_pb_text][\/et_pb_column][\/et_pb_row][et_pb_row _builder_version=\u00a0\u00bb4.27.3&Prime; _module_preset=\u00a0\u00bbdefault\u00a0\u00bb global_colors_info=\u00a0\u00bb{}\u00a0\u00bb][et_pb_column type=\u00a0\u00bb4_4&Prime; _builder_version=\u00a0\u00bb4.27.3&Prime; _module_preset=\u00a0\u00bbdefault\u00a0\u00bb global_colors_info=\u00a0\u00bb{}\u00a0\u00bb][dipl_woo_products products_order_by=\u00a0\u00bbmenu_order\u00a0\u00bb products_order=\u00a0\u00bbASC\u00a0\u00bb include_categories=\u00a0\u00bb29&Prime; column_spacing=\u00a0\u00bb20px\u00a0\u00bb quickview_link_text=\u00a0\u00bbSchnellansicht\u00a0\u00bb show_add_to_cart=\u00a0\u00bbon\u00a0\u00bb simple_add_to_cart_text=\u00a0\u00bbZu den Produktdetails\u00a0\u00bb variable_add_to_cart_text=\u00a0\u00bbZu den Produktdetails\u00a0\u00bb grouped_add_to_cart_text=\u00a0\u00bbZu den Produktdetails\u00a0\u00bb external_add_to_cart_text=\u00a0\u00bbZu den Produktdetails\u00a0\u00bb add_to_cart_bg_color=\u00a0\u00bb#FFFFFF\u00a0\u00bb add_to_cart_icon=\u00a0\u00bb&#xe060;||divi||400&Prime; add_to_cart_on_hover=\u00a0\u00bboff\u00a0\u00bb _builder_version=\u00a0\u00bb4.27.3&Prime; _module_preset=\u00a0\u00bb8db69e19-d473-42b8-91c2-05b0343d2016&Prime; custom_css_free_form=\u00a0\u00bb\u00ab\u00a0`css||.selector .dipl_single_woo_product_title {||    font-size: 18px;||}\u00a0\u00bb global_colors_info=\u00a0\u00bb{}\u00a0\u00bb][\/dipl_woo_products][\/et_pb_column][\/et_pb_row][\/et_pb_section]<\/p>\n","protected":false},"excerpt":{"rendered":"<p>Nos produits<div class=\"et_pb_module dipi_button_grid dipi_button_grid_0 et_clickable\">\n\t\t\t\t\n\t\t\t\t\n\t\t\t\t\n\t\t\t\t\n\t\t\t\t\n\t\t\t\t\n\t\t\t\t<div class=\"et_pb_module_inner\">\n\t\t\t\t\t<div class=\"dipi-button-grid-container\">\n                <div class=\"et_pb_module dipi_button_grid_child dipi_button_grid_child_0\">\n\t\t\t\t\n\t\t\t\t\n\t\t\t\t\n\t\t\t\t\n\t\t\t\t\n\t\t\t\t\n\t\t\t\t<div class=\"et_pb_module_inner\">\n\t\t\t\t\t<a class=\"et_pb_button dipi-button-grid dipi-button-wrap\" href=\"https:\/\/www.dima-maschinen.de\/produkte\/#goldschmiedewalzen\">Rouleaux d&amp;apos;orf\u00e8vrerie<\/a>\n\t\t\t\t<\/div>\n\t\t\t<\/div><div class=\"et_pb_module dipi_button_grid_child dipi_button_grid_child_1\">\n\t\t\t\t\n\t\t\t\t\n\t\t\t\t\n\t\t\t\t\n\t\t\t\t\n\t\t\t\t\n\t\t\t\t<div class=\"et_pb_module_inner\">\n\t\t\t\t\t<a class=\"et_pb_button dipi-button-grid dipi-button-wrap\" href=\"https:\/\/www.dima-maschinen.de\/produkte\/#industriewalzen\">Rouleaux industriels<\/a>\n\t\t\t\t<\/div>\n\t\t\t<\/div>\n            <\/div>\n\t\t\t\t<\/div>\n\t\t\t<\/div>Nos machines \u00e0 laminer (Rolling Mill) D\u00e9couvrez nos machines \u00e0 laminer de haute qualit\u00e9 en action. Cette galerie montre la performance et la pr\u00e9cision [&hellip;]<\/p>\n","protected":false},"author":1,"featured_media":0,"parent":0,"menu_order":0,"comment_status":"closed","ping_status":"closed","template":"","meta":{"_et_pb_use_builder":"on","_et_pb_old_content":"","_et_gb_content_width":"","iawp_total_views":1,"footnotes":""},"dipi_cpt_category":[],"class_list":["post-2391","page","type-page","status-publish","hentry"],"_links":{"self":[{"href":"https:\/\/www.dima-maschinen.de\/fr\/wp-json\/wp\/v2\/pages\/2391","targetHints":{"allow":["GET"]}}],"collection":[{"href":"https:\/\/www.dima-maschinen.de\/fr\/wp-json\/wp\/v2\/pages"}],"about":[{"href":"https:\/\/www.dima-maschinen.de\/fr\/wp-json\/wp\/v2\/types\/page"}],"author":[{"embeddable":true,"href":"https:\/\/www.dima-maschinen.de\/fr\/wp-json\/wp\/v2\/users\/1"}],"replies":[{"embeddable":true,"href":"https:\/\/www.dima-maschinen.de\/fr\/wp-json\/wp\/v2\/comments?post=2391"}],"version-history":[{"count":0,"href":"https:\/\/www.dima-maschinen.de\/fr\/wp-json\/wp\/v2\/pages\/2391\/revisions"}],"wp:attachment":[{"href":"https:\/\/www.dima-maschinen.de\/fr\/wp-json\/wp\/v2\/media?parent=2391"}],"wp:term":[{"taxonomy":"dipi_cpt_category","embeddable":true,"href":"https:\/\/www.dima-maschinen.de\/fr\/wp-json\/wp\/v2\/dipi_cpt_category?post=2391"}],"curies":[{"name":"wp","href":"https:\/\/api.w.org\/{rel}","templated":true}]}}