{"id":2393,"date":"2024-11-18T19:38:49","date_gmt":"2024-11-18T19:38:49","guid":{"rendered":"https:\/\/dima.mmd-stuttgart.de\/machines-a-laminer-industrielles\/"},"modified":"2025-07-23T08:13:35","modified_gmt":"2025-07-23T08:13:35","slug":"machines-a-laminer-industrielles","status":"publish","type":"page","link":"https:\/\/www.dima-maschinen.de\/fr\/machines-a-laminer-industrielles\/","title":{"rendered":"Machines \u00e0 laminer industrielles"},"content":{"rendered":"<p>[et_pb_section fb_built=\u00a0\u00bb1&Prime; _builder_version=\u00a0\u00bb4.27.4&Prime; _module_preset=\u00a0\u00bbe472f32e-9414-40e4-a61f-85146d71386c\u00a0\u00bb background_image=\u00a0\u00bbhttps:\/\/www.dima-maschinen.de\/wp-content\/uploads\/2025\/01\/k_130_130_dima_blechwalze_.jpg\u00a0\u00bb global_colors_info=\u00a0\u00bb{}\u00a0\u00bb][et_pb_row _builder_version=\u00a0\u00bb4.27.3&Prime; _module_preset=\u00a0\u00bb734c3b74-5aae-4519-a5a6-edc13e501b9e\u00a0\u00bb background_enable_color=\u00a0\u00bboff\u00a0\u00bb width=\u00a0\u00bb90%\u00a0\u00bb global_colors_info=\u00a0\u00bb{}\u00a0\u00bb][et_pb_column type=\u00a0\u00bb4_4&Prime; _builder_version=\u00a0\u00bb4.19.2&Prime; background_enable_color=\u00a0\u00bboff\u00a0\u00bb custom_padding=\u00a0\u00bb2%|2%|2%|2%|true|true\u00a0\u00bb global_colors_info=\u00a0\u00bb{}\u00a0\u00bb custom_padding__hover=\u00a0\u00bb|||\u00a0\u00bb][et_pb_text _builder_version=\u00a0\u00bb4.27.3&Prime; _module_preset=\u00a0\u00bb52fada98-7c13-4f2e-85e6-3ca095ac2173&Prime; global_colors_info=\u00a0\u00bb{}\u00a0\u00bb]<\/p>\n<h1>Machines \u00e0 laminer industrielles<\/h1>\n<p>Notre programme de livraison pour les applications industrielles comprend des rouleaux individuels, des composants, des installations compl\u00e8tes de diff\u00e9rentes tailles. Selon les besoins, nous proposons des accessoires pour nos rouleaux, comme par exemple des enrouleurs et des d\u00e9rouleurs, des jauges d&rsquo;\u00e9paisseur de bande et des dispositifs de redressement. La gamme de laminoirs comprend des cylindres d&rsquo;une largeur de 160 mm \u00e0 500 mm, en duo ou en quarto. Nos installations de laminage industriel sont utilis\u00e9es dans les h\u00f4tels des monnaies publics et priv\u00e9s, dans l&rsquo;industrie de la bijouterie, chez les fabricants d&rsquo;or dentaire, les fabricants de produits semi-finis pour tous les m\u00e9taux laminables, dans les instituts de recherche, les coll\u00e8ges et les universit\u00e9s. La puissance d&rsquo;entra\u00eenement des diff\u00e9rentes installations d\u00e9pend de l&rsquo;utilisation pr\u00e9vue par nos clients.ce texte donne un aper\u00e7u de la mise en page et de la mise en forme du texte.<\/p>\n<p>[\/et_pb_text][\/et_pb_column][\/et_pb_row][et_pb_row _builder_version=\u00a0\u00bb4.27.3&Prime; _module_preset=\u00a0\u00bb1c0fadb9-b7a1-4fc3-bda2-01acb54e7fba\u00a0\u00bb global_module=\u00a0\u00bb1844&Prime; global_colors_info=\u00a0\u00bb{}\u00a0\u00bb][et_pb_column type=\u00a0\u00bb4_4&Prime; _builder_version=\u00a0\u00bb4.27.3&Prime; _module_preset=\u00a0\u00bbdefault\u00a0\u00bb global_colors_info=\u00a0\u00bb{}\u00a0\u00bb][et_pb_text _builder_version=\u00a0\u00bb4.27.3&Prime; _module_preset=\u00a0\u00bbe2b902a9-e44e-4164-8526-6f3a5e5ae0d4&Prime; global_colors_info=\u00a0\u00bb{}\u00a0\u00bb]<\/p>\n<h2>S\u00e9lectionnez le type de rouleau souhait\u00e9.<\/h2>\n<p>[\/et_pb_text][dipi_button_grid _builder_version=\u00a0\u00bb4.27.4&Prime; _module_preset=\u00a0\u00bb2ad19322-c409-4ac8-ae98-d7fdd7f28830&Prime; link_option_url=\u00a0\u00bb\/#\u00a0\u00bb global_colors_info=\u00a0\u00bb{}\u00a0\u00bb][dipi_button_grid_child button_id=\u00a0\u00bbDuo Walzmaschinen\u00a0\u00bb button_type=\u00a0\u00bbdp_button\u00a0\u00bb button_text=\u00a0\u00bbLigne de laminage Duo\u00a0\u00bb button_link=\u00a0\u00bbhttps:\/\/www.dima-maschinen.de\/fr\/produkt-kategorie\/rouleaux-industriels\/ligne-de-laminage-duo\/\u00a0\u00bb _builder_version=\u00a0\u00bb4.27.4&Prime; _module_preset=\u00a0\u00bbdefault\u00a0\u00bb background_color=\u00a0\u00bb#FFFFFF\u00a0\u00bb background_enable_color=\u00a0\u00bbon\u00a0\u00bb custom_button=\u00a0\u00bbon\u00a0\u00bb button_use_icon=\u00a0\u00bboff\u00a0\u00bb global_colors_info=\u00a0\u00bb{}\u00a0\u00bb][\/dipi_button_grid_child][dipi_button_grid_child button_id=\u00a0\u00bbDuo Walzmaschinen\u00a0\u00bb button_text=\u00a0\u00bbMachines \u00e0 laminer Duo\u00a0\u00bb button_link=\u00a0\u00bbhttps:\/\/www.dima-maschinen.de\/fr\/produkt-kategorie\/rouleaux-industriels\/machines-a-laminer-duo\/\u00a0\u00bb _builder_version=\u00a0\u00bb4.27.4&Prime; _module_preset=\u00a0\u00bbdefault\u00a0\u00bb background_color=\u00a0\u00bb#FFFFFF\u00a0\u00bb background_enable_color=\u00a0\u00bbon\u00a0\u00bb custom_button=\u00a0\u00bbon\u00a0\u00bb button_use_icon=\u00a0\u00bboff\u00a0\u00bb global_colors_info=\u00a0\u00bb{}\u00a0\u00bb][\/dipi_button_grid_child][dipi_button_grid_child button_id=\u00a0\u00bbQuarto Walzmaschinen\u00a0\u00bb button_text=\u00a0\u00bbLaminoirs Quarto\u00a0\u00bb button_link=\u00a0\u00bbhttps:\/\/www.dima-maschinen.de\/fr\/produkt-kategorie\/rouleaux-industriels\/laminoirs-quarto\/\u00a0\u00bb _builder_version=\u00a0\u00bb4.27.3&Prime; _module_preset=\u00a0\u00bbdefault\u00a0\u00bb background_color=\u00a0\u00bb#FFFFFF\u00a0\u00bb background_enable_color=\u00a0\u00bbon\u00a0\u00bb custom_button=\u00a0\u00bbon\u00a0\u00bb button_use_icon=\u00a0\u00bboff\u00a0\u00bb global_colors_info=\u00a0\u00bb{}\u00a0\u00bb][\/dipi_button_grid_child][\/dipi_button_grid][\/et_pb_column][\/et_pb_row][\/et_pb_section][et_pb_section fb_built=\u00a0\u00bb1&Prime; _builder_version=\u00a0\u00bb4.27.3&Prime; _module_preset=\u00a0\u00bbdefault\u00a0\u00bb background_color=\u00a0\u00bb#F7F7F7&Prime; global_colors_info=\u00a0\u00bb{}\u00a0\u00bb][et_pb_row _builder_version=\u00a0\u00bb4.27.3&Prime; _module_preset=\u00a0\u00bbdefault\u00a0\u00bb global_colors_info=\u00a0\u00bb{}\u00a0\u00bb][et_pb_column type=\u00a0\u00bb4_4&Prime; _builder_version=\u00a0\u00bb4.27.3&Prime; _module_preset=\u00a0\u00bbdefault\u00a0\u00bb global_colors_info=\u00a0\u00bb{}\u00a0\u00bb][dipl_woo_products products_order_by=\u00a0\u00bbmenu_order\u00a0\u00bb products_order=\u00a0\u00bbASC\u00a0\u00bb include_categories=\u00a0\u00bb29,31,30&Prime; quickview_link_text=\u00a0\u00bbAper\u00e7u rapide\u00a0\u00bb show_add_to_cart=\u00a0\u00bbon\u00a0\u00bb add_to_cart_bg_color=\u00a0\u00bb#FFFFFF\u00a0\u00bb add_to_cart_icon=\u00a0\u00bb&#xe060;||divi||400&Prime; add_to_cart_on_hover=\u00a0\u00bboff\u00a0\u00bb _builder_version=\u00a0\u00bb4.27.4&Prime; _module_preset=\u00a0\u00bb8db69e19-d473-42b8-91c2-05b0343d2016&Prime; hover_enabled=\u00a0\u00bb0&Prime; global_colors_info=\u00a0\u00bb{}\u00a0\u00bb sticky_enabled=\u00a0\u00bb0&Prime;][\/dipl_woo_products][\/et_pb_column][\/et_pb_row][\/et_pb_section][et_pb_section fb_built=\u00a0\u00bb1&Prime; _builder_version=\u00a0\u00bb4.27.4&Prime; _module_preset=\u00a0\u00bbdefault\u00a0\u00bb background_color=\u00a0\u00bb#F7F7F7&Prime; custom_margin=\u00a0\u00bb0px||0px||true|false\u00a0\u00bb custom_padding=\u00a0\u00bb0px||||false|false\u00a0\u00bb global_colors_info=\u00a0\u00bb{}\u00a0\u00bb][et_pb_row _builder_version=\u00a0\u00bb4.27.3&Prime; _module_preset=\u00a0\u00bbdefault\u00a0\u00bb global_colors_info=\u00a0\u00bb{}\u00a0\u00bb][et_pb_column type=\u00a0\u00bb4_4&Prime; _builder_version=\u00a0\u00bb4.27.3&Prime; _module_preset=\u00a0\u00bbdefault\u00a0\u00bb global_colors_info=\u00a0\u00bb{}\u00a0\u00bb][dipl_woo_products_carousel include_categories=\u00a0\u00bb29&Prime; enable_quickview=\u00a0\u00bbon\u00a0\u00bb quickview_link_text=\u00a0\u00bbAper\u00e7u rapide\u00a0\u00bb show_add_to_cart=\u00a0\u00bboff\u00a0\u00bb products_per_slide=\u00a0\u00bb4&Prime; products_per_slide_tablet=\u00a0\u00bb2&Prime; products_per_slide_phone=\u00a0\u00bb1&Prime; _builder_version=\u00a0\u00bb4.27.4&Prime; _module_preset=\u00a0\u00bb9c19b702-5913-44ba-8d56-4e09b0672f92&Prime; hover_enabled=\u00a0\u00bb0&Prime; global_colors_info=\u00a0\u00bb{}\u00a0\u00bb sticky_enabled=\u00a0\u00bb0&Prime;][\/dipl_woo_products_carousel][\/et_pb_column][\/et_pb_row][\/et_pb_section][et_pb_section fb_built=\u00a0\u00bb1&Prime; admin_label=\u00a0\u00bbGallery\u00a0\u00bb _builder_version=\u00a0\u00bb4.27.3&Prime; _module_preset=\u00a0\u00bbdefault\u00a0\u00bb global_module=\u00a0\u00bb1863&Prime; locked=\u00a0\u00bboff\u00a0\u00bb collapsed=\u00a0\u00bbon\u00a0\u00bb global_colors_info=\u00a0\u00bb{}\u00a0\u00bb][et_pb_row column_structure=\u00a0\u00bb1_3,1_3,1_3&Prime; _builder_version=\u00a0\u00bb4.27.4&Prime; _module_preset=\u00a0\u00bbdefault\u00a0\u00bb global_colors_info=\u00a0\u00bb{}\u00a0\u00bb][et_pb_column type=\u00a0\u00bb1_3&Prime; _builder_version=\u00a0\u00bb4.27.4&Prime; _module_preset=\u00a0\u00bbdefault\u00a0\u00bb global_colors_info=\u00a0\u00bb{}\u00a0\u00bb][et_pb_text quote_border_color=\u00a0\u00bb#57cc99&Prime; _builder_version=\u00a0\u00bb4.27.4&Prime; _module_preset=\u00a0\u00bb65e3c80d-e665-4f45-92aa-be2142e6d996&Prime; link_font=\u00a0\u00bb|Proza Libre_weight|||||||\u00a0\u00bb link_text_color=\u00a0\u00bb#22577a\u00a0\u00bb quote_font=\u00a0\u00bbCormorant Garamond|Cormorant Garamond_weight|||||||\u00a0\u00bb quote_text_color=\u00a0\u00bb#111111&Prime; header_text_color=\u00a0\u00bb#111111&Prime; header_2_text_color=\u00a0\u00bb#111111&Prime; header_3_text_color=\u00a0\u00bb#111111&Prime; header_4_text_color=\u00a0\u00bb#111111&Prime; header_5_text_color=\u00a0\u00bb#111111&Prime; header_6_text_color=\u00a0\u00bb#111111&Prime; min_height=\u00a0\u00bb295px\u00a0\u00bb min_height_tablet=\u00a0\u00bb294px\u00a0\u00bb min_height_phone=\u00a0\u00bb294px\u00a0\u00bb min_height_last_edited=\u00a0\u00bbon|desktop\u00a0\u00bb custom_margin=\u00a0\u00bb||30px||false|false\u00a0\u00bb locked=\u00a0\u00bboff\u00a0\u00bb global_colors_info=\u00a0\u00bb{}\u00a0\u00bb]<\/p>\n<h2>Nos machines \u00e0 laminer (Rolling Mill)<\/h2>\n<p>D\u00e9couvrez nos machines \u00e0 laminer de haute qualit\u00e9 en action. Cette galerie montre la performance et la pr\u00e9cision de nos produits, qui sont appr\u00e9ci\u00e9s depuis des d\u00e9cennies dans l&rsquo;industrie de la transformation des m\u00e9taux.<\/p>\n<p>[\/et_pb_text][et_pb_image src=\u00a0\u00bbhttps:\/\/www.dima-maschinen.de\/wp-content\/uploads\/2024\/11\/dima_k_300_300.jpg\u00a0\u00bb alt=\u00a0\u00bbLaminoir industriel K300\/300&Prime; title_text=\u00a0\u00bbLaminoir industriel K300\/300&Prime; show_in_lightbox=\u00a0\u00bbon\u00a0\u00bb use_overlay=\u00a0\u00bbon\u00a0\u00bb overlay_icon_color=\u00a0\u00bb#57cc99&Prime; _builder_version=\u00a0\u00bb4.27.4&Prime; _module_preset=\u00a0\u00bbb2573321-90ae-402b-9cd2-f46f08e70065&Prime; locked=\u00a0\u00bboff\u00a0\u00bb global_colors_info=\u00a0\u00bb{%22#57cc99%22:%91%22overlay_icon_color%22%93}\u00a0\u00bb][\/et_pb_image][\/et_pb_column][et_pb_column type=\u00a0\u00bb1_3&Prime; _builder_version=\u00a0\u00bb4.17.4&Prime; _module_preset=\u00a0\u00bbdefault\u00a0\u00bb global_colors_info=\u00a0\u00bb{}\u00a0\u00bb][et_pb_image src=\u00a0\u00bbhttps:\/\/www.dima-maschinen.de\/wp-content\/uploads\/2025\/01\/k-130-130-2-dima-blechwalze-4-3.jpg\u00a0\u00bb alt=\u00a0\u00bbK130\/130 Servo\u00a0\u00bb title_text=\u00a0\u00bbK130\/130 Servo\u00a0\u00bb show_in_lightbox=\u00a0\u00bbon\u00a0\u00bb use_overlay=\u00a0\u00bbon\u00a0\u00bb overlay_icon_color=\u00a0\u00bb#57cc99&Prime; _builder_version=\u00a0\u00bb4.27.4&Prime; _module_preset=\u00a0\u00bbb2573321-90ae-402b-9cd2-f46f08e70065&Prime; locked=\u00a0\u00bboff\u00a0\u00bb global_colors_info=\u00a0\u00bb{%22#57cc99%22:%91%22overlay_icon_color%22%93}\u00a0\u00bb][\/et_pb_image][et_pb_image src=\u00a0\u00bbhttps:\/\/www.dima-maschinen.de\/wp-content\/uploads\/2025\/01\/d-64-e-drahtwalze_12-126.jpg\u00a0\u00bb alt=\u00a0\u00bbD 64 E Machine \u00e9lectrique \u00e0 laminer le fil\u00a0\u00bb title_text=\u00a0\u00bbD 64 E Machine \u00e9lectrique \u00e0 laminer le fil\u00a0\u00bb show_in_lightbox=\u00a0\u00bbon\u00a0\u00bb use_overlay=\u00a0\u00bbon\u00a0\u00bb overlay_icon_color=\u00a0\u00bb#57cc99&Prime; _builder_version=\u00a0\u00bb4.27.4&Prime; _module_preset=\u00a0\u00bbb2573321-90ae-402b-9cd2-f46f08e70065&Prime; locked=\u00a0\u00bboff\u00a0\u00bb global_colors_info=\u00a0\u00bb{%22#57cc99%22:%91%22overlay_icon_color%22%93}\u00a0\u00bb][\/et_pb_image][\/et_pb_column][et_pb_column type=\u00a0\u00bb1_3&Prime; _builder_version=\u00a0\u00bb4.17.4&Prime; _module_preset=\u00a0\u00bbdefault\u00a0\u00bb global_colors_info=\u00a0\u00bb{}\u00a0\u00bb][et_pb_image src=\u00a0\u00bbhttps:\/\/www.dima-maschinen.de\/wp-content\/uploads\/2025\/01\/k-200-200_4_3.jpg\u00a0\u00bb alt=\u00a0\u00bbLaminoir industriel K200\/200&Prime; title_text=\u00a0\u00bbLaminoir industriel K200\/200&Prime; show_in_lightbox=\u00a0\u00bbon\u00a0\u00bb use_overlay=\u00a0\u00bbon\u00a0\u00bb overlay_icon_color=\u00a0\u00bb#57cc99&Prime; _builder_version=\u00a0\u00bb4.27.4&Prime; _module_preset=\u00a0\u00bbb2573321-90ae-402b-9cd2-f46f08e70065&Prime; locked=\u00a0\u00bboff\u00a0\u00bb global_colors_info=\u00a0\u00bb{%22#57cc99%22:%91%22overlay_icon_color%22%93}\u00a0\u00bb][\/et_pb_image][et_pb_image src=\u00a0\u00bbhttps:\/\/www.dima-maschinen.de\/wp-content\/uploads\/2024\/11\/k_120_160_04_blechwalze_sheet_rolling_mill.jpg\u00a0\u00bb alt=\u00a0\u00bbK 120\/160 Rouleau de t\u00f4le Sheet-rolling-Mill\u00a0\u00bb title_text=\u00a0\u00bbK 120\/160 Rouleau de t\u00f4le Sheet-rolling-Mill\u00a0\u00bb show_in_lightbox=\u00a0\u00bbon\u00a0\u00bb use_overlay=\u00a0\u00bbon\u00a0\u00bb overlay_icon_color=\u00a0\u00bb#57cc99&Prime; _builder_version=\u00a0\u00bb4.27.4&Prime; _module_preset=\u00a0\u00bbb2573321-90ae-402b-9cd2-f46f08e70065&Prime; locked=\u00a0\u00bboff\u00a0\u00bb global_colors_info=\u00a0\u00bb{%22#57cc99%22:%91%22overlay_icon_color%22%93}\u00a0\u00bb][\/et_pb_image][\/et_pb_column][\/et_pb_row][\/et_pb_section]<\/p>\n","protected":false},"excerpt":{"rendered":"<p>Machines \u00e0 laminer industrielles Notre programme de livraison pour les applications industrielles comprend des rouleaux individuels, des composants, des installations compl\u00e8tes de diff\u00e9rentes tailles. Selon les besoins, nous proposons des accessoires pour nos rouleaux, comme par exemple des enrouleurs et des d\u00e9rouleurs, des jauges d&rsquo;\u00e9paisseur de bande et des dispositifs de redressement. La gamme de [&hellip;]<\/p>\n","protected":false},"author":1,"featured_media":0,"parent":0,"menu_order":0,"comment_status":"closed","ping_status":"closed","template":"","meta":{"_et_pb_use_builder":"on","_et_pb_old_content":"","_et_gb_content_width":"","iawp_total_views":5,"footnotes":""},"dipi_cpt_category":[],"class_list":["post-2393","page","type-page","status-publish","hentry"],"_links":{"self":[{"href":"https:\/\/www.dima-maschinen.de\/fr\/wp-json\/wp\/v2\/pages\/2393","targetHints":{"allow":["GET"]}}],"collection":[{"href":"https:\/\/www.dima-maschinen.de\/fr\/wp-json\/wp\/v2\/pages"}],"about":[{"href":"https:\/\/www.dima-maschinen.de\/fr\/wp-json\/wp\/v2\/types\/page"}],"author":[{"embeddable":true,"href":"https:\/\/www.dima-maschinen.de\/fr\/wp-json\/wp\/v2\/users\/1"}],"replies":[{"embeddable":true,"href":"https:\/\/www.dima-maschinen.de\/fr\/wp-json\/wp\/v2\/comments?post=2393"}],"version-history":[{"count":0,"href":"https:\/\/www.dima-maschinen.de\/fr\/wp-json\/wp\/v2\/pages\/2393\/revisions"}],"wp:attachment":[{"href":"https:\/\/www.dima-maschinen.de\/fr\/wp-json\/wp\/v2\/media?parent=2393"}],"wp:term":[{"taxonomy":"dipi_cpt_category","embeddable":true,"href":"https:\/\/www.dima-maschinen.de\/fr\/wp-json\/wp\/v2\/dipi_cpt_category?post=2393"}],"curies":[{"name":"wp","href":"https:\/\/api.w.org\/{rel}","templated":true}]}}