{"id":2407,"date":"2024-11-07T22:11:23","date_gmt":"2024-11-07T22:11:23","guid":{"rendered":"https:\/\/dima.mmd-stuttgart.de\/rouleaux-dorfevrerie\/"},"modified":"2025-07-23T10:02:58","modified_gmt":"2025-07-23T10:02:58","slug":"rouleaux-dorfevrerie","status":"publish","type":"page","link":"https:\/\/www.dima-maschinen.de\/fr\/rouleaux-dorfevrerie\/","title":{"rendered":"Rouleaux d&rsquo;orf\u00e8vrerie"},"content":{"rendered":"<p>[et_pb_section fb_built=\u00a0\u00bb1&Prime; _builder_version=\u00a0\u00bb4.27.3&Prime; use_background_color_gradient=\u00a0\u00bbon\u00a0\u00bb background_color_gradient_stops=\u00a0\u00bb#000000 0%|rgba(255,255,255,0) 98%\u00a0\u00bb background_color_gradient_overlays_image=\u00a0\u00bbon\u00a0\u00bb background_image=\u00a0\u00bbhttps:\/\/www.dima-maschinen.de\/wp-content\/uploads\/2024\/07\/goldschmiedewalzen_2.jpg\u00a0\u00bb parallax=\u00a0\u00bbon\u00a0\u00bb global_colors_info=\u00a0\u00bb{}\u00a0\u00bb][et_pb_row _builder_version=\u00a0\u00bb4.27.3&Prime; _module_preset=\u00a0\u00bb734c3b74-5aae-4519-a5a6-edc13e501b9e\u00a0\u00bb background_enable_color=\u00a0\u00bboff\u00a0\u00bb width=\u00a0\u00bb90%\u00a0\u00bb global_colors_info=\u00a0\u00bb{}\u00a0\u00bb][et_pb_column type=\u00a0\u00bb4_4&Prime; _builder_version=\u00a0\u00bb4.19.2&Prime; background_enable_color=\u00a0\u00bboff\u00a0\u00bb custom_padding=\u00a0\u00bb2%|2%|2%|2%|true|true\u00a0\u00bb global_colors_info=\u00a0\u00bb{}\u00a0\u00bb custom_padding__hover=\u00a0\u00bb|||\u00a0\u00bb][et_pb_text _builder_version=\u00a0\u00bb4.27.4&Prime; _module_preset=\u00a0\u00bb65e3c80d-e665-4f45-92aa-be2142e6d996&Prime; text_text_color=\u00a0\u00bb#FFFFFF\u00a0\u00bb header_text_align=\u00a0\u00bbcenter\u00a0\u00bb header_text_color=\u00a0\u00bb#FFFFFF\u00a0\u00bb header_2_text_color=\u00a0\u00bb#FFFFFF\u00a0\u00bb header_3_text_color=\u00a0\u00bb#FFFFFF\u00a0\u00bb text_orientation=\u00a0\u00bbcenter\u00a0\u00bb global_colors_info=\u00a0\u00bb{}\u00a0\u00bb]<\/p>\n<h1>Rouleaux d&rsquo;orf\u00e8vrerie<\/h1>\n<p>Nous proposons \u00e0 nos clients de venir \u00e0 l&rsquo;atelier pour une visite et une d\u00e9monstration en direct.<\/p>\n<p>[\/et_pb_text][\/et_pb_column][\/et_pb_row][et_pb_row _builder_version=\u00a0\u00bb4.27.3&Prime; _module_preset=\u00a0\u00bb1c0fadb9-b7a1-4fc3-bda2-01acb54e7fba\u00a0\u00bb global_module=\u00a0\u00bb1841&Prime; global_colors_info=\u00a0\u00bb{}\u00a0\u00bb][et_pb_column type=\u00a0\u00bb4_4&Prime; _builder_version=\u00a0\u00bb4.27.3&Prime; _module_preset=\u00a0\u00bbdefault\u00a0\u00bb global_colors_info=\u00a0\u00bb{}\u00a0\u00bb][et_pb_text _builder_version=\u00a0\u00bb4.27.3&Prime; _module_preset=\u00a0\u00bbe2b902a9-e44e-4164-8526-6f3a5e5ae0d4&Prime; global_colors_info=\u00a0\u00bb{}\u00a0\u00bb]<\/p>\n<h2>S\u00e9lectionnez le type de rouleau souhait\u00e9.<\/h2>\n<p>[\/et_pb_text][dipi_button_grid _builder_version=\u00a0\u00bb4.27.4&Prime; _module_preset=\u00a0\u00bb2ad19322-c409-4ac8-ae98-d7fdd7f28830&Prime; button_grid_text_color=\u00a0\u00bb#b8860b\u00a0\u00bb link_option_url=\u00a0\u00bb\/#\u00a0\u00bb global_colors_info=\u00a0\u00bb{}\u00a0\u00bb][dipi_button_grid_child button_id=\u00a0\u00bbDoppelwalzen\u00a0\u00bb button_type=\u00a0\u00bbdp_button\u00a0\u00bb button_text=\u00a0\u00bbRouleaux doubles\u00a0\u00bb button_link=\u00a0\u00bbhttps:\/\/www.dima-maschinen.de\/fr\/produkt-kategorie\/rouleaux-dorfevrerie\/rouleaux-doubles\/\u00a0\u00bb _builder_version=\u00a0\u00bb4.27.3&Prime; _module_preset=\u00a0\u00bbdefault\u00a0\u00bb background_color=\u00a0\u00bb#FFFFFF\u00a0\u00bb background_enable_color=\u00a0\u00bbon\u00a0\u00bb custom_button=\u00a0\u00bbon\u00a0\u00bb button_use_icon=\u00a0\u00bboff\u00a0\u00bb global_colors_info=\u00a0\u00bb{}\u00a0\u00bb][\/dipi_button_grid_child][dipi_button_grid_child button_id=\u00a0\u00bbDrahtwalzen\u00a0\u00bb button_text=\u00a0\u00bbRouleaux de fil m\u00e9tallique\u00a0\u00bb button_link=\u00a0\u00bbhttps:\/\/www.dima-maschinen.de\/fr\/produkt-kategorie\/rouleaux-dorfevrerie\/rouleaux-de-fil-metallique\/\u00a0\u00bb _builder_version=\u00a0\u00bb4.27.3&Prime; _module_preset=\u00a0\u00bbdefault\u00a0\u00bb background_color=\u00a0\u00bb#FFFFFF\u00a0\u00bb background_enable_color=\u00a0\u00bbon\u00a0\u00bb custom_button=\u00a0\u00bbon\u00a0\u00bb button_use_icon=\u00a0\u00bboff\u00a0\u00bb global_colors_info=\u00a0\u00bb{}\u00a0\u00bb][\/dipi_button_grid_child][dipi_button_grid_child button_id=\u00a0\u00bbBlechwalzen\u00a0\u00bb button_text=\u00a0\u00bbRouleaux de t\u00f4le\u00a0\u00bb button_link=\u00a0\u00bbhttps:\/\/www.dima-maschinen.de\/fr\/produkt-kategorie\/rouleaux-dorfevrerie\/rouleaux-de-tole\/\u00a0\u00bb _builder_version=\u00a0\u00bb4.27.3&Prime; _module_preset=\u00a0\u00bbdefault\u00a0\u00bb background_color=\u00a0\u00bb#FFFFFF\u00a0\u00bb background_enable_color=\u00a0\u00bbon\u00a0\u00bb custom_button=\u00a0\u00bbon\u00a0\u00bb button_use_icon=\u00a0\u00bboff\u00a0\u00bb global_colors_info=\u00a0\u00bb{}\u00a0\u00bb][\/dipi_button_grid_child][dipi_button_grid_child button_id=\u00a0\u00bbElektrowalzen\u00a0\u00bb button_text=\u00a0\u00bbRouleaux \u00e9lectriques\u00a0\u00bb button_link=\u00a0\u00bbhttps:\/\/www.dima-maschinen.de\/fr\/produkt-kategorie\/rouleaux-dorfevrerie\/rouleaux-electriques\/\u00a0\u00bb _builder_version=\u00a0\u00bb4.27.3&Prime; _module_preset=\u00a0\u00bbdefault\u00a0\u00bb background_color=\u00a0\u00bb#FFFFFF\u00a0\u00bb background_enable_color=\u00a0\u00bbon\u00a0\u00bb custom_button=\u00a0\u00bbon\u00a0\u00bb button_use_icon=\u00a0\u00bboff\u00a0\u00bb global_colors_info=\u00a0\u00bb{}\u00a0\u00bb][\/dipi_button_grid_child][dipi_button_grid_child button_id=\u00a0\u00bbKombiwalzen\u00a0\u00bb button_text=\u00a0\u00bbRouleaux combin\u00e9s\u00a0\u00bb button_link=\u00a0\u00bbhttps:\/\/www.dima-maschinen.de\/fr\/produkt-kategorie\/rouleaux-dorfevrerie\/rouleaux-combines\/\u00a0\u00bb _builder_version=\u00a0\u00bb4.27.3&Prime; _module_preset=\u00a0\u00bbdefault\u00a0\u00bb background_color=\u00a0\u00bb#FFFFFF\u00a0\u00bb background_enable_color=\u00a0\u00bbon\u00a0\u00bb custom_button=\u00a0\u00bbon\u00a0\u00bb button_use_icon=\u00a0\u00bboff\u00a0\u00bb global_colors_info=\u00a0\u00bb{}\u00a0\u00bb][\/dipi_button_grid_child][\/dipi_button_grid][\/et_pb_column][\/et_pb_row][\/et_pb_section][et_pb_section fb_built=\u00a0\u00bb1&Prime; _builder_version=\u00a0\u00bb4.27.3&Prime; _module_preset=\u00a0\u00bbdefault\u00a0\u00bb background_color=\u00a0\u00bb#F7F7F7&Prime; global_colors_info=\u00a0\u00bb{}\u00a0\u00bb][et_pb_row _builder_version=\u00a0\u00bb4.27.3&Prime; _module_preset=\u00a0\u00bbdefault\u00a0\u00bb global_colors_info=\u00a0\u00bb{}\u00a0\u00bb][et_pb_column type=\u00a0\u00bb4_4&Prime; _builder_version=\u00a0\u00bb4.27.3&Prime; _module_preset=\u00a0\u00bbdefault\u00a0\u00bb global_colors_info=\u00a0\u00bb{}\u00a0\u00bb][dipl_woo_products products_order_by=\u00a0\u00bbmenu_order\u00a0\u00bb products_order=\u00a0\u00bbASC\u00a0\u00bb include_categories=\u00a0\u00bb28&Prime; column_spacing=\u00a0\u00bb20px\u00a0\u00bb quickview_link_text=\u00a0\u00bbAper\u00e7u rapide\u00a0\u00bb show_add_to_cart=\u00a0\u00bbon\u00a0\u00bb simple_add_to_cart_text=\u00a0\u00bbZu den Produktdetails\u00a0\u00bb variable_add_to_cart_text=\u00a0\u00bbZu den Produktdetails\u00a0\u00bb grouped_add_to_cart_text=\u00a0\u00bbZu den Produktdetails\u00a0\u00bb external_add_to_cart_text=\u00a0\u00bbZu den Produktdetails\u00a0\u00bb add_to_cart_bg_color=\u00a0\u00bb#FFFFFF\u00a0\u00bb add_to_cart_icon=\u00a0\u00bb&#xe060;||divi||400&Prime; add_to_cart_on_hover=\u00a0\u00bboff\u00a0\u00bb _builder_version=\u00a0\u00bb4.27.4&Prime; _module_preset=\u00a0\u00bb8db69e19-d473-42b8-91c2-05b0343d2016&Prime; hover_enabled=\u00a0\u00bb0&Prime; custom_css_free_form=\u00a0\u00bb\u00ab\u00a0`css||.selector .dipl_single_woo_product_title {||    font-size: 18px;||}\u00a0\u00bb global_colors_info=\u00a0\u00bb{}\u00a0\u00bb sticky_enabled=\u00a0\u00bb0&Prime;][\/dipl_woo_products][\/et_pb_column][\/et_pb_row][\/et_pb_section][et_pb_section fb_built=\u00a0\u00bb1&Prime; _builder_version=\u00a0\u00bb4.27.3&Prime; _module_preset=\u00a0\u00bbdefault\u00a0\u00bb background_color=\u00a0\u00bb#F7F7F7&Prime; global_colors_info=\u00a0\u00bb{}\u00a0\u00bb][et_pb_row _builder_version=\u00a0\u00bb4.27.3&Prime; _module_preset=\u00a0\u00bbdefault\u00a0\u00bb global_colors_info=\u00a0\u00bb{}\u00a0\u00bb][et_pb_column type=\u00a0\u00bb4_4&Prime; _builder_version=\u00a0\u00bb4.27.3&Prime; _module_preset=\u00a0\u00bbdefault\u00a0\u00bb global_colors_info=\u00a0\u00bb{}\u00a0\u00bb][dipl_woo_products_carousel include_categories=\u00a0\u00bb28&Prime; no_result_text=\u00a0\u00bbEs sind zur Zeit keine Produkte verf\u00fcgbar\u00a0\u00bb enable_quickview=\u00a0\u00bbon\u00a0\u00bb quickview_link_text=\u00a0\u00bbAper\u00e7u rapide\u00a0\u00bb show_add_to_cart=\u00a0\u00bboff\u00a0\u00bb products_per_slide=\u00a0\u00bb4&Prime; products_per_slide_tablet=\u00a0\u00bb2&Prime; products_per_slide_phone=\u00a0\u00bb1&Prime; _builder_version=\u00a0\u00bb4.27.4&Prime; _module_preset=\u00a0\u00bb9c19b702-5913-44ba-8d56-4e09b0672f92&Prime; add_to_cart_font_size=\u00a0\u00bb18px\u00a0\u00bb hover_enabled=\u00a0\u00bb0&Prime; global_colors_info=\u00a0\u00bb{}\u00a0\u00bb sticky_enabled=\u00a0\u00bb0&Prime;][\/dipl_woo_products_carousel][\/et_pb_column][\/et_pb_row][\/et_pb_section]<\/p>\n","protected":false},"excerpt":{"rendered":"<p>Rouleaux d&rsquo;orf\u00e8vrerie Nous proposons \u00e0 nos clients de venir \u00e0 l&rsquo;atelier pour une visite et une d\u00e9monstration en direct.S\u00e9lectionnez le type de rouleau souhait\u00e9.<div class=\"et_pb_module dipi_button_grid dipi_button_grid_0 et_clickable\">\n\t\t\t\t\n\t\t\t\t\n\t\t\t\t\n\t\t\t\t\n\t\t\t\t\n\t\t\t\t\n\t\t\t\t<div class=\"et_pb_module_inner\">\n\t\t\t\t\t<div class=\"dipi-button-grid-container\">\n                \n            <\/div>\n\t\t\t\t<\/div>\n\t\t\t<\/div><div class=\"et_pb_module dipi_button_grid_child dipi_button_grid_child_0\">\n\t\t\t\t\n\t\t\t\t\n\t\t\t\t\n\t\t\t\t\n\t\t\t\t\n\t\t\t\t\n\t\t\t\t<div class=\"et_pb_module_inner\">\n\t\t\t\t\t<a class=\"et_pb_button dipi-button-grid dipi-button-wrap\" href=\"https:\/\/www.dima-maschinen.de\/fr\/produkt-kategorie\/rouleaux-dorfevrerie\/rouleaux-doubles\/\">Rouleaux doubles<\/a>\n\t\t\t\t<\/div>\n\t\t\t<\/div><div class=\"et_pb_module dipi_button_grid_child dipi_button_grid_child_1\">\n\t\t\t\t\n\t\t\t\t\n\t\t\t\t\n\t\t\t\t\n\t\t\t\t\n\t\t\t\t\n\t\t\t\t<div class=\"et_pb_module_inner\">\n\t\t\t\t\t<a class=\"et_pb_button dipi-button-grid dipi-button-wrap\" href=\"https:\/\/www.dima-maschinen.de\/fr\/produkt-kategorie\/rouleaux-dorfevrerie\/rouleaux-de-fil-metallique\/\">Rouleaux de fil m\u00e9tallique<\/a>\n\t\t\t\t<\/div>\n\t\t\t<\/div><div class=\"et_pb_module dipi_button_grid_child dipi_button_grid_child_2\">\n\t\t\t\t\n\t\t\t\t\n\t\t\t\t\n\t\t\t\t\n\t\t\t\t\n\t\t\t\t\n\t\t\t\t<div class=\"et_pb_module_inner\">\n\t\t\t\t\t<a class=\"et_pb_button dipi-button-grid dipi-button-wrap\" href=\"#\">Click Here<\/a>\n\t\t\t\t<\/div>\n\t\t\t<\/div><\/p>\n","protected":false},"author":1,"featured_media":0,"parent":0,"menu_order":0,"comment_status":"closed","ping_status":"closed","template":"","meta":{"_et_pb_use_builder":"on","_et_pb_old_content":"","_et_gb_content_width":"","iawp_total_views":3,"footnotes":""},"dipi_cpt_category":[],"class_list":["post-2407","page","type-page","status-publish","hentry"],"_links":{"self":[{"href":"https:\/\/www.dima-maschinen.de\/fr\/wp-json\/wp\/v2\/pages\/2407","targetHints":{"allow":["GET"]}}],"collection":[{"href":"https:\/\/www.dima-maschinen.de\/fr\/wp-json\/wp\/v2\/pages"}],"about":[{"href":"https:\/\/www.dima-maschinen.de\/fr\/wp-json\/wp\/v2\/types\/page"}],"author":[{"embeddable":true,"href":"https:\/\/www.dima-maschinen.de\/fr\/wp-json\/wp\/v2\/users\/1"}],"replies":[{"embeddable":true,"href":"https:\/\/www.dima-maschinen.de\/fr\/wp-json\/wp\/v2\/comments?post=2407"}],"version-history":[{"count":0,"href":"https:\/\/www.dima-maschinen.de\/fr\/wp-json\/wp\/v2\/pages\/2407\/revisions"}],"wp:attachment":[{"href":"https:\/\/www.dima-maschinen.de\/fr\/wp-json\/wp\/v2\/media?parent=2407"}],"wp:term":[{"taxonomy":"dipi_cpt_category","embeddable":true,"href":"https:\/\/www.dima-maschinen.de\/fr\/wp-json\/wp\/v2\/dipi_cpt_category?post=2407"}],"curies":[{"name":"wp","href":"https:\/\/api.w.org\/{rel}","templated":true}]}}