{"id":2496,"date":"2024-11-27T20:48:46","date_gmt":"2024-11-27T20:48:46","guid":{"rendered":"https:\/\/dima.mmd-stuttgart.de\/protection-des-donnees\/"},"modified":"2025-07-10T20:11:06","modified_gmt":"2025-07-10T20:11:06","slug":"protection-des-donnees","status":"publish","type":"page","link":"https:\/\/www.dima-maschinen.de\/fr\/protection-des-donnees\/","title":{"rendered":"Protection des donn\u00e9es"},"content":{"rendered":"<p>[et_pb_section fb_built=\u00a0\u00bb1&Prime; _builder_version=\u00a0\u00bb4.27.3&Prime; use_background_color_gradient=\u00a0\u00bbon\u00a0\u00bb background_color_gradient_stops=\u00a0\u00bb#000000 0%|rgba(255,255,255,0) 98%\u00a0\u00bb background_color_gradient_overlays_image=\u00a0\u00bbon\u00a0\u00bb background_image=\u00a0\u00bbhttps:\/\/www.dima-maschinen.de\/wp-content\/uploads\/2024\/11\/industriewalzenbild.jpg\u00a0\u00bb parallax=\u00a0\u00bbon\u00a0\u00bb custom_padding=\u00a0\u00bb6%||4%||false|false\u00a0\u00bb global_colors_info=\u00a0\u00bb{}\u00a0\u00bb theme_builder_area=\u00a0\u00bbpost_content\u00a0\u00bb][et_pb_row _builder_version=\u00a0\u00bb4.27.3&Prime; _module_preset=\u00a0\u00bbdefault\u00a0\u00bb background_enable_color=\u00a0\u00bboff\u00a0\u00bb custom_margin=\u00a0\u00bb||0%||false|false\u00a0\u00bb custom_padding=\u00a0\u00bb0px||0px||false|false\u00a0\u00bb global_colors_info=\u00a0\u00bb{}\u00a0\u00bb theme_builder_area=\u00a0\u00bbpost_content\u00a0\u00bb][et_pb_column type=\u00a0\u00bb4_4&Prime; _builder_version=\u00a0\u00bb4.19.2&Prime; background_enable_color=\u00a0\u00bboff\u00a0\u00bb custom_padding=\u00a0\u00bb2%|2%|2%|2%|true|true\u00a0\u00bb global_colors_info=\u00a0\u00bb{}\u00a0\u00bb custom_padding__hover=\u00a0\u00bb|||\u00a0\u00bb theme_builder_area=\u00a0\u00bbpost_content\u00a0\u00bb][et_pb_text _builder_version=\u00a0\u00bb4.27.4&Prime; _module_preset=\u00a0\u00bb52fada98-7c13-4f2e-85e6-3ca095ac2173&Prime; hover_enabled=\u00a0\u00bb0&Prime; global_colors_info=\u00a0\u00bb{}\u00a0\u00bb theme_builder_area=\u00a0\u00bbpost_content\u00a0\u00bb sticky_enabled=\u00a0\u00bb0&Prime;]<\/p>\n<h1>Protection des donn\u00e9es<\/h1>\n<p>[\/et_pb_text][\/et_pb_column][\/et_pb_row][\/et_pb_section][et_pb_section fb_built=\u00a0\u00bb1&Prime; _builder_version=\u00a0\u00bb4.27.4&Prime; _module_preset=\u00a0\u00bbdefault\u00a0\u00bb global_colors_info=\u00a0\u00bb{}\u00a0\u00bb theme_builder_area=\u00a0\u00bbpost_content\u00a0\u00bb][et_pb_row _builder_version=\u00a0\u00bb4.27.4&Prime; _module_preset=\u00a0\u00bbdefault\u00a0\u00bb global_colors_info=\u00a0\u00bb{}\u00a0\u00bb theme_builder_area=\u00a0\u00bbpost_content\u00a0\u00bb][et_pb_column type=\u00a0\u00bb4_4&Prime; _builder_version=\u00a0\u00bb4.27.4&Prime; _module_preset=\u00a0\u00bbdefault\u00a0\u00bb global_colors_info=\u00a0\u00bb{}\u00a0\u00bb theme_builder_area=\u00a0\u00bbpost_content\u00a0\u00bb][et_pb_text _builder_version=\u00a0\u00bb4.27.4&Prime; _module_preset=\u00a0\u00bb65e3c80d-e665-4f45-92aa-be2142e6d996&Prime; hover_enabled=\u00a0\u00bb0&Prime; global_colors_info=\u00a0\u00bb{}\u00a0\u00bb theme_builder_area=\u00a0\u00bbpost_content\u00a0\u00bb sticky_enabled=\u00a0\u00bb0&Prime;]<\/p>\n<h2>D\u00e9claration g\u00e9n\u00e9rale de confidentialit\u00e9<\/h2>\n<p>En utilisant notre site web, vous acceptez la collecte, le traitement et l&rsquo;utilisation des donn\u00e9es conform\u00e9ment \u00e0 la description ci-dessous. En principe, vous pouvez visiter notre site web sans vous inscrire. Les donn\u00e9es telles que les pages consult\u00e9es ou le nom du fichier consult\u00e9, la date et l&rsquo;heure sont enregistr\u00e9es sur le serveur \u00e0 des fins statistiques, sans que ces donn\u00e9es ne soient directement li\u00e9es \u00e0 votre personne. Les donn\u00e9es personnelles, en particulier le nom, l&rsquo;adresse ou l&rsquo;adresse e-mail, sont collect\u00e9es, dans la mesure du possible, sur une base volontaire. Ces donn\u00e9es ne sont pas transmises \u00e0 des tiers sans votre consentement.    <\/p>\n<h3>Politique de confidentialit\u00e9 des cookies<\/h3>\n<p>Notre site web utilise des cookies. Il s&rsquo;agit de petits fichiers texte qui permettent d&rsquo;enregistrer sur le terminal de l&rsquo;utilisateur des informations sp\u00e9cifiques \u00e0 ce dernier lorsqu&rsquo;il utilise le site. Les cookies permettent notamment de d\u00e9terminer la fr\u00e9quence d&rsquo;utilisation et le nombre d&rsquo;utilisateurs des pages, d&rsquo;analyser les comportements d&rsquo;utilisation des pages, mais aussi de rendre notre offre plus conviviale. Les cookies restent enregistr\u00e9s apr\u00e8s la fin d&rsquo;une session de navigation et peuvent \u00eatre consult\u00e9s lors d&rsquo;une nouvelle visite du site. Si vous ne le souhaitez pas, vous devez configurer votre navigateur Internet pour qu&rsquo;il refuse les cookies.    <\/p>\n<h3>D\u00e9claration de confidentialit\u00e9 pour Google Analytics<\/h3>\n<p>Notre site Web utilise Google Analytics, un service d&rsquo;analyse Web fourni par Google Inc, 1600 Amphitheatre Parkway, Mountain View, CA 94043, \u00c9tats-Unis. Pour d\u00e9sactiver Google Analytics, Google met \u00e0 disposition un plug-in de navigateur \u00e0 l&rsquo;adresse http:\/\/tools.google.com\/dlpage\/gaoptout?hl=de. Google Analytics utilise des cookies. Il s&rsquo;agit de petits fichiers texte qui permettent d&rsquo;enregistrer sur le terminal de l&rsquo;utilisateur des informations sp\u00e9cifiques \u00e0 ce dernier. Ils permettent \u00e0 Google d&rsquo;analyser l&rsquo;utilisation de notre site web. Les informations recueillies par le cookie sur l&rsquo;utilisation de nos pages (y compris votre adresse IP) sont g\u00e9n\u00e9ralement transmises \u00e0 un serveur de Google aux \u00c9tats-Unis et y sont stock\u00e9es. Nous attirons votre attention sur le fait que, sur ce site, Google Analytics a \u00e9t\u00e9 compl\u00e9t\u00e9 par le code \u00ab\u00a0gat._anonymizeIp() ;\u00a0\u00bb afin de garantir une saisie anonyme des adresses IP (ce que l&rsquo;on appelle le masquage IP). Si l&rsquo;anonymisation est activ\u00e9e, Google tronque les adresses IP dans les \u00c9tats membres de l&rsquo;Union europ\u00e9enne ou dans d&rsquo;autres \u00c9tats signataires de l&rsquo;accord sur l&rsquo;Espace \u00e9conomique europ\u00e9en, ce qui ne permet pas de vous identifier. Ce n&rsquo;est que dans des cas exceptionnels que l&rsquo;adresse IP compl\u00e8te est transmise \u00e0 un serveur de Google aux \u00c9tats-Unis et y est abr\u00e9g\u00e9e. Google respecte les dispositions de protection des donn\u00e9es de l&rsquo;accord \u00ab\u00a0Privacy Shield\u00a0\u00bb et est enregistr\u00e9 aupr\u00e8s du programme \u00ab\u00a0Privacy Shield\u00a0\u00bb du minist\u00e8re am\u00e9ricain du commerce et utilise les informations collect\u00e9es pour \u00e9valuer l&rsquo;utilisation de nos sites Web, r\u00e9diger des rapports pour nous \u00e0 ce sujet et nous fournir d&rsquo;autres services connexes. Pour en savoir plus, consultez  <a href=\"http:\/\/www.google.com\/intl\/de\/analytics\/privacyoverview.html.\" target=\"_blank\" rel=\"noopener\">http:\/\/www.google.com\/intl\/de\/analytics\/privacyoverview.html.<\/a><\/p>\n<p>Source : <a href=\"https:\/\/www.anwalt.de\/vorlage\/muster-datenschutzerklaerung.php\" target=\"_blank\" rel=\"noopener\">Mod\u00e8le de d\u00e9claration de confidentialit\u00e9 de anwalt.de<\/a><\/p>\n<p>[\/et_pb_text][\/et_pb_column][\/et_pb_row][\/et_pb_section]<\/p>\n","protected":false},"excerpt":{"rendered":"<p>Protection des donn\u00e9esD\u00e9claration g\u00e9n\u00e9rale de confidentialit\u00e9 En utilisant notre site web, vous acceptez la collecte, le traitement et l&rsquo;utilisation des donn\u00e9es conform\u00e9ment \u00e0 la description ci-dessous. En principe, vous pouvez visiter notre site web sans vous inscrire. Les donn\u00e9es telles que les pages consult\u00e9es ou le nom du fichier consult\u00e9, la date et l&rsquo;heure sont [&hellip;]<\/p>\n","protected":false},"author":1,"featured_media":0,"parent":0,"menu_order":0,"comment_status":"closed","ping_status":"closed","template":"","meta":{"_et_pb_use_builder":"on","_et_pb_old_content":"","_et_gb_content_width":"","iawp_total_views":2,"footnotes":""},"dipi_cpt_category":[],"class_list":["post-2496","page","type-page","status-publish","hentry"],"_links":{"self":[{"href":"https:\/\/www.dima-maschinen.de\/fr\/wp-json\/wp\/v2\/pages\/2496","targetHints":{"allow":["GET"]}}],"collection":[{"href":"https:\/\/www.dima-maschinen.de\/fr\/wp-json\/wp\/v2\/pages"}],"about":[{"href":"https:\/\/www.dima-maschinen.de\/fr\/wp-json\/wp\/v2\/types\/page"}],"author":[{"embeddable":true,"href":"https:\/\/www.dima-maschinen.de\/fr\/wp-json\/wp\/v2\/users\/1"}],"replies":[{"embeddable":true,"href":"https:\/\/www.dima-maschinen.de\/fr\/wp-json\/wp\/v2\/comments?post=2496"}],"version-history":[{"count":0,"href":"https:\/\/www.dima-maschinen.de\/fr\/wp-json\/wp\/v2\/pages\/2496\/revisions"}],"wp:attachment":[{"href":"https:\/\/www.dima-maschinen.de\/fr\/wp-json\/wp\/v2\/media?parent=2496"}],"wp:term":[{"taxonomy":"dipi_cpt_category","embeddable":true,"href":"https:\/\/www.dima-maschinen.de\/fr\/wp-json\/wp\/v2\/dipi_cpt_category?post=2496"}],"curies":[{"name":"wp","href":"https:\/\/api.w.org\/{rel}","templated":true}]}}