{"id":2523,"date":"2024-11-27T21:08:38","date_gmt":"2024-11-27T21:08:38","guid":{"rendered":"https:\/\/dima.mmd-stuttgart.de\/societe\/"},"modified":"2025-07-10T20:11:06","modified_gmt":"2025-07-10T20:11:06","slug":"societe","status":"publish","type":"page","link":"https:\/\/www.dima-maschinen.de\/fr\/societe\/","title":{"rendered":"Soci\u00e9t\u00e9"},"content":{"rendered":"<p>[et_pb_section fb_built=\u00a0\u00bb1&Prime; _builder_version=\u00a0\u00bb4.27.3&Prime; use_background_color_gradient=\u00a0\u00bbon\u00a0\u00bb background_color_gradient_stops=\u00a0\u00bb#000000 0%|rgba(255,255,255,0) 98%\u00a0\u00bb background_color_gradient_overlays_image=\u00a0\u00bbon\u00a0\u00bb background_image=\u00a0\u00bbhttps:\/\/www.dima-maschinen.de\/wp-content\/uploads\/2024\/07\/goldschmiedewalzen_2.jpg\u00a0\u00bb parallax=\u00a0\u00bbon\u00a0\u00bb global_colors_info=\u00a0\u00bb{}\u00a0\u00bb][et_pb_row _builder_version=\u00a0\u00bb4.27.3&Prime; _module_preset=\u00a0\u00bb734c3b74-5aae-4519-a5a6-edc13e501b9e\u00a0\u00bb background_enable_color=\u00a0\u00bboff\u00a0\u00bb width=\u00a0\u00bb90%\u00a0\u00bb global_colors_info=\u00a0\u00bb{}\u00a0\u00bb][et_pb_column type=\u00a0\u00bb4_4&Prime; _builder_version=\u00a0\u00bb4.19.2&Prime; background_enable_color=\u00a0\u00bboff\u00a0\u00bb custom_padding=\u00a0\u00bb2%|2%|2%|2%|true|true\u00a0\u00bb global_colors_info=\u00a0\u00bb{}\u00a0\u00bb custom_padding__hover=\u00a0\u00bb|||\u00a0\u00bb][et_pb_text _builder_version=\u00a0\u00bb4.27.4&Prime; _module_preset=\u00a0\u00bb65e3c80d-e665-4f45-92aa-be2142e6d996&Prime; text_text_color=\u00a0\u00bb#FFFFFF\u00a0\u00bb header_text_align=\u00a0\u00bbcenter\u00a0\u00bb header_text_color=\u00a0\u00bb#FFFFFF\u00a0\u00bb header_2_text_color=\u00a0\u00bb#FFFFFF\u00a0\u00bb header_3_text_color=\u00a0\u00bb#FFFFFF\u00a0\u00bb text_orientation=\u00a0\u00bbcenter\u00a0\u00bb global_colors_info=\u00a0\u00bb{}\u00a0\u00bb]<\/p>\n<h1>Soci\u00e9t\u00e9 Dima-Maschinen<\/h1>\n<p>[\/et_pb_text][\/et_pb_column][\/et_pb_row][\/et_pb_section][et_pb_section fb_built=\u00a0\u00bb1&Prime; _builder_version=\u00a0\u00bb4.27.4&Prime; _module_preset=\u00a0\u00bbdefault\u00a0\u00bb background_color=\u00a0\u00bbRGBA(255,255,255,0)\u00a0\u00bb global_colors_info=\u00a0\u00bb{}\u00a0\u00bb][et_pb_row column_structure=\u00a0\u00bb1_2,1_2&Prime; _builder_version=\u00a0\u00bb4.27.4&Prime; _module_preset=\u00a0\u00bbdefault\u00a0\u00bb global_colors_info=\u00a0\u00bb{}\u00a0\u00bb][et_pb_column type=\u00a0\u00bb1_2&Prime; _builder_version=\u00a0\u00bb4.27.4&Prime; _module_preset=\u00a0\u00bbdefault\u00a0\u00bb global_colors_info=\u00a0\u00bb{}\u00a0\u00bb][et_pb_text _builder_version=\u00a0\u00bb4.27.4&Prime; _module_preset=\u00a0\u00bb65e3c80d-e665-4f45-92aa-be2142e6d996&Prime; global_colors_info=\u00a0\u00bb{}\u00a0\u00bb]<\/p>\n<h2>Rouleaux industriels pour l&rsquo;orf\u00e8vrerie et l&rsquo;industrie m\u00e9tallurgique<\/h2>\n<p>Les rouleaux industriels sont des outils indispensables \u00e0 l&rsquo;orf\u00e8vrerie. Les rouleaux Dima sont con\u00e7us pour durer toute une vie. Ils s\u00e9duisent par leur robustesse et leur pr\u00e9cision, ce qui en fait le premier choix des professionnels et des artisans ambitieux.  <\/p>\n<p>[\/et_pb_text][\/et_pb_column][et_pb_column type=\u00a0\u00bb1_2&Prime; _builder_version=\u00a0\u00bb4.27.4&Prime; _module_preset=\u00a0\u00bbdefault\u00a0\u00bb background_image=\u00a0\u00bbhttps:\/\/www.dima-maschinen.de\/wp-content\/uploads\/2025\/01\/k_300_300_103_dima_blechwalze.jpg\u00a0\u00bb global_colors_info=\u00a0\u00bb{}\u00a0\u00bb][et_pb_divider show_divider=\u00a0\u00bboff\u00a0\u00bb _builder_version=\u00a0\u00bb4.27.4&Prime; _module_preset=\u00a0\u00bbdefault\u00a0\u00bb custom_padding=\u00a0\u00bb20%||20%||true|false\u00a0\u00bb custom_padding_tablet=\u00a0\u00bb34%||34%||true|false\u00a0\u00bb custom_padding_phone=\u00a0\u00bb32%||32%||true|false\u00a0\u00bb custom_padding_last_edited=\u00a0\u00bbon|phone\u00a0\u00bb global_colors_info=\u00a0\u00bb{}\u00a0\u00bb][\/et_pb_divider][\/et_pb_column][\/et_pb_row][\/et_pb_section][et_pb_section fb_built=\u00a0\u00bb1&Prime; _builder_version=\u00a0\u00bb4.27.3&Prime; _module_preset=\u00a0\u00bbdefault\u00a0\u00bb background_color=\u00a0\u00bb#F7F7F7&Prime; global_colors_info=\u00a0\u00bb{}\u00a0\u00bb][et_pb_row column_structure=\u00a0\u00bb1_2,1_2&Prime; _builder_version=\u00a0\u00bb4.27.4&Prime; _module_preset=\u00a0\u00bbdefault\u00a0\u00bb global_colors_info=\u00a0\u00bb{}\u00a0\u00bb][et_pb_column type=\u00a0\u00bb1_2&Prime; _builder_version=\u00a0\u00bb4.27.4&Prime; _module_preset=\u00a0\u00bbdefault\u00a0\u00bb global_colors_info=\u00a0\u00bb{}\u00a0\u00bb][et_pb_text _builder_version=\u00a0\u00bb4.27.4&Prime; _module_preset=\u00a0\u00bb65e3c80d-e665-4f45-92aa-be2142e6d996&Prime; global_colors_info=\u00a0\u00bb{}\u00a0\u00bb]<\/p>\n<h2>Double rouleau peu encombrant pour un travail efficace<\/h2>\n<p>Nos doubles rouleaux offrent l&rsquo;avantage d&rsquo;un encombrement r\u00e9duit gr\u00e2ce \u00e0 la disposition des rouleaux de t\u00f4le et de fil superpos\u00e9s. Les paliers lisses, qui tournent facilement et ne n\u00e9cessitent pas d&rsquo;entretien, permettent de travailler en m\u00e9nageant les articulations et le dos. Vous pouvez ainsi travailler efficacement et confortablement sans faire de compromis sur la qualit\u00e9.  <\/p>\n<h2>Aper\u00e7u de notre gamme de produits<\/h2>\n<p>Nous proposons une large gamme de machines de laminage industriel pour r\u00e9pondre \u00e0 vos besoins sp\u00e9cifiques :<\/p>\n<ul>\n<li>Rouleaux manuels avec des diam\u00e8tres de rouleaux de 45 mm \u00e0 64 mm<\/li>\n<li>Rouleaux motoris\u00e9s avec des diam\u00e8tres de rouleaux de 64 mm \u00e0 90 mm<\/li>\n<li>Rouleaux doubles avec une paire de rouleaux de t\u00f4le et une paire de rouleaux de fil m\u00e9tallique<\/li>\n<li>Laminoirs sp\u00e9ciaux pour t\u00f4le uniquement ou pour fil uniquement<\/li>\n<\/ul>\n<p>&nbsp;<\/p>\n<p>[\/et_pb_text][\/et_pb_column][et_pb_column type=\u00a0\u00bb1_2&Prime; _builder_version=\u00a0\u00bb4.27.4&Prime; _module_preset=\u00a0\u00bbdefault\u00a0\u00bb background_image=\u00a0\u00bbhttps:\/\/www.dima-maschinen.de\/wp-content\/uploads\/2025\/01\/b_64_e.jpg\u00a0\u00bb global_colors_info=\u00a0\u00bb{}\u00a0\u00bb][et_pb_divider show_divider=\u00a0\u00bboff\u00a0\u00bb _builder_version=\u00a0\u00bb4.27.4&Prime; _module_preset=\u00a0\u00bbdefault\u00a0\u00bb custom_padding=\u00a0\u00bb20%||20%||true|false\u00a0\u00bb custom_padding_tablet=\u00a0\u00bb34%||34%||true|false\u00a0\u00bb custom_padding_phone=\u00a0\u00bb32%||32%||true|false\u00a0\u00bb custom_padding_last_edited=\u00a0\u00bbon|phone\u00a0\u00bb global_colors_info=\u00a0\u00bb{}\u00a0\u00bb][\/et_pb_divider][\/et_pb_column][\/et_pb_row][\/et_pb_section][et_pb_section fb_built=\u00a0\u00bb1&Prime; admin_label=\u00a0\u00bbGallery\u00a0\u00bb _builder_version=\u00a0\u00bb4.27.3&Prime; _module_preset=\u00a0\u00bbdefault\u00a0\u00bb locked=\u00a0\u00bboff\u00a0\u00bb collapsed=\u00a0\u00bbon\u00a0\u00bb global_colors_info=\u00a0\u00bb{}\u00a0\u00bb][et_pb_row column_structure=\u00a0\u00bb1_3,1_3,1_3&Prime; _builder_version=\u00a0\u00bb4.27.4&Prime; _module_preset=\u00a0\u00bbdefault\u00a0\u00bb global_colors_info=\u00a0\u00bb{}\u00a0\u00bb][et_pb_column type=\u00a0\u00bb1_3&Prime; _builder_version=\u00a0\u00bb4.17.4&Prime; _module_preset=\u00a0\u00bbdefault\u00a0\u00bb global_colors_info=\u00a0\u00bb{}\u00a0\u00bb][et_pb_text quote_border_color=\u00a0\u00bb#57cc99&Prime; _builder_version=\u00a0\u00bb4.27.4&Prime; _module_preset=\u00a0\u00bb65e3c80d-e665-4f45-92aa-be2142e6d996&Prime; link_font=\u00a0\u00bb|Proza Libre_weight|||||||\u00a0\u00bb link_text_color=\u00a0\u00bb#22577a\u00a0\u00bb quote_font=\u00a0\u00bbCormorant Garamond|Cormorant Garamond_weight|||||||\u00a0\u00bb quote_text_color=\u00a0\u00bb#111111&Prime; header_text_color=\u00a0\u00bb#111111&Prime; header_2_text_color=\u00a0\u00bb#111111&Prime; header_3_text_color=\u00a0\u00bb#111111&Prime; header_4_text_color=\u00a0\u00bb#111111&Prime; header_5_text_color=\u00a0\u00bb#111111&Prime; header_6_text_color=\u00a0\u00bb#111111&Prime; min_height=\u00a0\u00bb294px\u00a0\u00bb min_height_tablet=\u00a0\u00bb294px\u00a0\u00bb min_height_phone=\u00a0\u00bb294px\u00a0\u00bb min_height_last_edited=\u00a0\u00bbon|desktop\u00a0\u00bb custom_margin=\u00a0\u00bb||30px||false|false\u00a0\u00bb locked=\u00a0\u00bboff\u00a0\u00bb global_colors_info=\u00a0\u00bb{}\u00a0\u00bb]<\/p>\n<h2>Avantages de nos machines Dima<\/h2>\n<ul>\n<li>Plus de 60 ans d&rsquo;exp\u00e9rience dans la fabrication de rouleaux industriels<\/li>\n<li>Les normes de qualit\u00e9 les plus \u00e9lev\u00e9es et la long\u00e9vit\u00e9 de nos produits<\/li>\n<li>Conseils personnalis\u00e9s et solutions sur mesure<\/li>\n<li>Un service client et une assistance fiables<\/li>\n<\/ul>\n<p>[\/et_pb_text][et_pb_image src=\u00a0\u00bbhttps:\/\/www.dima-maschinen.de\/wp-content\/uploads\/2024\/11\/Industriewalzmaschine_k300-300.jpg\u00a0\u00bb alt=\u00a0\u00bbLaminoir industriel K300-300&Prime; title_text=\u00a0\u00bbLaminoir industriel K300-300&Prime; show_in_lightbox=\u00a0\u00bbon\u00a0\u00bb use_overlay=\u00a0\u00bbon\u00a0\u00bb overlay_icon_color=\u00a0\u00bb#57cc99&Prime; _builder_version=\u00a0\u00bb4.27.3&Prime; _module_preset=\u00a0\u00bbb2573321-90ae-402b-9cd2-f46f08e70065&Prime; locked=\u00a0\u00bboff\u00a0\u00bb global_colors_info=\u00a0\u00bb{%22#57cc99%22:%91%22overlay_icon_color%22%93}\u00a0\u00bb][\/et_pb_image][\/et_pb_column][et_pb_column type=\u00a0\u00bb1_3&Prime; _builder_version=\u00a0\u00bb4.17.4&Prime; _module_preset=\u00a0\u00bbdefault\u00a0\u00bb global_colors_info=\u00a0\u00bb{}\u00a0\u00bb][et_pb_image src=\u00a0\u00bbhttps:\/\/www.dima-maschinen.de\/wp-content\/uploads\/2025\/01\/k_130_130_dima_blechwalze_.jpg\u00a0\u00bb alt=\u00a0\u00bbK 130\/130 Dima Rouleau \u00e0 t\u00f4le\u00a0\u00bb title_text=\u00a0\u00bbK 130\/130 Dima Rouleau \u00e0 t\u00f4le\u00a0\u00bb show_in_lightbox=\u00a0\u00bbon\u00a0\u00bb use_overlay=\u00a0\u00bbon\u00a0\u00bb overlay_icon_color=\u00a0\u00bb#57cc99&Prime; _builder_version=\u00a0\u00bb4.27.4&Prime; _module_preset=\u00a0\u00bbb2573321-90ae-402b-9cd2-f46f08e70065&Prime; hover_enabled=\u00a0\u00bb0&Prime; locked=\u00a0\u00bboff\u00a0\u00bb global_colors_info=\u00a0\u00bb{%22#57cc99%22:%91%22overlay_icon_color%22%93}\u00a0\u00bb sticky_enabled=\u00a0\u00bb0&Prime;][\/et_pb_image][et_pb_image src=\u00a0\u00bbhttps:\/\/www.dima-maschinen.de\/wp-content\/uploads\/2024\/11\/d64e.jpg\u00a0\u00bb alt=\u00a0\u00bbD 64 E Machine \u00e9lectrique \u00e0 laminer le fil\u00a0\u00bb title_text=\u00a0\u00bbD 64 E Machine \u00e9lectrique \u00e0 laminer le fil\u00a0\u00bb show_in_lightbox=\u00a0\u00bbon\u00a0\u00bb use_overlay=\u00a0\u00bbon\u00a0\u00bb overlay_icon_color=\u00a0\u00bb#57cc99&Prime; _builder_version=\u00a0\u00bb4.27.3&Prime; _module_preset=\u00a0\u00bbb2573321-90ae-402b-9cd2-f46f08e70065&Prime; locked=\u00a0\u00bboff\u00a0\u00bb global_colors_info=\u00a0\u00bb{%22#57cc99%22:%91%22overlay_icon_color%22%93}\u00a0\u00bb][\/et_pb_image][\/et_pb_column][et_pb_column type=\u00a0\u00bb1_3&Prime; _builder_version=\u00a0\u00bb4.17.4&Prime; _module_preset=\u00a0\u00bbdefault\u00a0\u00bb global_colors_info=\u00a0\u00bb{}\u00a0\u00bb][et_pb_image src=\u00a0\u00bbhttps:\/\/www.dima-maschinen.de\/wp-content\/uploads\/2025\/01\/k-200-200_4_3.jpg\u00a0\u00bb alt=\u00a0\u00bbLaminoir industriel K200\/200&Prime; title_text=\u00a0\u00bbLaminoir industriel K200\/200&Prime; show_in_lightbox=\u00a0\u00bbon\u00a0\u00bb use_overlay=\u00a0\u00bbon\u00a0\u00bb overlay_icon_color=\u00a0\u00bb#57cc99&Prime; _builder_version=\u00a0\u00bb4.27.4&Prime; _module_preset=\u00a0\u00bbb2573321-90ae-402b-9cd2-f46f08e70065&Prime; hover_enabled=\u00a0\u00bb0&Prime; locked=\u00a0\u00bboff\u00a0\u00bb global_colors_info=\u00a0\u00bb{%22#57cc99%22:%91%22overlay_icon_color%22%93}\u00a0\u00bb sticky_enabled=\u00a0\u00bb0&Prime;][\/et_pb_image][et_pb_image src=\u00a0\u00bbhttps:\/\/www.dima-maschinen.de\/wp-content\/uploads\/2024\/11\/k65.jpg\u00a0\u00bb alt=\u00a0\u00bbK 65 Rouleau double\u00a0\u00bb title_text=\u00a0\u00bbK 65 Rouleau double\u00a0\u00bb show_in_lightbox=\u00a0\u00bbon\u00a0\u00bb use_overlay=\u00a0\u00bbon\u00a0\u00bb overlay_icon_color=\u00a0\u00bb#57cc99&Prime; _builder_version=\u00a0\u00bb4.27.3&Prime; _module_preset=\u00a0\u00bbb2573321-90ae-402b-9cd2-f46f08e70065&Prime; locked=\u00a0\u00bboff\u00a0\u00bb global_colors_info=\u00a0\u00bb{%22#57cc99%22:%91%22overlay_icon_color%22%93}\u00a0\u00bb][\/et_pb_image][\/et_pb_column][\/et_pb_row][et_pb_row _builder_version=\u00a0\u00bb4.27.4&Prime; _module_preset=\u00a0\u00bbdefault\u00a0\u00bb global_colors_info=\u00a0\u00bb{}\u00a0\u00bb][et_pb_column type=\u00a0\u00bb4_4&Prime; _builder_version=\u00a0\u00bb4.27.4&Prime; _module_preset=\u00a0\u00bbdefault\u00a0\u00bb global_colors_info=\u00a0\u00bb{}\u00a0\u00bb][et_pb_text _builder_version=\u00a0\u00bb4.27.4&Prime; _module_preset=\u00a0\u00bb65e3c80d-e665-4f45-92aa-be2142e6d996&Prime; global_colors_info=\u00a0\u00bb{}\u00a0\u00bb]<\/p>\n<h2>Contactez-nous pour votre solution personnalis\u00e9e<\/h2>\n<p>Vous recherchez le laminoir industriel ou la machine \u00e0 laminer industrielle la mieux adapt\u00e9e \u00e0 vos besoins ? <a href=\"https:\/\/www.dima-maschinen.de\/fr\/?page_id=2491\">Contactez-nous<\/a> d\u00e8s aujourd&rsquo;hui pour une consultation personnalis\u00e9e. Notre \u00e9quipe exp\u00e9riment\u00e9e est \u00e0 votre disposition pour vous aider \u00e0 trouver la meilleure solution pour votre entreprise. <\/p>\n<p>[\/et_pb_text][et_pb_text _builder_version=\u00a0\u00bb4.27.4&Prime; _module_preset=\u00a0\u00bb65e3c80d-e665-4f45-92aa-be2142e6d996&Prime; global_colors_info=\u00a0\u00bb{}\u00a0\u00bb]<\/p>\n<h3>Les machines Dima - une qualit\u00e9 sur laquelle vous pouvez compter.<\/h3>\n<p>[\/et_pb_text][\/et_pb_column][\/et_pb_row][\/et_pb_section]<\/p>\n","protected":false},"excerpt":{"rendered":"<p>Soci\u00e9t\u00e9 Dima-MaschinenRouleaux industriels pour l&rsquo;orf\u00e8vrerie et l&rsquo;industrie m\u00e9tallurgique Les rouleaux industriels sont des outils indispensables \u00e0 l&rsquo;orf\u00e8vrerie. Les rouleaux Dima sont con\u00e7us pour durer toute une vie. Ils s\u00e9duisent par leur robustesse et leur pr\u00e9cision, ce qui en fait le premier choix des professionnels et des artisans ambitieux. Double rouleau peu encombrant pour un travail [&hellip;]<\/p>\n","protected":false},"author":1,"featured_media":0,"parent":0,"menu_order":0,"comment_status":"closed","ping_status":"closed","template":"","meta":{"_et_pb_use_builder":"on","_et_pb_old_content":"","_et_gb_content_width":"","iawp_total_views":4,"footnotes":""},"dipi_cpt_category":[],"class_list":["post-2523","page","type-page","status-publish","hentry"],"_links":{"self":[{"href":"https:\/\/www.dima-maschinen.de\/fr\/wp-json\/wp\/v2\/pages\/2523","targetHints":{"allow":["GET"]}}],"collection":[{"href":"https:\/\/www.dima-maschinen.de\/fr\/wp-json\/wp\/v2\/pages"}],"about":[{"href":"https:\/\/www.dima-maschinen.de\/fr\/wp-json\/wp\/v2\/types\/page"}],"author":[{"embeddable":true,"href":"https:\/\/www.dima-maschinen.de\/fr\/wp-json\/wp\/v2\/users\/1"}],"replies":[{"embeddable":true,"href":"https:\/\/www.dima-maschinen.de\/fr\/wp-json\/wp\/v2\/comments?post=2523"}],"version-history":[{"count":0,"href":"https:\/\/www.dima-maschinen.de\/fr\/wp-json\/wp\/v2\/pages\/2523\/revisions"}],"wp:attachment":[{"href":"https:\/\/www.dima-maschinen.de\/fr\/wp-json\/wp\/v2\/media?parent=2523"}],"wp:term":[{"taxonomy":"dipi_cpt_category","embeddable":true,"href":"https:\/\/www.dima-maschinen.de\/fr\/wp-json\/wp\/v2\/dipi_cpt_category?post=2523"}],"curies":[{"name":"wp","href":"https:\/\/api.w.org\/{rel}","templated":true}]}}