{"id":2532,"date":"2024-11-27T20:41:49","date_gmt":"2024-11-27T20:41:49","guid":{"rendered":"https:\/\/dima.mmd-stuttgart.de\/mentions-legales\/"},"modified":"2025-07-10T20:11:11","modified_gmt":"2025-07-10T20:11:11","slug":"mentions-legales","status":"publish","type":"page","link":"https:\/\/www.dima-maschinen.de\/fr\/mentions-legales\/","title":{"rendered":"Mentions l\u00e9gales"},"content":{"rendered":"<p>[et_pb_section fb_built=\u00a0\u00bb1&Prime; _builder_version=\u00a0\u00bb4.27.3&Prime; use_background_color_gradient=\u00a0\u00bbon\u00a0\u00bb background_color_gradient_stops=\u00a0\u00bb#000000 0%|rgba(255,255,255,0) 98%\u00a0\u00bb background_color_gradient_overlays_image=\u00a0\u00bbon\u00a0\u00bb background_image=\u00a0\u00bbhttps:\/\/www.dima-maschinen.de\/wp-content\/uploads\/2024\/11\/industriewalzenbild.jpg\u00a0\u00bb parallax=\u00a0\u00bbon\u00a0\u00bb custom_padding=\u00a0\u00bb6%||4%||false|false\u00a0\u00bb global_colors_info=\u00a0\u00bb{}\u00a0\u00bb][et_pb_row _builder_version=\u00a0\u00bb4.27.3&Prime; _module_preset=\u00a0\u00bbdefault\u00a0\u00bb background_enable_color=\u00a0\u00bboff\u00a0\u00bb custom_margin=\u00a0\u00bb||0%||false|false\u00a0\u00bb custom_padding=\u00a0\u00bb0px||0px||false|false\u00a0\u00bb global_colors_info=\u00a0\u00bb{}\u00a0\u00bb][et_pb_column type=\u00a0\u00bb4_4&Prime; _builder_version=\u00a0\u00bb4.19.2&Prime; background_enable_color=\u00a0\u00bboff\u00a0\u00bb custom_padding=\u00a0\u00bb2%|2%|2%|2%|true|true\u00a0\u00bb global_colors_info=\u00a0\u00bb{}\u00a0\u00bb custom_padding__hover=\u00a0\u00bb|||\u00a0\u00bb][et_pb_text _builder_version=\u00a0\u00bb4.27.4&Prime; _module_preset=\u00a0\u00bb52fada98-7c13-4f2e-85e6-3ca095ac2173&Prime; global_colors_info=\u00a0\u00bb{}\u00a0\u00bb]<\/p>\n<h1>Mentions l\u00e9gales<\/h1>\n<p>[\/et_pb_text][\/et_pb_column][\/et_pb_row][\/et_pb_section][et_pb_section fb_built=\u00a0\u00bb1&Prime; _builder_version=\u00a0\u00bb4.27.4&Prime; _module_preset=\u00a0\u00bbdefault\u00a0\u00bb global_colors_info=\u00a0\u00bb{}\u00a0\u00bb][et_pb_row _builder_version=\u00a0\u00bb4.27.4&Prime; _module_preset=\u00a0\u00bbdefault\u00a0\u00bb global_colors_info=\u00a0\u00bb{}\u00a0\u00bb][et_pb_column type=\u00a0\u00bb4_4&Prime; _builder_version=\u00a0\u00bb4.27.4&Prime; _module_preset=\u00a0\u00bbdefault\u00a0\u00bb global_colors_info=\u00a0\u00bb{}\u00a0\u00bb][et_pb_text _builder_version=\u00a0\u00bb4.27.4&Prime; _module_preset=\u00a0\u00bb65e3c80d-e665-4f45-92aa-be2142e6d996&Prime; hover_enabled=\u00a0\u00bb0&Prime; global_colors_info=\u00a0\u00bb{}\u00a0\u00bb sticky_enabled=\u00a0\u00bb0&Prime;]<\/p>\n<p>G\u00e9rants<br \/>Bernd Baumann et Martin Schubert<br \/><a href=\"mailto:info@dima-maschinen.de\">info@dima-maschinen.de<\/a><br \/>T\u00e9l\u00e9phone : + 49 (0) 711 345 313<br \/>T\u00e9l\u00e9copieur : + 49 (0) 711 345 316<\/p>\n<p><strong>Dima Maschinen-Handelsgesellschaft mbH<\/strong><br \/>Fritz-M\u00fcller-Str. 123<br \/>73730 Esslingen am Neckar <\/p>\n<p>Num\u00e9ro de registre du commerce<br \/>HRB Stuttgart 213181<\/p>\n<p>Num\u00e9ro de TVA intracommunautaire conform\u00e9ment au \u00a727a de la loi sur la TVA<br \/>FR 178966410 <\/p>\n<h2>Avis juridique<\/h2>\n<p>Les contenus de nos pages web ont \u00e9t\u00e9 \u00e9labor\u00e9s et contr\u00f4l\u00e9s avec le plus grand soin. N\u00e9anmoins, il n&rsquo;est pas possible d&rsquo;exclure totalement les erreurs. Nous ne garantissons pas l&rsquo;exactitude, l&rsquo;actualit\u00e9 et l&rsquo;exhaustivit\u00e9 des contenus mis \u00e0 disposition. Si vous pensez que ce site porte atteinte \u00e0 l&rsquo;un de vos droits de propri\u00e9t\u00e9 intellectuelle, veuillez nous en informer imm\u00e9diatement par courrier \u00e9lectronique afin que nous puissions y rem\u00e9dier rapidement.   <\/p>\n<p><strong>Veuillez noter que :<\/strong><br \/>Le recours \u00e0 un avocat pour mettre en garde le fournisseur de services, qui prend beaucoup de temps, ne correspond pas \u00e0 la volont\u00e9 r\u00e9elle ou suppos\u00e9e de ce dernier. Cette pr\u00e9sence sur le web fait partie du World Wide Web et peut donc \u00eatre li\u00e9e \u00e0 des sites web \u00e9trangers, susceptibles d&rsquo;\u00e9voluer \u00e0 tout moment. Nous n&rsquo;avons aucune influence sur les sites de tiers auxquels il est fait r\u00e9f\u00e9rence par le biais de liens, de sorte que nous n&rsquo;assumons aucune responsabilit\u00e9 ni garantie quant \u00e0 leur contenu. Nous ne pouvons en aucun cas \u00eatre tenus responsables des dommages r\u00e9sultant de l&rsquo;utilisation de nos sites web ou de ceux qui y sont li\u00e9s. Toute responsabilit\u00e9 pour un manque \u00e0 gagner est \u00e9galement exclue. Nous v\u00e9rifions que les liens externes ne sont pas contraires aux bonnes m\u0153urs ou \u00e0 la loi avant de les inclure dans notre site.     <\/p>\n<h2>Droit d&rsquo;auteur<\/h2>\n<p>Tous les contenus textuels et les illustrations ainsi que la conception de ce site Web sont soumis aux droits d&rsquo;auteur et ne peuvent \u00eatre utilis\u00e9s sans l&rsquo;accord expr\u00e8s du d\u00e9tenteur des droits. Les droits d&rsquo;auteur de ce site web appartiennent \u00e0 Dima Maschinen-Handels GmbH. <\/p>\n<p>[\/et_pb_text][\/et_pb_column][\/et_pb_row][\/et_pb_section]<\/p>\n","protected":false},"excerpt":{"rendered":"<p>Mentions l\u00e9galesG\u00e9rantsBernd Baumann et Martin Schubertinfo@dima-maschinen.deT\u00e9l\u00e9phone : + 49 (0) 711 345 313T\u00e9l\u00e9copieur : + 49 (0) 711 345 316 Dima Maschinen-Handelsgesellschaft mbHFritz-M\u00fcller-Str. 12373730 Esslingen am Neckar Num\u00e9ro de registre du commerceHRB Stuttgart 213181 Num\u00e9ro de TVA intracommunautaire conform\u00e9ment au \u00a727a de la loi sur la TVAFR 178966410 Avis juridique Les contenus de nos pages [&hellip;]<\/p>\n","protected":false},"author":1,"featured_media":0,"parent":0,"menu_order":0,"comment_status":"closed","ping_status":"closed","template":"","meta":{"_et_pb_use_builder":"on","_et_pb_old_content":"","_et_gb_content_width":"","iawp_total_views":4,"footnotes":""},"dipi_cpt_category":[],"class_list":["post-2532","page","type-page","status-publish","hentry"],"_links":{"self":[{"href":"https:\/\/www.dima-maschinen.de\/fr\/wp-json\/wp\/v2\/pages\/2532","targetHints":{"allow":["GET"]}}],"collection":[{"href":"https:\/\/www.dima-maschinen.de\/fr\/wp-json\/wp\/v2\/pages"}],"about":[{"href":"https:\/\/www.dima-maschinen.de\/fr\/wp-json\/wp\/v2\/types\/page"}],"author":[{"embeddable":true,"href":"https:\/\/www.dima-maschinen.de\/fr\/wp-json\/wp\/v2\/users\/1"}],"replies":[{"embeddable":true,"href":"https:\/\/www.dima-maschinen.de\/fr\/wp-json\/wp\/v2\/comments?post=2532"}],"version-history":[{"count":0,"href":"https:\/\/www.dima-maschinen.de\/fr\/wp-json\/wp\/v2\/pages\/2532\/revisions"}],"wp:attachment":[{"href":"https:\/\/www.dima-maschinen.de\/fr\/wp-json\/wp\/v2\/media?parent=2532"}],"wp:term":[{"taxonomy":"dipi_cpt_category","embeddable":true,"href":"https:\/\/www.dima-maschinen.de\/fr\/wp-json\/wp\/v2\/dipi_cpt_category?post=2532"}],"curies":[{"name":"wp","href":"https:\/\/api.w.org\/{rel}","templated":true}]}}