{"id":2793,"date":"2024-11-19T16:07:35","date_gmt":"2024-11-19T16:07:35","guid":{"rendered":"https:\/\/dima.mmd-stuttgart.de\/produkt\/k300-300-k240-80-300-103\/"},"modified":"2025-07-10T20:11:39","modified_gmt":"2025-07-10T20:11:39","slug":"k300-300-k240-80-300-103","status":"publish","type":"product","link":"https:\/\/www.dima-maschinen.de\/fr\/produkt\/k300-300-k240-80-300-103\/","title":{"rendered":"K300\/300 - K240-80\/300.103"},"content":{"rendered":"<h3>Nos machines et \u00e9quipements de laminage Duo \/ Quarto<\/h3>\n<p>Illustration : Ligne de laminage avec pr\u00e9-enrouleur, redresseur, cisaille \u00e0 \u00e9bouter, machine \u00e0 laminer avec 2 enrouleurs et 2 dispositifs de mesure de l&rsquo;\u00e9paisseur de bande<\/p>\n","protected":false},"excerpt":{"rendered":"<h3>Laminoir industriel K300\/300 - K240-80\/300.103 Quatro<\/h3>\n<p>Dimensions du rouleau : \u2205 300 x 300 mm<\/p>\n<p>Rouleaux de travail : \u2205 80 x 300 mm<\/p>\n<p>Rouleaux d&rsquo;appui : \u2205 240 x 300 mm<\/p>\n<p>Poids total de l&rsquo;installation : 42000 kg<\/p>\n<p>Illustration : Ligne de laminage avec pr\u00e9-enrouleur, redresseur, cisaille \u00e0 \u00e9bouter, machine \u00e0 laminer avec 2 enrouleurs et 2 dispositifs de mesure de l&rsquo;\u00e9paisseur de bande<\/p>\n","protected":false},"featured_media":2042,"comment_status":"open","ping_status":"closed","template":"","meta":{"_et_pb_use_builder":"","_et_pb_old_content":"","_et_gb_content_width":"","iawp_total_views":2},"product_brand":[],"product_cat":[88,89,90,83,82],"product_tag":[],"class_list":{"0":"post-2793","1":"product","2":"type-product","3":"status-publish","4":"has-post-thumbnail","6":"product_cat-laminoirs-quarto","7":"product_cat-ligne-de-laminage-duo","8":"product_cat-ligne-de-laminage-quarto","9":"product_cat-machines-a-laminer-duo","10":"product_cat-rouleaux-industriels","12":"first","13":"instock","14":"shipping-taxable","15":"product-type-simple"},"_links":{"self":[{"href":"https:\/\/www.dima-maschinen.de\/fr\/wp-json\/wp\/v2\/product\/2793","targetHints":{"allow":["GET"]}}],"collection":[{"href":"https:\/\/www.dima-maschinen.de\/fr\/wp-json\/wp\/v2\/product"}],"about":[{"href":"https:\/\/www.dima-maschinen.de\/fr\/wp-json\/wp\/v2\/types\/product"}],"replies":[{"embeddable":true,"href":"https:\/\/www.dima-maschinen.de\/fr\/wp-json\/wp\/v2\/comments?post=2793"}],"wp:featuredmedia":[{"embeddable":true,"href":"https:\/\/www.dima-maschinen.de\/fr\/wp-json\/wp\/v2\/media\/2042"}],"wp:attachment":[{"href":"https:\/\/www.dima-maschinen.de\/fr\/wp-json\/wp\/v2\/media?parent=2793"}],"wp:term":[{"taxonomy":"product_brand","embeddable":true,"href":"https:\/\/www.dima-maschinen.de\/fr\/wp-json\/wp\/v2\/product_brand?post=2793"},{"taxonomy":"product_cat","embeddable":true,"href":"https:\/\/www.dima-maschinen.de\/fr\/wp-json\/wp\/v2\/product_cat?post=2793"},{"taxonomy":"product_tag","embeddable":true,"href":"https:\/\/www.dima-maschinen.de\/fr\/wp-json\/wp\/v2\/product_tag?post=2793"}],"curies":[{"name":"wp","href":"https:\/\/api.w.org\/{rel}","templated":true}]}}