{"id":2916,"date":"2024-11-17T23:37:27","date_gmt":"2024-11-17T23:37:27","guid":{"rendered":"https:\/\/dima.mmd-stuttgart.de\/produkt\/w-40-k-machine-a-laminer-la-tole-et-le-fil-metallique\/"},"modified":"2025-07-10T20:12:13","modified_gmt":"2025-07-10T20:12:13","slug":"w-40-k-machine-a-laminer-la-tole-et-le-fil-metallique","status":"publish","type":"product","link":"https:\/\/www.dima-maschinen.de\/fr\/produkt\/w-40-k-machine-a-laminer-la-tole-et-le-fil-metallique\/","title":{"rendered":"W 40 K Machine \u00e0 laminer la t\u00f4le et le fil m\u00e9tallique"},"content":{"rendered":"<h3>Notre laminoir combin\u00e9 le plus petit et le plus \u00e9conomique pour les orf\u00e8vres professionnels et amateurs<\/h3>\n<hr>\n<p>Les rouleaux de laminage offrent la possibilit\u00e9 de laminer aussi bien de la t\u00f4le que du fil. La machine est disponible en tant que rouleau de table ou avec un support tubulaire (\u00e0 monter sur le sol). Convient pour les m\u00e9taux pr\u00e9cieux, les m\u00e9taux non ferreux et l&rsquo;acier doux. Peinture sp\u00e9ciale possible dans n&rsquo;importe quelle couleur RAL moyennant un suppl\u00e9ment.   <\/p>\n","protected":false},"excerpt":{"rendered":"<h3>Notre laminoir combin\u00e9 le plus petit et le plus \u00e9conomique pour les orf\u00e8vres professionnels et amateurs<\/h3>\n<hr>\n<p>Les rouleaux de laminage offrent la possibilit\u00e9 de laminer aussi bien de la t\u00f4le que du fil. La machine est disponible en tant que rouleau de table ou avec un support tubulaire (\u00e0 monter sur le sol). Convient pour les m\u00e9taux pr\u00e9cieux, les m\u00e9taux non ferreux et l&rsquo;acier doux. Peinture sp\u00e9ciale possible dans n&rsquo;importe quelle couleur RAL moyennant un suppl\u00e9ment.   <\/p>\n<hr>\n<h3>Variantes<\/h3>\n<p>Peinture sp\u00e9ciale possible dans n&rsquo;importe quelle couleur RAL moyennant un suppl\u00e9ment de prix<\/p>\n","protected":false},"featured_media":1565,"comment_status":"open","ping_status":"closed","template":"","meta":{"_et_pb_use_builder":"","_et_pb_old_content":"","_et_gb_content_width":"","iawp_total_views":0},"product_brand":[],"product_cat":[113,110,112,111],"product_tag":[],"class_list":{"0":"post-2916","1":"product","2":"type-product","3":"status-publish","4":"has-post-thumbnail","6":"product_cat-rouleaux-combines","7":"product_cat-rouleaux-dorfevrerie","8":"product_cat-rouleaux-de-fil-metallique","9":"product_cat-rouleaux-de-tole","11":"first","12":"instock","13":"shipping-taxable","14":"product-type-simple"},"_links":{"self":[{"href":"https:\/\/www.dima-maschinen.de\/fr\/wp-json\/wp\/v2\/product\/2916","targetHints":{"allow":["GET"]}}],"collection":[{"href":"https:\/\/www.dima-maschinen.de\/fr\/wp-json\/wp\/v2\/product"}],"about":[{"href":"https:\/\/www.dima-maschinen.de\/fr\/wp-json\/wp\/v2\/types\/product"}],"replies":[{"embeddable":true,"href":"https:\/\/www.dima-maschinen.de\/fr\/wp-json\/wp\/v2\/comments?post=2916"}],"wp:featuredmedia":[{"embeddable":true,"href":"https:\/\/www.dima-maschinen.de\/fr\/wp-json\/wp\/v2\/media\/1565"}],"wp:attachment":[{"href":"https:\/\/www.dima-maschinen.de\/fr\/wp-json\/wp\/v2\/media?parent=2916"}],"wp:term":[{"taxonomy":"product_brand","embeddable":true,"href":"https:\/\/www.dima-maschinen.de\/fr\/wp-json\/wp\/v2\/product_brand?post=2916"},{"taxonomy":"product_cat","embeddable":true,"href":"https:\/\/www.dima-maschinen.de\/fr\/wp-json\/wp\/v2\/product_cat?post=2916"},{"taxonomy":"product_tag","embeddable":true,"href":"https:\/\/www.dima-maschinen.de\/fr\/wp-json\/wp\/v2\/product_tag?post=2916"}],"curies":[{"name":"wp","href":"https:\/\/api.w.org\/{rel}","templated":true}]}}