{"id":2917,"date":"2024-11-17T23:32:46","date_gmt":"2024-11-17T23:32:46","guid":{"rendered":"https:\/\/dima.mmd-stuttgart.de\/produkt\/w-40-d-machine-a-laminer-le-fil\/"},"modified":"2025-07-10T20:12:14","modified_gmt":"2025-07-10T20:12:14","slug":"w-40-d-machine-a-laminer-le-fil","status":"publish","type":"product","link":"https:\/\/www.dima-maschinen.de\/fr\/produkt\/w-40-d-machine-a-laminer-le-fil\/","title":{"rendered":"W 40 D Machine \u00e0 laminer le fil"},"content":{"rendered":"<h3>Notre rouleau de fil le plus petit et le plus \u00e9conomique pour l&rsquo;orf\u00e8vre professionnel ou amateur<\/h3>\n<hr>\n<p>Le rouleau pour laminer la t\u00f4le est disponible en tant que rouleau de table ou avec un support tubulaire (\u00e0 monter sur le sol). Convient pour les m\u00e9taux pr\u00e9cieux, les m\u00e9taux non ferreux et l&rsquo;acier doux. Possibilit\u00e9 de peinture sp\u00e9ciale dans n&rsquo;importe quelle couleur RAL moyennant un suppl\u00e9ment.  <\/p>\n","protected":false},"excerpt":{"rendered":"<h3>Notre rouleau de fil le plus petit et le plus \u00e9conomique pour l&rsquo;orf\u00e8vre professionnel ou amateur<\/h3>\n<hr>\n<p class=\"text-justify\">Le rouleau pour laminer la t\u00f4le est disponible en tant que rouleau de table ou avec un support tubulaire (\u00e0 monter sur le sol). Convient pour les m\u00e9taux pr\u00e9cieux, les m\u00e9taux non ferreux et l&rsquo;acier doux. Possibilit\u00e9 de peinture sp\u00e9ciale dans n&rsquo;importe quelle couleur RAL moyennant un suppl\u00e9ment.  <\/p>\n<hr>\n<h3>Variantes<\/h3>\n<p>Peinture sp\u00e9ciale possible dans n&rsquo;importe quelle couleur RAL moyennant un suppl\u00e9ment de prix<\/p>\n","protected":false},"featured_media":1565,"comment_status":"open","ping_status":"closed","template":"","meta":{"_et_pb_use_builder":"","_et_pb_old_content":"","_et_gb_content_width":"","iawp_total_views":0},"product_brand":[],"product_cat":[110,112],"product_tag":[],"class_list":{"0":"post-2917","1":"product","2":"type-product","3":"status-publish","4":"has-post-thumbnail","6":"product_cat-rouleaux-dorfevrerie","7":"product_cat-rouleaux-de-fil-metallique","9":"first","10":"instock","11":"shipping-taxable","12":"product-type-simple"},"_links":{"self":[{"href":"https:\/\/www.dima-maschinen.de\/fr\/wp-json\/wp\/v2\/product\/2917","targetHints":{"allow":["GET"]}}],"collection":[{"href":"https:\/\/www.dima-maschinen.de\/fr\/wp-json\/wp\/v2\/product"}],"about":[{"href":"https:\/\/www.dima-maschinen.de\/fr\/wp-json\/wp\/v2\/types\/product"}],"replies":[{"embeddable":true,"href":"https:\/\/www.dima-maschinen.de\/fr\/wp-json\/wp\/v2\/comments?post=2917"}],"wp:featuredmedia":[{"embeddable":true,"href":"https:\/\/www.dima-maschinen.de\/fr\/wp-json\/wp\/v2\/media\/1565"}],"wp:attachment":[{"href":"https:\/\/www.dima-maschinen.de\/fr\/wp-json\/wp\/v2\/media?parent=2917"}],"wp:term":[{"taxonomy":"product_brand","embeddable":true,"href":"https:\/\/www.dima-maschinen.de\/fr\/wp-json\/wp\/v2\/product_brand?post=2917"},{"taxonomy":"product_cat","embeddable":true,"href":"https:\/\/www.dima-maschinen.de\/fr\/wp-json\/wp\/v2\/product_cat?post=2917"},{"taxonomy":"product_tag","embeddable":true,"href":"https:\/\/www.dima-maschinen.de\/fr\/wp-json\/wp\/v2\/product_tag?post=2917"}],"curies":[{"name":"wp","href":"https:\/\/api.w.org\/{rel}","templated":true}]}}