{"id":2922,"date":"2024-11-17T23:34:46","date_gmt":"2024-11-17T23:34:46","guid":{"rendered":"https:\/\/dima.mmd-stuttgart.de\/produkt\/d-64-e-machine-a-laminer-le-fil\/"},"modified":"2025-07-10T20:12:16","modified_gmt":"2025-07-10T20:12:16","slug":"d-64-e-machine-a-laminer-le-fil","status":"publish","type":"product","link":"https:\/\/www.dima-maschinen.de\/fr\/produkt\/d-64-e-machine-a-laminer-le-fil\/","title":{"rendered":"D 64 E Machine \u00e0 laminer le fil"},"content":{"rendered":"<h3>Machine \u00e9lectrique \u00e0 laminer le fil<\/h3>\n<p>La machine \u00e0 laminer pour le laminage de fils. Les cylindres de fil sont mont\u00e9s sur des paliers lisses sans entretien. \u00c9quip\u00e9e d&rsquo;une p\u00e9dale de s\u00e9curit\u00e9 et d&rsquo;un inverseur pour l&rsquo;avance et le retour. Convient pour les m\u00e9taux pr\u00e9cieux, les m\u00e9taux non ferreux et l&rsquo;acier doux. Peinture sp\u00e9ciale possible dans n&rsquo;importe quelle couleur RAL moyennant un suppl\u00e9ment.    <\/p>\n","protected":false},"excerpt":{"rendered":"<h3>Machine \u00e9lectrique \u00e0 laminer le fil<\/h3>\n<p>\u00c9quip\u00e9 d&rsquo;une p\u00e9dale de s\u00e9curit\u00e9 et d&rsquo;un commutateur d&rsquo;inversion pour l&rsquo;avance et le retour. Convient pour les m\u00e9taux pr\u00e9cieux, les m\u00e9taux non ferreux et l&rsquo;acier doux. Peinture sp\u00e9ciale possible dans n&rsquo;importe quelle couleur RAL moyennant un suppl\u00e9ment.  <\/p>\n<hr>\n<h3>Variantes<\/h3>\n<p>Peinture sp\u00e9ciale possible dans n&rsquo;importe quelle couleur RAL moyennant un suppl\u00e9ment de prix<\/p>\n","protected":false},"featured_media":1567,"comment_status":"open","ping_status":"closed","template":"","meta":{"_et_pb_use_builder":"","_et_pb_old_content":"","_et_gb_content_width":"","iawp_total_views":1},"product_brand":[],"product_cat":[110,112,120],"product_tag":[],"class_list":{"0":"post-2922","1":"product","2":"type-product","3":"status-publish","4":"has-post-thumbnail","6":"product_cat-rouleaux-dorfevrerie","7":"product_cat-rouleaux-de-fil-metallique","8":"product_cat-rouleaux-electriques","10":"first","11":"instock","12":"shipping-taxable","13":"product-type-simple"},"_links":{"self":[{"href":"https:\/\/www.dima-maschinen.de\/fr\/wp-json\/wp\/v2\/product\/2922","targetHints":{"allow":["GET"]}}],"collection":[{"href":"https:\/\/www.dima-maschinen.de\/fr\/wp-json\/wp\/v2\/product"}],"about":[{"href":"https:\/\/www.dima-maschinen.de\/fr\/wp-json\/wp\/v2\/types\/product"}],"replies":[{"embeddable":true,"href":"https:\/\/www.dima-maschinen.de\/fr\/wp-json\/wp\/v2\/comments?post=2922"}],"wp:featuredmedia":[{"embeddable":true,"href":"https:\/\/www.dima-maschinen.de\/fr\/wp-json\/wp\/v2\/media\/1567"}],"wp:attachment":[{"href":"https:\/\/www.dima-maschinen.de\/fr\/wp-json\/wp\/v2\/media?parent=2922"}],"wp:term":[{"taxonomy":"product_brand","embeddable":true,"href":"https:\/\/www.dima-maschinen.de\/fr\/wp-json\/wp\/v2\/product_brand?post=2922"},{"taxonomy":"product_cat","embeddable":true,"href":"https:\/\/www.dima-maschinen.de\/fr\/wp-json\/wp\/v2\/product_cat?post=2922"},{"taxonomy":"product_tag","embeddable":true,"href":"https:\/\/www.dima-maschinen.de\/fr\/wp-json\/wp\/v2\/product_tag?post=2922"}],"curies":[{"name":"wp","href":"https:\/\/api.w.org\/{rel}","templated":true}]}}