{"id":2923,"date":"2024-11-17T23:23:55","date_gmt":"2024-11-17T23:23:55","guid":{"rendered":"https:\/\/dima.mmd-stuttgart.de\/produkt\/b-64-e-laminoir-a-toles\/"},"modified":"2025-07-10T20:12:17","modified_gmt":"2025-07-10T20:12:17","slug":"b-64-e-laminoir-a-toles","status":"publish","type":"product","link":"https:\/\/www.dima-maschinen.de\/fr\/produkt\/b-64-e-laminoir-a-toles\/","title":{"rendered":"B 64 E Laminoir \u00e0 t\u00f4les"},"content":{"rendered":"<h3>Laminoir \u00e9lectrique pour t\u00f4les<\/h3>\n<hr>\n<p>La machine \u00e0 laminer pour laminer les t\u00f4les. Les cylindres de laminage sont mont\u00e9s sur des paliers lisses sans entretien. \u00c9quip\u00e9e d&rsquo;une p\u00e9dale de s\u00e9curit\u00e9 et d&rsquo;un commutateur d&rsquo;inversion pour l&rsquo;avance et le retour. Convient pour les m\u00e9taux pr\u00e9cieux, les m\u00e9taux non ferreux et l&rsquo;acier doux. Peinture sp\u00e9ciale possible dans n&rsquo;importe quelle couleur RAL moyennant un suppl\u00e9ment.    <\/p>\n","protected":false},"excerpt":{"rendered":"<h3>Laminoir \u00e9lectrique pour t\u00f4les<\/h3>\n<hr>\n<p>\u00c9quip\u00e9 d&rsquo;une p\u00e9dale de s\u00e9curit\u00e9 et d&rsquo;un commutateur d&rsquo;inversion pour l&rsquo;avance et le retour. Convient pour les m\u00e9taux pr\u00e9cieux, les m\u00e9taux non ferreux et l&rsquo;acier doux. Peinture sp\u00e9ciale possible dans n&rsquo;importe quelle couleur RAL moyennant un suppl\u00e9ment.  <\/p>\n<hr>\n<h3>Variantes<\/h3>\n<p>Peinture sp\u00e9ciale possible dans n&rsquo;importe quelle couleur RAL moyennant un suppl\u00e9ment de prix<\/p>\n","protected":false},"featured_media":1566,"comment_status":"open","ping_status":"closed","template":"","meta":{"_et_pb_use_builder":"","_et_pb_old_content":"","_et_gb_content_width":"","iawp_total_views":1},"product_brand":[],"product_cat":[110,111,120],"product_tag":[],"class_list":{"0":"post-2923","1":"product","2":"type-product","3":"status-publish","4":"has-post-thumbnail","6":"product_cat-rouleaux-dorfevrerie","7":"product_cat-rouleaux-de-tole","8":"product_cat-rouleaux-electriques","10":"first","11":"instock","12":"shipping-taxable","13":"product-type-simple"},"_links":{"self":[{"href":"https:\/\/www.dima-maschinen.de\/fr\/wp-json\/wp\/v2\/product\/2923","targetHints":{"allow":["GET"]}}],"collection":[{"href":"https:\/\/www.dima-maschinen.de\/fr\/wp-json\/wp\/v2\/product"}],"about":[{"href":"https:\/\/www.dima-maschinen.de\/fr\/wp-json\/wp\/v2\/types\/product"}],"replies":[{"embeddable":true,"href":"https:\/\/www.dima-maschinen.de\/fr\/wp-json\/wp\/v2\/comments?post=2923"}],"wp:featuredmedia":[{"embeddable":true,"href":"https:\/\/www.dima-maschinen.de\/fr\/wp-json\/wp\/v2\/media\/1566"}],"wp:attachment":[{"href":"https:\/\/www.dima-maschinen.de\/fr\/wp-json\/wp\/v2\/media?parent=2923"}],"wp:term":[{"taxonomy":"product_brand","embeddable":true,"href":"https:\/\/www.dima-maschinen.de\/fr\/wp-json\/wp\/v2\/product_brand?post=2923"},{"taxonomy":"product_cat","embeddable":true,"href":"https:\/\/www.dima-maschinen.de\/fr\/wp-json\/wp\/v2\/product_cat?post=2923"},{"taxonomy":"product_tag","embeddable":true,"href":"https:\/\/www.dima-maschinen.de\/fr\/wp-json\/wp\/v2\/product_tag?post=2923"}],"curies":[{"name":"wp","href":"https:\/\/api.w.org\/{rel}","templated":true}]}}