{"id":2925,"date":"2024-11-17T23:02:39","date_gmt":"2024-11-17T23:02:39","guid":{"rendered":"https:\/\/dima.mmd-stuttgart.de\/produkt\/k-90-e-machine-a-double-laminage\/"},"modified":"2025-07-10T20:12:20","modified_gmt":"2025-07-10T20:12:20","slug":"k-90-e-machine-a-double-laminage","status":"publish","type":"product","link":"https:\/\/www.dima-maschinen.de\/fr\/produkt\/k-90-e-machine-a-double-laminage\/","title":{"rendered":"K 90 E Machine \u00e0 double laminage"},"content":{"rendered":"<h3>Laminoir \u00e9lectrique double pour t\u00f4les et fils m\u00e9talliques<\/h3>\n<h4>Le \u00ab\u00a0Goliath\u00a0\u00bb des rouleaux d&rsquo;orf\u00e8vrerie<\/h4>\n<p>Ce double rouleau est \u00e9quip\u00e9 d&rsquo;un puissant moteur triphas\u00e9 qui garantit un travail rapide et pr\u00e9cis, m\u00eame sur une grande surface de laminage.<\/p>\n<div class=\"col-md-12\">\u00c9quip\u00e9 d&rsquo;une table d&rsquo;entr\u00e9e et de sortie, d&rsquo;une p\u00e9dale de s\u00e9curit\u00e9 et d&rsquo;un inverseur pour l&rsquo;avance et le retour.<br \/>\nConvient aux m\u00e9taux pr\u00e9cieux, aux m\u00e9taux non ferreux et \u00e0 l&rsquo;acier doux.<br \/>\nPossibilit\u00e9 de peinture sp\u00e9ciale dans n&rsquo;importe quelle couleur RAL moyennant un suppl\u00e9ment.<\/div>\n","protected":false},"excerpt":{"rendered":"<h3>Laminoir \u00e9lectrique double pour t\u00f4le et fil m\u00e9tallique<\/h3>\n<hr>\n<h4>Le \u00ab\u00a0Goliath\u00a0\u00bb des rouleaux d&rsquo;orf\u00e8vrerie<\/h4>\n<p>Ce double rouleau est \u00e9quip\u00e9 d&rsquo;un puissant moteur triphas\u00e9 qui garantit un travail rapide et pr\u00e9cis, m\u00eame sur une grande surface de laminage.<\/p>\n<hr>\n<h3>Variantes<\/h3>\n<p>Peinture sp\u00e9ciale possible dans n&rsquo;importe quelle couleur RAL moyennant un suppl\u00e9ment de prix<\/p>\n","protected":false},"featured_media":1570,"comment_status":"open","ping_status":"closed","template":"","meta":{"_et_pb_use_builder":"","_et_pb_old_content":"","_et_gb_content_width":"","iawp_total_views":1},"product_brand":[],"product_cat":[110,122,120],"product_tag":[],"class_list":{"0":"post-2925","1":"product","2":"type-product","3":"status-publish","4":"has-post-thumbnail","6":"product_cat-rouleaux-dorfevrerie","7":"product_cat-rouleaux-doubles","8":"product_cat-rouleaux-electriques","10":"first","11":"instock","12":"shipping-taxable","13":"product-type-simple"},"_links":{"self":[{"href":"https:\/\/www.dima-maschinen.de\/fr\/wp-json\/wp\/v2\/product\/2925","targetHints":{"allow":["GET"]}}],"collection":[{"href":"https:\/\/www.dima-maschinen.de\/fr\/wp-json\/wp\/v2\/product"}],"about":[{"href":"https:\/\/www.dima-maschinen.de\/fr\/wp-json\/wp\/v2\/types\/product"}],"replies":[{"embeddable":true,"href":"https:\/\/www.dima-maschinen.de\/fr\/wp-json\/wp\/v2\/comments?post=2925"}],"wp:featuredmedia":[{"embeddable":true,"href":"https:\/\/www.dima-maschinen.de\/fr\/wp-json\/wp\/v2\/media\/1570"}],"wp:attachment":[{"href":"https:\/\/www.dima-maschinen.de\/fr\/wp-json\/wp\/v2\/media?parent=2925"}],"wp:term":[{"taxonomy":"product_brand","embeddable":true,"href":"https:\/\/www.dima-maschinen.de\/fr\/wp-json\/wp\/v2\/product_brand?post=2925"},{"taxonomy":"product_cat","embeddable":true,"href":"https:\/\/www.dima-maschinen.de\/fr\/wp-json\/wp\/v2\/product_cat?post=2925"},{"taxonomy":"product_tag","embeddable":true,"href":"https:\/\/www.dima-maschinen.de\/fr\/wp-json\/wp\/v2\/product_tag?post=2925"}],"curies":[{"name":"wp","href":"https:\/\/api.w.org\/{rel}","templated":true}]}}