{"id":2932,"date":"2024-11-17T22:57:59","date_gmt":"2024-11-17T22:57:59","guid":{"rendered":"https:\/\/dima.mmd-stuttgart.de\/produkt\/k-65-e-machine-a-double-laminage\/"},"modified":"2025-07-10T20:12:22","modified_gmt":"2025-07-10T20:12:22","slug":"k-65-e-machine-a-double-laminage","status":"publish","type":"product","link":"https:\/\/www.dima-maschinen.de\/fr\/produkt\/k-65-e-machine-a-double-laminage\/","title":{"rendered":"K 65 E Machine \u00e0 double laminage"},"content":{"rendered":"<h3>Laminoir \u00e9lectrique double pour t\u00f4le et fil m\u00e9tallique<\/h3>\n<h4>Notre machine \u00e9lectrique \u00e0 double rouleau la plus vendue.<\/h4>\n<p>Le rouleau motoris\u00e9, qui a fait ses preuves depuis de nombreuses ann\u00e9es, est parfaitement adapt\u00e9 aux exigences des ateliers de bijouterie, des ateliers d&rsquo;orf\u00e8vrerie, de l&rsquo;industrie de la bijouterie et des laboratoires. Son faible encombrement permet \u00e9galement de l&rsquo;installer dans de petits ateliers. <\/p>\n","protected":false},"excerpt":{"rendered":"<h3>Laminoir \u00e9lectrique double pour t\u00f4le et fil m\u00e9tallique<\/h3>\n<hr>\n<h4>Notre machine \u00e9lectrique \u00e0 double rouleau la plus vendue.<\/h4>\n<p>Le rouleau motoris\u00e9, qui a fait ses preuves depuis de nombreuses ann\u00e9es, est parfaitement adapt\u00e9 aux exigences des ateliers de bijouterie, des ateliers d&rsquo;orf\u00e8vrerie, de l&rsquo;industrie de la bijouterie et des laboratoires. Son faible encombrement permet \u00e9galement de l&rsquo;installer dans de petits ateliers. <\/p>\n<hr>\n<h3>Variantes<\/h3>\n<ul>\n<li>Supports tubulaires - presque toutes les machines sont livr\u00e9es avec des supports tubulaires<\/li>\n<li>Socle d&rsquo;\u00e9tabli - pour montage sur table<\/li>\n<li>R\u00e9glage central - pour le r\u00e9glage central des rouleaux de fil m\u00e9tallique<\/li>\n<\/ul>\n<p>Peinture sp\u00e9ciale possible dans n&rsquo;importe quelle couleur RAL moyennant un suppl\u00e9ment de prix<\/p>\n","protected":false},"featured_media":1569,"comment_status":"open","ping_status":"closed","template":"","meta":{"_et_pb_use_builder":"","_et_pb_old_content":"","_et_gb_content_width":"","iawp_total_views":1},"product_brand":[],"product_cat":[110,122,120],"product_tag":[],"class_list":{"0":"post-2932","1":"product","2":"type-product","3":"status-publish","4":"has-post-thumbnail","6":"product_cat-rouleaux-dorfevrerie","7":"product_cat-rouleaux-doubles","8":"product_cat-rouleaux-electriques","10":"first","11":"instock","12":"shipping-taxable","13":"product-type-simple"},"_links":{"self":[{"href":"https:\/\/www.dima-maschinen.de\/fr\/wp-json\/wp\/v2\/product\/2932","targetHints":{"allow":["GET"]}}],"collection":[{"href":"https:\/\/www.dima-maschinen.de\/fr\/wp-json\/wp\/v2\/product"}],"about":[{"href":"https:\/\/www.dima-maschinen.de\/fr\/wp-json\/wp\/v2\/types\/product"}],"replies":[{"embeddable":true,"href":"https:\/\/www.dima-maschinen.de\/fr\/wp-json\/wp\/v2\/comments?post=2932"}],"wp:featuredmedia":[{"embeddable":true,"href":"https:\/\/www.dima-maschinen.de\/fr\/wp-json\/wp\/v2\/media\/1569"}],"wp:attachment":[{"href":"https:\/\/www.dima-maschinen.de\/fr\/wp-json\/wp\/v2\/media?parent=2932"}],"wp:term":[{"taxonomy":"product_brand","embeddable":true,"href":"https:\/\/www.dima-maschinen.de\/fr\/wp-json\/wp\/v2\/product_brand?post=2932"},{"taxonomy":"product_cat","embeddable":true,"href":"https:\/\/www.dima-maschinen.de\/fr\/wp-json\/wp\/v2\/product_cat?post=2932"},{"taxonomy":"product_tag","embeddable":true,"href":"https:\/\/www.dima-maschinen.de\/fr\/wp-json\/wp\/v2\/product_tag?post=2932"}],"curies":[{"name":"wp","href":"https:\/\/api.w.org\/{rel}","templated":true}]}}