{"id":2946,"date":"2024-11-05T12:16:18","date_gmt":"2024-11-05T12:16:18","guid":{"rendered":"https:\/\/dima.mmd-stuttgart.de\/produkt\/k-65-machine-a-double-laminage\/"},"modified":"2025-07-10T20:12:26","modified_gmt":"2025-07-10T20:12:26","slug":"k-65-machine-a-double-laminage","status":"publish","type":"product","link":"https:\/\/www.dima-maschinen.de\/fr\/produkt\/k-65-machine-a-double-laminage\/","title":{"rendered":"K 65 Machine \u00e0 double laminage"},"content":{"rendered":"<h2>K 65 Machine \u00e0 double laminage pour t\u00f4le et fil m\u00e9tallique<\/h2>\n<h3>La machine \u00e0 laminer classique pour les orf\u00e8vres<\/h3>\n<p>Cylindre double avec une paire de cylindres pour la t\u00f4le et une paire de cylindres pour le fil. Laminoir avec grand rapport de r\u00e9duction et coussinets sans entretien pour un travail facile.<br \/>\nConvient pour les m\u00e9taux pr\u00e9cieux, les m\u00e9taux non ferreux et l&rsquo;acier doux. <\/p>\n","protected":false},"excerpt":{"rendered":"<h3>Pour la t\u00f4le et le fil m\u00e9tallique<\/h3>\n<hr>\n<h4>La machine \u00e0 laminer classique pour les orf\u00e8vres<\/h4>\n<p>Cylindre double avec une paire de cylindres pour la t\u00f4le et une paire de cylindres pour le fil. Laminoir avec grand rapport de r\u00e9duction et coussinets sans entretien pour un travail facile.<br \/>\nConvient pour les m\u00e9taux pr\u00e9cieux, les m\u00e9taux non ferreux et l&rsquo;acier doux. <\/p>\n<hr>\n<h3>Variantes<\/h3>\n<ul>\n<li>Supports tubulaires - presque toutes les machines sont livr\u00e9es avec des supports tubulaires<\/li>\n<li>Socle d&rsquo;\u00e9tabli - pour montage sur table<\/li>\n<li>R\u00e9glage central - pour le r\u00e9glage central des rouleaux de fil m\u00e9tallique<\/li>\n<\/ul>\n<p>Peinture sp\u00e9ciale possible dans n&rsquo;importe quelle couleur RAL moyennant un suppl\u00e9ment de prix<\/p>\n","protected":false},"featured_media":1568,"comment_status":"open","ping_status":"closed","template":"","meta":{"_et_pb_use_builder":"","_et_pb_old_content":"","_et_gb_content_width":"","iawp_total_views":1},"product_brand":[],"product_cat":[110,122],"product_tag":[],"class_list":{"0":"post-2946","1":"product","2":"type-product","3":"status-publish","4":"has-post-thumbnail","6":"product_cat-rouleaux-dorfevrerie","7":"product_cat-rouleaux-doubles","9":"first","10":"instock","11":"shipping-taxable","12":"product-type-simple"},"_links":{"self":[{"href":"https:\/\/www.dima-maschinen.de\/fr\/wp-json\/wp\/v2\/product\/2946","targetHints":{"allow":["GET"]}}],"collection":[{"href":"https:\/\/www.dima-maschinen.de\/fr\/wp-json\/wp\/v2\/product"}],"about":[{"href":"https:\/\/www.dima-maschinen.de\/fr\/wp-json\/wp\/v2\/types\/product"}],"replies":[{"embeddable":true,"href":"https:\/\/www.dima-maschinen.de\/fr\/wp-json\/wp\/v2\/comments?post=2946"}],"wp:featuredmedia":[{"embeddable":true,"href":"https:\/\/www.dima-maschinen.de\/fr\/wp-json\/wp\/v2\/media\/1568"}],"wp:attachment":[{"href":"https:\/\/www.dima-maschinen.de\/fr\/wp-json\/wp\/v2\/media?parent=2946"}],"wp:term":[{"taxonomy":"product_brand","embeddable":true,"href":"https:\/\/www.dima-maschinen.de\/fr\/wp-json\/wp\/v2\/product_brand?post=2946"},{"taxonomy":"product_cat","embeddable":true,"href":"https:\/\/www.dima-maschinen.de\/fr\/wp-json\/wp\/v2\/product_cat?post=2946"},{"taxonomy":"product_tag","embeddable":true,"href":"https:\/\/www.dima-maschinen.de\/fr\/wp-json\/wp\/v2\/product_tag?post=2946"}],"curies":[{"name":"wp","href":"https:\/\/api.w.org\/{rel}","templated":true}]}}